{"id":1667,"date":"2025-11-03T21:52:47","date_gmt":"2025-11-03T21:52:47","guid":{"rendered":"https:\/\/senzorika.ajvonidol.si\/?post_type=product&#038;p=1667"},"modified":"2025-12-31T08:36:14","modified_gmt":"2025-12-31T08:36:14","slug":"lestvica-luci","status":"publish","type":"product","link":"https:\/\/senzorika-varga.si\/en\/product\/lestvica-luci\/","title":{"rendered":"Lestvica lu\u010di"},"content":{"rendered":"<p>Nova oblika za 2014. Vedno priljubljena zaradi svoje preprostega in dramati\u010dnega prikaza glede na jakost zvoka. Smo vklju\u010dili novo razsvetljavo, tako da je bolj zanimiva. Razli\u010dni na\u010dini sedaj dejansko spremenijo barvo vsake pre\u010dke, kakor tudi izhodi\u0161\u010dni polo\u017eaj.<\/p>","protected":false},"excerpt":{"rendered":"<p>Lestvica lu\u010di<\/p>","protected":false},"featured_media":8853,"menu_order":0,"comment_status":"open","ping_status":"closed","template":"","meta":[],"product_brand":[],"product_cat":[71,124,70,112,125,119,107,131,68],"product_tag":[],"class_list":{"0":"post-1667","1":"product","2":"type-product","3":"status-publish","4":"has-post-thumbnail","6":"product_cat-barve","7":"product_cat-ciljanje","8":"product_cat-gledanje","9":"product_cat-odzivnost-in-nagrajevanje","10":"product_cat-snoezelen","11":"product_cat-socializacija","12":"product_cat-spoznavanje","13":"product_cat-vecta-mse","14":"product_cat-vizualni-pripomocki","16":"first","17":"instock","18":"taxable","19":"shipping-taxable","20":"purchasable","21":"product-type-simple"},"jetpack_sharing_enabled":true,"_links":{"self":[{"href":"https:\/\/senzorika-varga.si\/en\/wp-json\/wp\/v2\/product\/1667","targetHints":{"allow":["GET"]}}],"collection":[{"href":"https:\/\/senzorika-varga.si\/en\/wp-json\/wp\/v2\/product"}],"about":[{"href":"https:\/\/senzorika-varga.si\/en\/wp-json\/wp\/v2\/types\/product"}],"replies":[{"embeddable":true,"href":"https:\/\/senzorika-varga.si\/en\/wp-json\/wp\/v2\/comments?post=1667"}],"version-history":[{"count":1,"href":"https:\/\/senzorika-varga.si\/en\/wp-json\/wp\/v2\/product\/1667\/revisions"}],"predecessor-version":[{"id":1668,"href":"https:\/\/senzorika-varga.si\/en\/wp-json\/wp\/v2\/product\/1667\/revisions\/1668"}],"wp:featuredmedia":[{"embeddable":true,"href":"https:\/\/senzorika-varga.si\/en\/wp-json\/wp\/v2\/media\/8853"}],"wp:attachment":[{"href":"https:\/\/senzorika-varga.si\/en\/wp-json\/wp\/v2\/media?parent=1667"}],"wp:term":[{"taxonomy":"product_brand","embeddable":true,"href":"https:\/\/senzorika-varga.si\/en\/wp-json\/wp\/v2\/product_brand?post=1667"},{"taxonomy":"product_cat","embeddable":true,"href":"https:\/\/senzorika-varga.si\/en\/wp-json\/wp\/v2\/product_cat?post=1667"},{"taxonomy":"product_tag","embeddable":true,"href":"https:\/\/senzorika-varga.si\/en\/wp-json\/wp\/v2\/product_tag?post=1667"}],"curies":[{"name":"wp","href":"https:\/\/api.w.org\/{rel}","templated":true}]}}