{"id":1605,"date":"2025-11-03T21:52:38","date_gmt":"2025-11-03T21:52:38","guid":{"rendered":"https:\/\/senzorika.ajvonidol.si\/?post_type=product&#038;p=1605"},"modified":"2025-12-31T08:36:14","modified_gmt":"2025-12-31T08:36:14","slug":"glasbeni-kvadrati","status":"publish","type":"product","link":"https:\/\/senzorika-varga.si\/en\/product\/glasbeni-kvadrati\/","title":{"rendered":"Glasbeni kvadrati"},"content":{"rendered":"<p>To je najnovej\u0161a razli\u010dica priljubljenega sistema za grobo motoriko na stikalo z 2 stereo zvo\u010dnikoma in z neverjetnimi zvoki. Obstaja 8 razli\u010dnih zvo\u010dnih svetov, vklju\u010dno s zvoki transporta, nenavadnih zvokov in sme\u0161nih zvokov. Prav tako se lahko nadzorujejo brez\u017ei\u010dno. Lahko se dobijo tudi dodatne zvo\u010dne kartice.<\/p>","protected":false},"excerpt":{"rendered":"<p>Glasbeni kvadrati<\/p>","protected":false},"featured_media":8791,"menu_order":0,"comment_status":"open","ping_status":"closed","template":"","meta":[],"product_brand":[],"product_cat":[130,125],"product_tag":[],"class_list":{"0":"post-1605","1":"product","2":"type-product","3":"status-publish","4":"has-post-thumbnail","6":"product_cat-mehki-predmeti","7":"product_cat-snoezelen","9":"first","10":"instock","11":"taxable","12":"shipping-taxable","13":"purchasable","14":"product-type-simple"},"jetpack_sharing_enabled":true,"_links":{"self":[{"href":"https:\/\/senzorika-varga.si\/en\/wp-json\/wp\/v2\/product\/1605","targetHints":{"allow":["GET"]}}],"collection":[{"href":"https:\/\/senzorika-varga.si\/en\/wp-json\/wp\/v2\/product"}],"about":[{"href":"https:\/\/senzorika-varga.si\/en\/wp-json\/wp\/v2\/types\/product"}],"replies":[{"embeddable":true,"href":"https:\/\/senzorika-varga.si\/en\/wp-json\/wp\/v2\/comments?post=1605"}],"version-history":[{"count":1,"href":"https:\/\/senzorika-varga.si\/en\/wp-json\/wp\/v2\/product\/1605\/revisions"}],"predecessor-version":[{"id":1606,"href":"https:\/\/senzorika-varga.si\/en\/wp-json\/wp\/v2\/product\/1605\/revisions\/1606"}],"wp:featuredmedia":[{"embeddable":true,"href":"https:\/\/senzorika-varga.si\/en\/wp-json\/wp\/v2\/media\/8791"}],"wp:attachment":[{"href":"https:\/\/senzorika-varga.si\/en\/wp-json\/wp\/v2\/media?parent=1605"}],"wp:term":[{"taxonomy":"product_brand","embeddable":true,"href":"https:\/\/senzorika-varga.si\/en\/wp-json\/wp\/v2\/product_brand?post=1605"},{"taxonomy":"product_cat","embeddable":true,"href":"https:\/\/senzorika-varga.si\/en\/wp-json\/wp\/v2\/product_cat?post=1605"},{"taxonomy":"product_tag","embeddable":true,"href":"https:\/\/senzorika-varga.si\/en\/wp-json\/wp\/v2\/product_tag?post=1605"}],"curies":[{"name":"wp","href":"https:\/\/api.w.org\/{rel}","templated":true}]}}