{"id":1599,"date":"2025-11-03T21:52:37","date_gmt":"2025-11-03T21:52:37","guid":{"rendered":"https:\/\/senzorika.ajvonidol.si\/?post_type=product&#038;p=1599"},"modified":"2026-01-05T10:38:38","modified_gmt":"2026-01-05T10:38:38","slug":"navadno-brencalo","status":"publish","type":"product","link":"https:\/\/senzorika-varga.si\/en\/product\/navadno-brencalo\/","title":{"rendered":"Navadno bren\u010dalo"},"content":{"rendered":"<p>Bren\u010dala z 4 razli\u010dnimi zvoki &#8211; rog, zvonec pri boksu, zvonec in gong.<\/p>","protected":false},"excerpt":{"rendered":"<p>Navadno bren\u010dalo<\/p>","protected":false},"featured_media":4954,"menu_order":0,"comment_status":"open","ping_status":"closed","template":"","meta":[],"product_brand":[],"product_cat":[124,89,113,112,88,119,107,123,118,91],"product_tag":[],"class_list":{"0":"post-1599","1":"product","2":"type-product","3":"status-publish","4":"has-post-thumbnail","6":"product_cat-ciljanje","7":"product_cat-glasne-igrace","8":"product_cat-komunikacija","9":"product_cat-odzivnost-in-nagrajevanje","10":"product_cat-pripomocki-za-sluh","11":"product_cat-socializacija","12":"product_cat-spoznavanje","13":"product_cat-tekmovalne-igre","14":"product_cat-zvcni-obcutki","15":"product_cat-zvocni-puzzle","17":"first","18":"instock","19":"taxable","20":"shipping-taxable","21":"purchasable","22":"product-type-simple"},"jetpack_sharing_enabled":true,"_links":{"self":[{"href":"https:\/\/senzorika-varga.si\/en\/wp-json\/wp\/v2\/product\/1599","targetHints":{"allow":["GET"]}}],"collection":[{"href":"https:\/\/senzorika-varga.si\/en\/wp-json\/wp\/v2\/product"}],"about":[{"href":"https:\/\/senzorika-varga.si\/en\/wp-json\/wp\/v2\/types\/product"}],"replies":[{"embeddable":true,"href":"https:\/\/senzorika-varga.si\/en\/wp-json\/wp\/v2\/comments?post=1599"}],"version-history":[{"count":1,"href":"https:\/\/senzorika-varga.si\/en\/wp-json\/wp\/v2\/product\/1599\/revisions"}],"predecessor-version":[{"id":1600,"href":"https:\/\/senzorika-varga.si\/en\/wp-json\/wp\/v2\/product\/1599\/revisions\/1600"}],"wp:featuredmedia":[{"embeddable":true,"href":"https:\/\/senzorika-varga.si\/en\/wp-json\/wp\/v2\/media\/4954"}],"wp:attachment":[{"href":"https:\/\/senzorika-varga.si\/en\/wp-json\/wp\/v2\/media?parent=1599"}],"wp:term":[{"taxonomy":"product_brand","embeddable":true,"href":"https:\/\/senzorika-varga.si\/en\/wp-json\/wp\/v2\/product_brand?post=1599"},{"taxonomy":"product_cat","embeddable":true,"href":"https:\/\/senzorika-varga.si\/en\/wp-json\/wp\/v2\/product_cat?post=1599"},{"taxonomy":"product_tag","embeddable":true,"href":"https:\/\/senzorika-varga.si\/en\/wp-json\/wp\/v2\/product_tag?post=1599"}],"curies":[{"name":"wp","href":"https:\/\/api.w.org\/{rel}","templated":true}]}}