{"id":1597,"date":"2025-11-03T21:52:37","date_gmt":"2025-11-03T21:52:37","guid":{"rendered":"https:\/\/senzorika.ajvonidol.si\/?post_type=product&#038;p=1597"},"modified":"2026-01-05T10:39:12","modified_gmt":"2026-01-05T10:39:12","slug":"neskoncni-tunel","status":"publish","type":"product","link":"https:\/\/senzorika-varga.si\/en\/product\/neskoncni-tunel\/","title":{"rendered":"Neskon\u010dni tunel"},"content":{"rendered":"<p>Priljubljena zvo\u010dno ob\u010dutljiva iluzija, daje vtis neskon\u010dne globine, je dobila tehnolo\u0161ko prenovo. Razli\u010dni na\u010dini omogo\u010dajo razli\u010dne barve in vzorce odzivov. Nekateri na\u010dini zahtevajo hrup za spremembo, drugi pa delujejo tudi v miru. S pritiskom na zaslon lahko upognite tunel s svetlobo.<\/p>","protected":false},"excerpt":{"rendered":"<p>Neskon\u010dni tunel<\/p>","protected":false},"featured_media":8848,"menu_order":0,"comment_status":"open","ping_status":"closed","template":"","meta":[],"product_brand":[],"product_cat":[113,125,131,118],"product_tag":[],"class_list":{"0":"post-1597","1":"product","2":"type-product","3":"status-publish","4":"has-post-thumbnail","6":"product_cat-komunikacija","7":"product_cat-snoezelen","8":"product_cat-vecta-mse","9":"product_cat-zvcni-obcutki","11":"first","12":"instock","13":"taxable","14":"shipping-taxable","15":"purchasable","16":"product-type-simple"},"jetpack_sharing_enabled":true,"_links":{"self":[{"href":"https:\/\/senzorika-varga.si\/en\/wp-json\/wp\/v2\/product\/1597","targetHints":{"allow":["GET"]}}],"collection":[{"href":"https:\/\/senzorika-varga.si\/en\/wp-json\/wp\/v2\/product"}],"about":[{"href":"https:\/\/senzorika-varga.si\/en\/wp-json\/wp\/v2\/types\/product"}],"replies":[{"embeddable":true,"href":"https:\/\/senzorika-varga.si\/en\/wp-json\/wp\/v2\/comments?post=1597"}],"version-history":[{"count":1,"href":"https:\/\/senzorika-varga.si\/en\/wp-json\/wp\/v2\/product\/1597\/revisions"}],"predecessor-version":[{"id":1598,"href":"https:\/\/senzorika-varga.si\/en\/wp-json\/wp\/v2\/product\/1597\/revisions\/1598"}],"wp:featuredmedia":[{"embeddable":true,"href":"https:\/\/senzorika-varga.si\/en\/wp-json\/wp\/v2\/media\/8848"}],"wp:attachment":[{"href":"https:\/\/senzorika-varga.si\/en\/wp-json\/wp\/v2\/media?parent=1597"}],"wp:term":[{"taxonomy":"product_brand","embeddable":true,"href":"https:\/\/senzorika-varga.si\/en\/wp-json\/wp\/v2\/product_brand?post=1597"},{"taxonomy":"product_cat","embeddable":true,"href":"https:\/\/senzorika-varga.si\/en\/wp-json\/wp\/v2\/product_cat?post=1597"},{"taxonomy":"product_tag","embeddable":true,"href":"https:\/\/senzorika-varga.si\/en\/wp-json\/wp\/v2\/product_tag?post=1597"}],"curies":[{"name":"wp","href":"https:\/\/api.w.org\/{rel}","templated":true}]}}