{"id":1577,"date":"2025-11-03T21:52:35","date_gmt":"2025-11-03T21:52:35","guid":{"rendered":"https:\/\/senzorika.ajvonidol.si\/?post_type=product&#038;p=1577"},"modified":"2025-12-31T08:33:38","modified_gmt":"2025-12-31T08:33:38","slug":"senzoricna-zavesa","status":"publish","type":"product","link":"https:\/\/senzorika-varga.si\/en\/product\/senzoricna-zavesa\/","title":{"rendered":"Senzori\u010dna zavesa"},"content":{"rendered":"<div><!--block-->Na\u0161a trpe\u017ena lesena zavesa iz kroglic je popolna senzori\u010dna igra\u010da za taktilno stimulacijo. Ta igra\u010da, ki je zvo\u010dno prijetna in pomirjujo\u010da za igranje, je zelo priljubljena pri osebah z avtisti\u010dnim spektrom in pomaga spodbujati razvoj fine motorike.<\/div>","protected":false},"excerpt":{"rendered":"<p>Senzori\u010dna zavesa<\/p>","protected":false},"featured_media":5290,"menu_order":0,"comment_status":"open","ping_status":"closed","template":"","meta":[],"product_brand":[],"product_cat":[102,101,86,104,80,105],"product_tag":[],"class_list":{"0":"post-1577","1":"product","2":"type-product","3":"status-publish","4":"has-post-thumbnail","6":"product_cat-fina-motorika","7":"product_cat-motorika","8":"product_cat-prstne-igrace","9":"product_cat-seganje","10":"product_cat-taktilni-pripomocki","11":"product_cat-terapija","13":"first","14":"instock","15":"taxable","16":"shipping-taxable","17":"purchasable","18":"product-type-simple"},"jetpack_sharing_enabled":true,"_links":{"self":[{"href":"https:\/\/senzorika-varga.si\/en\/wp-json\/wp\/v2\/product\/1577","targetHints":{"allow":["GET"]}}],"collection":[{"href":"https:\/\/senzorika-varga.si\/en\/wp-json\/wp\/v2\/product"}],"about":[{"href":"https:\/\/senzorika-varga.si\/en\/wp-json\/wp\/v2\/types\/product"}],"replies":[{"embeddable":true,"href":"https:\/\/senzorika-varga.si\/en\/wp-json\/wp\/v2\/comments?post=1577"}],"version-history":[{"count":1,"href":"https:\/\/senzorika-varga.si\/en\/wp-json\/wp\/v2\/product\/1577\/revisions"}],"predecessor-version":[{"id":1578,"href":"https:\/\/senzorika-varga.si\/en\/wp-json\/wp\/v2\/product\/1577\/revisions\/1578"}],"wp:featuredmedia":[{"embeddable":true,"href":"https:\/\/senzorika-varga.si\/en\/wp-json\/wp\/v2\/media\/5290"}],"wp:attachment":[{"href":"https:\/\/senzorika-varga.si\/en\/wp-json\/wp\/v2\/media?parent=1577"}],"wp:term":[{"taxonomy":"product_brand","embeddable":true,"href":"https:\/\/senzorika-varga.si\/en\/wp-json\/wp\/v2\/product_brand?post=1577"},{"taxonomy":"product_cat","embeddable":true,"href":"https:\/\/senzorika-varga.si\/en\/wp-json\/wp\/v2\/product_cat?post=1577"},{"taxonomy":"product_tag","embeddable":true,"href":"https:\/\/senzorika-varga.si\/en\/wp-json\/wp\/v2\/product_tag?post=1577"}],"curies":[{"name":"wp","href":"https:\/\/api.w.org\/{rel}","templated":true}]}}