{"id":1531,"date":"2025-11-03T21:52:13","date_gmt":"2025-11-03T21:52:13","guid":{"rendered":"https:\/\/senzorika.ajvonidol.si\/?post_type=product&#038;p=1531"},"modified":"2025-12-31T08:34:15","modified_gmt":"2025-12-31T08:34:15","slug":"pas-deluxe","status":"publish","type":"product","link":"https:\/\/senzorika-varga.si\/en\/product\/pas-deluxe\/","title":{"rendered":"Pas Deluxe"},"content":{"rendered":"<div><!--block-->Pas iz Hi-tech materiala nudi udobnost, se hitro su\u0161i in omogo\u010da termi\u010dno kontrolo.<\/p>\n<p>POZOR! To je nadomestni pas. Ob nakupu na\u0161ih gugalnic TFH je ta pas prilo\u017een, vendar ga bo morda treba \u010dez \u010das zamenjati, potem pa je to artikel, ki ga kupujete.<\/p>\n<p>Pas je zasnovan tako, da se prilega na\u0161i gugalnici TFH in nudi zelo udobno podporo trupu, ki uporabniku pomaga pri doseganju in ohranjanju dobre dr\u017ee med nihanjem. Z name\u0161\u010denimi trakovi lahko prilagodite pas glede na uporabnika.<\/p>\n<p>Material je mehak in pro\u017een, lahko se obri\u0161e in hitro su\u0161i.<\/p>\n<p>Gugalnik in stojalo za gugalnico sta naprodaj lo\u010deno.<\/p><\/div>","protected":false},"excerpt":{"rendered":"<p>Pas Deluxe<\/p>","protected":false},"featured_media":8243,"menu_order":0,"comment_status":"open","ping_status":"closed","template":"","meta":[],"product_brand":[],"product_cat":[76,98,95,75],"product_tag":[],"class_list":{"0":"post-1531","1":"product","2":"type-product","3":"status-publish","4":"has-post-thumbnail","6":"product_cat-gugalnice","7":"product_cat-obcutek-telesa","8":"product_cat-propriocepcija","9":"product_cat-vestibularni-pripomocki","11":"first","12":"instock","13":"taxable","14":"shipping-taxable","15":"purchasable","16":"product-type-simple"},"jetpack_sharing_enabled":true,"_links":{"self":[{"href":"https:\/\/senzorika-varga.si\/en\/wp-json\/wp\/v2\/product\/1531","targetHints":{"allow":["GET"]}}],"collection":[{"href":"https:\/\/senzorika-varga.si\/en\/wp-json\/wp\/v2\/product"}],"about":[{"href":"https:\/\/senzorika-varga.si\/en\/wp-json\/wp\/v2\/types\/product"}],"replies":[{"embeddable":true,"href":"https:\/\/senzorika-varga.si\/en\/wp-json\/wp\/v2\/comments?post=1531"}],"version-history":[{"count":1,"href":"https:\/\/senzorika-varga.si\/en\/wp-json\/wp\/v2\/product\/1531\/revisions"}],"predecessor-version":[{"id":1532,"href":"https:\/\/senzorika-varga.si\/en\/wp-json\/wp\/v2\/product\/1531\/revisions\/1532"}],"wp:featuredmedia":[{"embeddable":true,"href":"https:\/\/senzorika-varga.si\/en\/wp-json\/wp\/v2\/media\/8243"}],"wp:attachment":[{"href":"https:\/\/senzorika-varga.si\/en\/wp-json\/wp\/v2\/media?parent=1531"}],"wp:term":[{"taxonomy":"product_brand","embeddable":true,"href":"https:\/\/senzorika-varga.si\/en\/wp-json\/wp\/v2\/product_brand?post=1531"},{"taxonomy":"product_cat","embeddable":true,"href":"https:\/\/senzorika-varga.si\/en\/wp-json\/wp\/v2\/product_cat?post=1531"},{"taxonomy":"product_tag","embeddable":true,"href":"https:\/\/senzorika-varga.si\/en\/wp-json\/wp\/v2\/product_tag?post=1531"}],"curies":[{"name":"wp","href":"https:\/\/api.w.org\/{rel}","templated":true}]}}