{"id":1451,"date":"2025-11-03T21:51:39","date_gmt":"2025-11-03T21:51:39","guid":{"rendered":"https:\/\/senzorika.ajvonidol.si\/?post_type=product&#038;p=1451"},"modified":"2026-01-05T10:49:14","modified_gmt":"2026-01-05T10:49:14","slug":"mala-zracna-blazina","status":"publish","type":"product","link":"https:\/\/senzorika-varga.si\/en\/product\/mala-zracna-blazina\/","title":{"rendered":"Mala zra\u010dna blazina"},"content":{"rendered":"<p>Na blazini se lahko sedi, stoji ali kle\u010di. Vsaka stran ima na otip druga\u010dno povr\u0161ino.<\/p>","protected":false},"excerpt":{"rendered":"<p>Mala zra\u010dna blazina<\/p>","protected":false},"featured_media":7455,"menu_order":0,"comment_status":"open","ping_status":"closed","template":"","meta":[],"product_brand":[],"product_cat":[101,98,95,67,105],"product_tag":[],"class_list":{"0":"post-1451","1":"product","2":"type-product","3":"status-publish","4":"has-post-thumbnail","6":"product_cat-motorika","7":"product_cat-obcutek-telesa","8":"product_cat-propriocepcija","9":"product_cat-ravnotezje","10":"product_cat-terapija","12":"first","13":"instock","14":"taxable","15":"shipping-taxable","16":"purchasable","17":"product-type-simple"},"jetpack_sharing_enabled":true,"_links":{"self":[{"href":"https:\/\/senzorika-varga.si\/en\/wp-json\/wp\/v2\/product\/1451","targetHints":{"allow":["GET"]}}],"collection":[{"href":"https:\/\/senzorika-varga.si\/en\/wp-json\/wp\/v2\/product"}],"about":[{"href":"https:\/\/senzorika-varga.si\/en\/wp-json\/wp\/v2\/types\/product"}],"replies":[{"embeddable":true,"href":"https:\/\/senzorika-varga.si\/en\/wp-json\/wp\/v2\/comments?post=1451"}],"version-history":[{"count":1,"href":"https:\/\/senzorika-varga.si\/en\/wp-json\/wp\/v2\/product\/1451\/revisions"}],"predecessor-version":[{"id":1452,"href":"https:\/\/senzorika-varga.si\/en\/wp-json\/wp\/v2\/product\/1451\/revisions\/1452"}],"wp:featuredmedia":[{"embeddable":true,"href":"https:\/\/senzorika-varga.si\/en\/wp-json\/wp\/v2\/media\/7455"}],"wp:attachment":[{"href":"https:\/\/senzorika-varga.si\/en\/wp-json\/wp\/v2\/media?parent=1451"}],"wp:term":[{"taxonomy":"product_brand","embeddable":true,"href":"https:\/\/senzorika-varga.si\/en\/wp-json\/wp\/v2\/product_brand?post=1451"},{"taxonomy":"product_cat","embeddable":true,"href":"https:\/\/senzorika-varga.si\/en\/wp-json\/wp\/v2\/product_cat?post=1451"},{"taxonomy":"product_tag","embeddable":true,"href":"https:\/\/senzorika-varga.si\/en\/wp-json\/wp\/v2\/product_tag?post=1451"}],"curies":[{"name":"wp","href":"https:\/\/api.w.org\/{rel}","templated":true}]}}