{"id":1429,"date":"2025-11-03T21:51:34","date_gmt":"2025-11-03T21:51:34","guid":{"rendered":"https:\/\/senzorika.ajvonidol.si\/?post_type=product&#038;p=1429"},"modified":"2025-12-31T08:33:31","modified_gmt":"2025-12-31T08:33:31","slug":"stopinje","status":"publish","type":"product","link":"https:\/\/senzorika-varga.si\/en\/product\/stopinje\/","title":{"rendered":"Stopinje"},"content":{"rendered":"<div><span dir=\"auto\">\u010ce ste nekdo, ki potrebuje dodaten senzori\u010dni vnos, so Stopinje &#8211; Footnotes odli\u010dne za vas. Vsaki\u010d, ko stopite na Footnotes, ta ustvari zvok! Lahko jih razprostrete po tleh in ska\u010dete po njih, pri \u010demer ustvarjate zvoke ali pa se z njimi igrate z rokami. <\/span><\/div>\n<div><\/div>\n<div><span dir=\"auto\">Barve so o\u010darljive in lepe na pogled. To je odli\u010den na\u010din za dru\u017eenje, saj se lahko igrate z ve\u010d osebami, zaradi \u010desar je igra bolj zabavna.\u00a0<\/span><\/p>\n<p><span dir=\"auto\">Footnotes je igra, ki se osredoto\u010da na gibanje in razvija motori\u010dne sposobnosti ter krepi mi\u0161ice.\u00a0<\/span><\/p>\n<p><span dir=\"auto\">Funkcije<\/span><\/div>\n<ul>\n<li><span dir=\"auto\">Komplet osem notnih stopnic<\/span><\/li>\n<li><span dir=\"auto\">Te blazinice uporabljajo Suzukijevo tehnologijo jezi\u010dka, kjer pritisk na igralno povr\u0161ino aktivira meh, ki igra jezi\u010dek<\/span><\/li>\n<li><span dir=\"auto\">Ena cela oktava, ki se za\u010dne s C<\/span><\/li>\n<li><span dir=\"auto\">Na vsaki blazinici sta natisnjena nota in nota.<\/span><\/li>\n<li><span dir=\"auto\">Naj otroci zaigrajo pesem, saj vsak otrok dobi dolo\u010deno noto, ki jo mora zaigrati.<\/span><\/li>\n<li><span dir=\"auto\">Premer blazine: 30 cm, najve\u010dja te\u017ea: 80 kg.<\/span><\/li>\n<\/ul>","protected":false},"excerpt":{"rendered":"<p>Stopinje &#8211; Glasbeni odsko\u010dni kamni<\/p>","protected":false},"featured_media":5002,"menu_order":0,"comment_status":"open","ping_status":"closed","template":"","meta":[],"product_brand":[],"product_cat":[106,89,101,88,67,104,125,105],"product_tag":[],"class_list":{"0":"post-1429","1":"product","2":"type-product","3":"status-publish","4":"has-post-thumbnail","6":"product_cat-gibanje","7":"product_cat-glasne-igrace","8":"product_cat-motorika","9":"product_cat-pripomocki-za-sluh","10":"product_cat-ravnotezje","11":"product_cat-seganje","12":"product_cat-snoezelen","13":"product_cat-terapija","15":"first","16":"instock","17":"taxable","18":"shipping-taxable","19":"purchasable","20":"product-type-simple"},"jetpack_sharing_enabled":true,"_links":{"self":[{"href":"https:\/\/senzorika-varga.si\/en\/wp-json\/wp\/v2\/product\/1429","targetHints":{"allow":["GET"]}}],"collection":[{"href":"https:\/\/senzorika-varga.si\/en\/wp-json\/wp\/v2\/product"}],"about":[{"href":"https:\/\/senzorika-varga.si\/en\/wp-json\/wp\/v2\/types\/product"}],"replies":[{"embeddable":true,"href":"https:\/\/senzorika-varga.si\/en\/wp-json\/wp\/v2\/comments?post=1429"}],"version-history":[{"count":3,"href":"https:\/\/senzorika-varga.si\/en\/wp-json\/wp\/v2\/product\/1429\/revisions"}],"predecessor-version":[{"id":9797,"href":"https:\/\/senzorika-varga.si\/en\/wp-json\/wp\/v2\/product\/1429\/revisions\/9797"}],"wp:featuredmedia":[{"embeddable":true,"href":"https:\/\/senzorika-varga.si\/en\/wp-json\/wp\/v2\/media\/5002"}],"wp:attachment":[{"href":"https:\/\/senzorika-varga.si\/en\/wp-json\/wp\/v2\/media?parent=1429"}],"wp:term":[{"taxonomy":"product_brand","embeddable":true,"href":"https:\/\/senzorika-varga.si\/en\/wp-json\/wp\/v2\/product_brand?post=1429"},{"taxonomy":"product_cat","embeddable":true,"href":"https:\/\/senzorika-varga.si\/en\/wp-json\/wp\/v2\/product_cat?post=1429"},{"taxonomy":"product_tag","embeddable":true,"href":"https:\/\/senzorika-varga.si\/en\/wp-json\/wp\/v2\/product_tag?post=1429"}],"curies":[{"name":"wp","href":"https:\/\/api.w.org\/{rel}","templated":true}]}}