{"id":1415,"date":"2025-11-03T21:51:31","date_gmt":"2025-11-03T21:51:31","guid":{"rendered":"https:\/\/senzorika.ajvonidol.si\/?post_type=product&#038;p=1415"},"modified":"2025-12-31T08:34:42","modified_gmt":"2025-12-31T08:34:42","slug":"velik-poskocni-stol","status":"publish","type":"product","link":"https:\/\/senzorika-varga.si\/en\/product\/velik-poskocni-stol\/","title":{"rendered":"Velik posko\u010dni stol"},"content":{"rendered":"<div><!--block-->Za ve\u010dje in mo\u010dnej\u0161e otroke do 9 leta starosti s te\u017eo od 25 do 30 kg; vi\u0161ina od sede\u017ea do vrha okvirja 80 cm; \u0161irina 50 cm; globina sede\u017ea 27 cm.<\/div>","protected":false},"excerpt":{"rendered":"<p>Velik posko\u010dni stol<\/p>","protected":false},"featured_media":7566,"menu_order":0,"comment_status":"open","ping_status":"closed","template":"","meta":[],"product_brand":[],"product_cat":[78,75],"product_tag":[],"class_list":{"0":"post-1415","1":"product","2":"type-product","3":"status-publish","4":"has-post-thumbnail","6":"product_cat-senzorna-integracija","7":"product_cat-vestibularni-pripomocki","9":"first","10":"instock","11":"taxable","12":"shipping-taxable","13":"purchasable","14":"product-type-simple"},"jetpack_sharing_enabled":true,"_links":{"self":[{"href":"https:\/\/senzorika-varga.si\/en\/wp-json\/wp\/v2\/product\/1415","targetHints":{"allow":["GET"]}}],"collection":[{"href":"https:\/\/senzorika-varga.si\/en\/wp-json\/wp\/v2\/product"}],"about":[{"href":"https:\/\/senzorika-varga.si\/en\/wp-json\/wp\/v2\/types\/product"}],"replies":[{"embeddable":true,"href":"https:\/\/senzorika-varga.si\/en\/wp-json\/wp\/v2\/comments?post=1415"}],"version-history":[{"count":1,"href":"https:\/\/senzorika-varga.si\/en\/wp-json\/wp\/v2\/product\/1415\/revisions"}],"predecessor-version":[{"id":1416,"href":"https:\/\/senzorika-varga.si\/en\/wp-json\/wp\/v2\/product\/1415\/revisions\/1416"}],"wp:featuredmedia":[{"embeddable":true,"href":"https:\/\/senzorika-varga.si\/en\/wp-json\/wp\/v2\/media\/7566"}],"wp:attachment":[{"href":"https:\/\/senzorika-varga.si\/en\/wp-json\/wp\/v2\/media?parent=1415"}],"wp:term":[{"taxonomy":"product_brand","embeddable":true,"href":"https:\/\/senzorika-varga.si\/en\/wp-json\/wp\/v2\/product_brand?post=1415"},{"taxonomy":"product_cat","embeddable":true,"href":"https:\/\/senzorika-varga.si\/en\/wp-json\/wp\/v2\/product_cat?post=1415"},{"taxonomy":"product_tag","embeddable":true,"href":"https:\/\/senzorika-varga.si\/en\/wp-json\/wp\/v2\/product_tag?post=1415"}],"curies":[{"name":"wp","href":"https:\/\/api.w.org\/{rel}","templated":true}]}}