{"id":1403,"date":"2025-11-03T21:51:30","date_gmt":"2025-11-03T21:51:30","guid":{"rendered":"https:\/\/senzorika.ajvonidol.si\/?post_type=product&#038;p=1403"},"modified":"2026-01-11T22:38:10","modified_gmt":"2026-01-11T22:38:10","slug":"mse-genie-1","status":"publish","type":"product","link":"https:\/\/senzorika-varga.si\/en\/product\/mse-genie-1\/","title":{"rendered":"MSE Genie 1 &#8211; Prenesite iz APPstore"},"content":{"rendered":"<div><!--block-->Na voljo na App Store. Zahteva najmanj iPad 3 \/ iPhone 4s. Na starej\u0161ih ne deluje. Za ceno po\u0161ljite povpra\u0161evanje!<\/div>","protected":false},"excerpt":{"rendered":"<p>MSE Genie 1 &#8211; Prenesite iz APPstore<\/p>","protected":false},"featured_media":8654,"menu_order":0,"comment_status":"open","ping_status":"closed","template":"","meta":[],"product_brand":[],"product_cat":[132,127,125,128],"product_tag":[],"class_list":{"0":"post-1403","1":"product","2":"type-product","3":"status-publish","4":"has-post-thumbnail","6":"product_cat-mse-kontrolniki","7":"product_cat-opticna-vlakna","8":"product_cat-snoezelen","9":"product_cat-vodni-stolpi","11":"first","12":"instock","13":"taxable","14":"shipping-taxable","15":"purchasable","16":"product-type-simple"},"jetpack_sharing_enabled":true,"_links":{"self":[{"href":"https:\/\/senzorika-varga.si\/en\/wp-json\/wp\/v2\/product\/1403","targetHints":{"allow":["GET"]}}],"collection":[{"href":"https:\/\/senzorika-varga.si\/en\/wp-json\/wp\/v2\/product"}],"about":[{"href":"https:\/\/senzorika-varga.si\/en\/wp-json\/wp\/v2\/types\/product"}],"replies":[{"embeddable":true,"href":"https:\/\/senzorika-varga.si\/en\/wp-json\/wp\/v2\/comments?post=1403"}],"version-history":[{"count":1,"href":"https:\/\/senzorika-varga.si\/en\/wp-json\/wp\/v2\/product\/1403\/revisions"}],"predecessor-version":[{"id":1404,"href":"https:\/\/senzorika-varga.si\/en\/wp-json\/wp\/v2\/product\/1403\/revisions\/1404"}],"wp:featuredmedia":[{"embeddable":true,"href":"https:\/\/senzorika-varga.si\/en\/wp-json\/wp\/v2\/media\/8654"}],"wp:attachment":[{"href":"https:\/\/senzorika-varga.si\/en\/wp-json\/wp\/v2\/media?parent=1403"}],"wp:term":[{"taxonomy":"product_brand","embeddable":true,"href":"https:\/\/senzorika-varga.si\/en\/wp-json\/wp\/v2\/product_brand?post=1403"},{"taxonomy":"product_cat","embeddable":true,"href":"https:\/\/senzorika-varga.si\/en\/wp-json\/wp\/v2\/product_cat?post=1403"},{"taxonomy":"product_tag","embeddable":true,"href":"https:\/\/senzorika-varga.si\/en\/wp-json\/wp\/v2\/product_tag?post=1403"}],"curies":[{"name":"wp","href":"https:\/\/api.w.org\/{rel}","templated":true}]}}