{"id":1341,"date":"2025-11-03T21:51:21","date_gmt":"2025-11-03T21:51:21","guid":{"rendered":"https:\/\/senzorika.ajvonidol.si\/?post_type=product&#038;p=1341"},"modified":"2026-01-05T11:42:40","modified_gmt":"2026-01-05T11:42:40","slug":"bodhran-boben","status":"publish","type":"product","link":"https:\/\/senzorika-varga.si\/en\/product\/bodhran-boben\/","title":{"rendered":"Bodhran Boben"},"content":{"rendered":"<p>Debelej\u0161a kravja ko\u017ea, ki je napeta preko mo\u010dnih bukovih okvirjev, daje ne\u017een zvok. Prijetna uporaba.<\/p>","protected":false},"excerpt":{"rendered":"<p>Bodhran Boben<\/p>","protected":false},"featured_media":4969,"menu_order":0,"comment_status":"open","ping_status":"closed","template":"","meta":[],"product_brand":[],"product_cat":[94,116,89,113,88],"product_tag":[],"class_list":{"0":"post-1341","1":"product","2":"type-product","3":"status-publish","4":"has-post-thumbnail","6":"product_cat-ambient","7":"product_cat-glasbeni-instrumenti","8":"product_cat-glasne-igrace","9":"product_cat-komunikacija","10":"product_cat-pripomocki-za-sluh","12":"first","13":"instock","14":"taxable","15":"shipping-taxable","16":"purchasable","17":"product-type-simple"},"jetpack_sharing_enabled":true,"_links":{"self":[{"href":"https:\/\/senzorika-varga.si\/en\/wp-json\/wp\/v2\/product\/1341","targetHints":{"allow":["GET"]}}],"collection":[{"href":"https:\/\/senzorika-varga.si\/en\/wp-json\/wp\/v2\/product"}],"about":[{"href":"https:\/\/senzorika-varga.si\/en\/wp-json\/wp\/v2\/types\/product"}],"replies":[{"embeddable":true,"href":"https:\/\/senzorika-varga.si\/en\/wp-json\/wp\/v2\/comments?post=1341"}],"version-history":[{"count":1,"href":"https:\/\/senzorika-varga.si\/en\/wp-json\/wp\/v2\/product\/1341\/revisions"}],"predecessor-version":[{"id":1342,"href":"https:\/\/senzorika-varga.si\/en\/wp-json\/wp\/v2\/product\/1341\/revisions\/1342"}],"wp:featuredmedia":[{"embeddable":true,"href":"https:\/\/senzorika-varga.si\/en\/wp-json\/wp\/v2\/media\/4969"}],"wp:attachment":[{"href":"https:\/\/senzorika-varga.si\/en\/wp-json\/wp\/v2\/media?parent=1341"}],"wp:term":[{"taxonomy":"product_brand","embeddable":true,"href":"https:\/\/senzorika-varga.si\/en\/wp-json\/wp\/v2\/product_brand?post=1341"},{"taxonomy":"product_cat","embeddable":true,"href":"https:\/\/senzorika-varga.si\/en\/wp-json\/wp\/v2\/product_cat?post=1341"},{"taxonomy":"product_tag","embeddable":true,"href":"https:\/\/senzorika-varga.si\/en\/wp-json\/wp\/v2\/product_tag?post=1341"}],"curies":[{"name":"wp","href":"https:\/\/api.w.org\/{rel}","templated":true}]}}