{"id":1331,"date":"2025-11-03T21:51:21","date_gmt":"2025-11-03T21:51:21","guid":{"rendered":"https:\/\/senzorika.ajvonidol.si\/?post_type=product&#038;p=1331"},"modified":"2025-12-31T08:33:25","modified_gmt":"2025-12-31T08:33:25","slug":"vodni-stolp-z-mehurcki","status":"publish","type":"product","link":"https:\/\/senzorika-varga.si\/en\/product\/vodni-stolp-z-mehurcki\/","title":{"rendered":"Vodni stolp z mehur\u010dki 120cm 10cm \u00d8"},"content":{"rendered":"<div><!--block-->Vodni stolp z mehur\u010dki, mo\u017enost reguliranja mehur\u010dkov s stikalom (stikalo ni vklju\u010deno). Barve so najbolj vidne v temnem prostoru. Nekoliko tanj\u0161i vodni stolp.<\/p>\n<p>Preprost vodni stolp. Barve se po\u010dasi samodejno spreminjajo.<\/p>\n<p>Za polnjenje tega stolpa je potrebnih 12 litrov vode. Priporo\u010damo na\u0161o deionizirano vodo in sredstvo za prepre\u010devanje alg.<\/p>\n<p>Varnost: \u010ce menite, da obstaja nevarnost, da bi se med igro prevrnil, priporo\u010damo, da cev z mehur\u010dki postavite na podstavek ali jo pritrdite z na\u0161im stenskim nosilcem, ki je na voljo kot dodatna oprema s kodo: 9BCBRB.<\/p>\n<p>Prosto dopolnite z ribami: https:\/\/senzorika-varga.si\/mse\/riba.html.<\/p><\/div>","protected":false},"excerpt":{"rendered":"<p>Vodni stolp z mehur\u010dki 120cm 10cm \u00d8<\/p>","protected":false},"featured_media":8425,"menu_order":0,"comment_status":"open","ping_status":"closed","template":"","meta":[],"product_brand":[],"product_cat":[71,70,125,68,128],"product_tag":[],"class_list":{"0":"post-1331","1":"product","2":"type-product","3":"status-publish","4":"has-post-thumbnail","6":"product_cat-barve","7":"product_cat-gledanje","8":"product_cat-snoezelen","9":"product_cat-vizualni-pripomocki","10":"product_cat-vodni-stolpi","12":"first","13":"instock","14":"taxable","15":"shipping-taxable","16":"purchasable","17":"product-type-simple"},"jetpack_sharing_enabled":true,"_links":{"self":[{"href":"https:\/\/senzorika-varga.si\/en\/wp-json\/wp\/v2\/product\/1331","targetHints":{"allow":["GET"]}}],"collection":[{"href":"https:\/\/senzorika-varga.si\/en\/wp-json\/wp\/v2\/product"}],"about":[{"href":"https:\/\/senzorika-varga.si\/en\/wp-json\/wp\/v2\/types\/product"}],"replies":[{"embeddable":true,"href":"https:\/\/senzorika-varga.si\/en\/wp-json\/wp\/v2\/comments?post=1331"}],"version-history":[{"count":3,"href":"https:\/\/senzorika-varga.si\/en\/wp-json\/wp\/v2\/product\/1331\/revisions"}],"predecessor-version":[{"id":9754,"href":"https:\/\/senzorika-varga.si\/en\/wp-json\/wp\/v2\/product\/1331\/revisions\/9754"}],"wp:featuredmedia":[{"embeddable":true,"href":"https:\/\/senzorika-varga.si\/en\/wp-json\/wp\/v2\/media\/8425"}],"wp:attachment":[{"href":"https:\/\/senzorika-varga.si\/en\/wp-json\/wp\/v2\/media?parent=1331"}],"wp:term":[{"taxonomy":"product_brand","embeddable":true,"href":"https:\/\/senzorika-varga.si\/en\/wp-json\/wp\/v2\/product_brand?post=1331"},{"taxonomy":"product_cat","embeddable":true,"href":"https:\/\/senzorika-varga.si\/en\/wp-json\/wp\/v2\/product_cat?post=1331"},{"taxonomy":"product_tag","embeddable":true,"href":"https:\/\/senzorika-varga.si\/en\/wp-json\/wp\/v2\/product_tag?post=1331"}],"curies":[{"name":"wp","href":"https:\/\/api.w.org\/{rel}","templated":true}]}}