{"id":1295,"date":"2025-11-03T21:51:17","date_gmt":"2025-11-03T21:51:17","guid":{"rendered":"https:\/\/senzorika.ajvonidol.si\/?post_type=product&#038;p=1295"},"modified":"2025-12-31T08:33:58","modified_gmt":"2025-12-31T08:33:58","slug":"otezen-brezrokavnik-odrasli","status":"publish","type":"product","link":"https:\/\/senzorika-varga.si\/en\/product\/otezen-brezrokavnik-odrasli\/","title":{"rendered":"Obte\u017een brezrokavnik &#8211; Odrasli"},"content":{"rendered":"<div><!--block-->Te\u017enostno in nenehno prijetno opozarja na ob\u010dutek telesa.<\/p>\n<p>Udoben mornarsko moder obte\u017eeni brezrokavnik iz flisa z mo\u017enostjo jemanja ute\u017ei, za popolno prilagajanje brezrokavnika uporabniku.<\/p>\n<p>Ta telovnik deluje kot prenosna tanka odeja, ki jo lahko imate vedno s seboj. Popoln za vsakodnevno uporabo, ko potrebujete stimulacijo.<\/p>\n<p><\/div>","protected":false},"excerpt":{"rendered":"<p>Obte\u017een brezrokavnik &#8211; Odrasli<\/p>","protected":false},"featured_media":9570,"menu_order":0,"comment_status":"open","ping_status":"closed","template":"","meta":[],"product_brand":[],"product_cat":[98,95,97,100],"product_tag":[],"class_list":{"0":"post-1295","1":"product","2":"type-product","3":"status-publish","4":"has-post-thumbnail","6":"product_cat-obcutek-telesa","7":"product_cat-propriocepcija","8":"product_cat-razlicnost-stiska","9":"product_cat-udobje","11":"first","12":"instock","13":"taxable","14":"shipping-taxable","15":"purchasable","16":"product-type-simple"},"jetpack_sharing_enabled":true,"_links":{"self":[{"href":"https:\/\/senzorika-varga.si\/en\/wp-json\/wp\/v2\/product\/1295","targetHints":{"allow":["GET"]}}],"collection":[{"href":"https:\/\/senzorika-varga.si\/en\/wp-json\/wp\/v2\/product"}],"about":[{"href":"https:\/\/senzorika-varga.si\/en\/wp-json\/wp\/v2\/types\/product"}],"replies":[{"embeddable":true,"href":"https:\/\/senzorika-varga.si\/en\/wp-json\/wp\/v2\/comments?post=1295"}],"version-history":[{"count":1,"href":"https:\/\/senzorika-varga.si\/en\/wp-json\/wp\/v2\/product\/1295\/revisions"}],"predecessor-version":[{"id":1296,"href":"https:\/\/senzorika-varga.si\/en\/wp-json\/wp\/v2\/product\/1295\/revisions\/1296"}],"wp:featuredmedia":[{"embeddable":true,"href":"https:\/\/senzorika-varga.si\/en\/wp-json\/wp\/v2\/media\/9570"}],"wp:attachment":[{"href":"https:\/\/senzorika-varga.si\/en\/wp-json\/wp\/v2\/media?parent=1295"}],"wp:term":[{"taxonomy":"product_brand","embeddable":true,"href":"https:\/\/senzorika-varga.si\/en\/wp-json\/wp\/v2\/product_brand?post=1295"},{"taxonomy":"product_cat","embeddable":true,"href":"https:\/\/senzorika-varga.si\/en\/wp-json\/wp\/v2\/product_cat?post=1295"},{"taxonomy":"product_tag","embeddable":true,"href":"https:\/\/senzorika-varga.si\/en\/wp-json\/wp\/v2\/product_tag?post=1295"}],"curies":[{"name":"wp","href":"https:\/\/api.w.org\/{rel}","templated":true}]}}