{"id":1291,"date":"2025-11-03T21:51:17","date_gmt":"2025-11-03T21:51:17","guid":{"rendered":"https:\/\/senzorika.ajvonidol.si\/?post_type=product&#038;p=1291"},"modified":"2025-12-31T08:34:20","modified_gmt":"2025-12-31T08:34:20","slug":"drog-z-lezajem","status":"publish","type":"product","link":"https:\/\/senzorika-varga.si\/en\/product\/drog-z-lezajem\/","title":{"rendered":"Drog z le\u017eajem"},"content":{"rendered":"<div><!--block-->Le\u017eaj za trikratno vzmetenje omogo\u010da enostavno uporabo in montiranje \u0161iroke palete gugalnic, ki se uporabljajo pri terapije senzorne integracije. Stropni nosilci omogo\u010dajo uporabo gugalnic tudi v doma\u010dem okolju kot v senzornih okoljih. Trpe\u017eni le\u017eaji omogo\u010dajo gladko in tiho guganje dlje \u010dasa.&nbsp;<\/p>\n<p>Do 100 kg!<\/p><\/div>","protected":false},"excerpt":{"rendered":"<p>Drog z le\u017eajem<\/p>","protected":false},"featured_media":7722,"menu_order":0,"comment_status":"open","ping_status":"closed","template":"","meta":[],"product_brand":[],"product_cat":[75,77],"product_tag":[],"class_list":{"0":"post-1291","1":"product","2":"type-product","3":"status-publish","4":"has-post-thumbnail","6":"product_cat-vestibularni-pripomocki","7":"product_cat-vzmetenje","9":"first","10":"instock","11":"taxable","12":"shipping-taxable","13":"purchasable","14":"product-type-simple"},"jetpack_sharing_enabled":true,"_links":{"self":[{"href":"https:\/\/senzorika-varga.si\/en\/wp-json\/wp\/v2\/product\/1291","targetHints":{"allow":["GET"]}}],"collection":[{"href":"https:\/\/senzorika-varga.si\/en\/wp-json\/wp\/v2\/product"}],"about":[{"href":"https:\/\/senzorika-varga.si\/en\/wp-json\/wp\/v2\/types\/product"}],"replies":[{"embeddable":true,"href":"https:\/\/senzorika-varga.si\/en\/wp-json\/wp\/v2\/comments?post=1291"}],"version-history":[{"count":1,"href":"https:\/\/senzorika-varga.si\/en\/wp-json\/wp\/v2\/product\/1291\/revisions"}],"predecessor-version":[{"id":1292,"href":"https:\/\/senzorika-varga.si\/en\/wp-json\/wp\/v2\/product\/1291\/revisions\/1292"}],"wp:featuredmedia":[{"embeddable":true,"href":"https:\/\/senzorika-varga.si\/en\/wp-json\/wp\/v2\/media\/7722"}],"wp:attachment":[{"href":"https:\/\/senzorika-varga.si\/en\/wp-json\/wp\/v2\/media?parent=1291"}],"wp:term":[{"taxonomy":"product_brand","embeddable":true,"href":"https:\/\/senzorika-varga.si\/en\/wp-json\/wp\/v2\/product_brand?post=1291"},{"taxonomy":"product_cat","embeddable":true,"href":"https:\/\/senzorika-varga.si\/en\/wp-json\/wp\/v2\/product_cat?post=1291"},{"taxonomy":"product_tag","embeddable":true,"href":"https:\/\/senzorika-varga.si\/en\/wp-json\/wp\/v2\/product_tag?post=1291"}],"curies":[{"name":"wp","href":"https:\/\/api.w.org\/{rel}","templated":true}]}}