{"id":1287,"date":"2025-11-03T21:51:17","date_gmt":"2025-11-03T21:51:17","guid":{"rendered":"https:\/\/senzorika.ajvonidol.si\/?post_type=product&#038;p=1287"},"modified":"2026-01-05T11:44:53","modified_gmt":"2026-01-05T11:44:53","slug":"resonancni-pocivalnik","status":"publish","type":"product","link":"https:\/\/senzorika-varga.si\/en\/product\/resonancni-pocivalnik\/","title":{"rendered":"Resonan\u010dni po\u010divalnik"},"content":{"rendered":"<p><span dir=\"auto\">Preprost spro\u0161\u010dujo\u010d sede\u017e, ki odmeva z zvokom!<\/span><\/p>\n<p><span dir=\"auto\">Resonan\u010dni po\u010divalnik deluje na principu vibroakusti\u010dne terapije. Dokazano je, da vibracija zagotavlja pozitivne zdravilne u\u010dinke za \u0161irok spekter du\u0161evnih in telesnih zdravstvenih motenj.<\/span><br \/>\n<span dir=\"auto\">Z uporabo zvoka ustvarja vibracije, ki te\u010dejo neposredno v telo, terapija ponuja ne invaziven in energijski pristop k zdravju. <\/span><\/p>\n<p><span dir=\"auto\">Terapevtske vibracije lahko pomagajo telesu, da se sprosti in hitreje pozdravi.<\/span><\/p>\n<p><span dir=\"auto\">Zna\u010dilnosti in specifikacije izdelka:<\/span><\/p>\n<p><span dir=\"auto\">Po\u010divalnik je primeren tudi za odrasle, ki trpijo za motnjami senzori\u010dne obdelave, kot sta avtizem in ADHD, zasnovano pa je tako, da jim pomaga dobiti stimulacijo, ki jo potrebujejo za ohranjanje miru.<\/span><br \/>\n<span dir=\"auto\">Vibracije so lahko izjemno pomirjujo\u010de in blagodejne za posameznike s motnjami senzori\u010dne obdelave, kot sta avtizem ali ADHD.<\/span><br \/>\n<span dir=\"auto\">Velikost po\u010divalnika je primerna za odrasle.<\/span><br \/>\n<span dir=\"auto\">Ne\u017ene vibracije spodbujajo sprostitev in dobro delujejo pri pomirjanju preve\u010d stimulirane osebe.<\/span><br \/>\n<span dir=\"auto\">Spro\u0161\u010dujo\u010da in udobna, priljubljena nagibna oblika odeje enakomerno porazdeli telesno te\u017eo.\u00a0<\/span><\/p>\n<p><span dir=\"auto\">Zahteva resonan\u010dni oja\u010devalnik 9RSX.<\/span><\/p>\n<p><span dir=\"auto\">Opremljen je z varnostnim izklopom in je zasnovan tako, da deluje in prepre\u010duje pregrevanje enote. Resonan\u010dni izdelki najbolje delujejo z glasbo z dobrimi basi kot s spro\u0161\u010dujo\u010do glasbo.<\/span><br \/>\n<strong><br \/>\n<span dir=\"auto\">Na voljo so v \u0161tevilnih barvah. Prosimo, oglejte si sliko barvne karte in ob naro\u010dilu v polje za opombe vpi\u0161ite svojo izbiro.<\/span><\/strong><\/p>","protected":false},"excerpt":{"rendered":"<p>Resonan\u010dni po\u010divalnik<\/p>","protected":false},"featured_media":9152,"menu_order":0,"comment_status":"open","ping_status":"closed","template":"","meta":[],"product_brand":[],"product_cat":[130,88,95,92,125,100,99],"product_tag":[],"class_list":{"0":"post-1287","1":"product","2":"type-product","3":"status-publish","4":"has-post-thumbnail","6":"product_cat-mehki-predmeti","7":"product_cat-pripomocki-za-sluh","8":"product_cat-propriocepcija","9":"product_cat-resonance","10":"product_cat-snoezelen","11":"product_cat-udobje","12":"product_cat-vibracije","14":"first","15":"instock","16":"taxable","17":"shipping-taxable","18":"purchasable","19":"product-type-simple"},"jetpack_sharing_enabled":true,"_links":{"self":[{"href":"https:\/\/senzorika-varga.si\/en\/wp-json\/wp\/v2\/product\/1287","targetHints":{"allow":["GET"]}}],"collection":[{"href":"https:\/\/senzorika-varga.si\/en\/wp-json\/wp\/v2\/product"}],"about":[{"href":"https:\/\/senzorika-varga.si\/en\/wp-json\/wp\/v2\/types\/product"}],"replies":[{"embeddable":true,"href":"https:\/\/senzorika-varga.si\/en\/wp-json\/wp\/v2\/comments?post=1287"}],"version-history":[{"count":3,"href":"https:\/\/senzorika-varga.si\/en\/wp-json\/wp\/v2\/product\/1287\/revisions"}],"predecessor-version":[{"id":13324,"href":"https:\/\/senzorika-varga.si\/en\/wp-json\/wp\/v2\/product\/1287\/revisions\/13324"}],"wp:featuredmedia":[{"embeddable":true,"href":"https:\/\/senzorika-varga.si\/en\/wp-json\/wp\/v2\/media\/9152"}],"wp:attachment":[{"href":"https:\/\/senzorika-varga.si\/en\/wp-json\/wp\/v2\/media?parent=1287"}],"wp:term":[{"taxonomy":"product_brand","embeddable":true,"href":"https:\/\/senzorika-varga.si\/en\/wp-json\/wp\/v2\/product_brand?post=1287"},{"taxonomy":"product_cat","embeddable":true,"href":"https:\/\/senzorika-varga.si\/en\/wp-json\/wp\/v2\/product_cat?post=1287"},{"taxonomy":"product_tag","embeddable":true,"href":"https:\/\/senzorika-varga.si\/en\/wp-json\/wp\/v2\/product_tag?post=1287"}],"curies":[{"name":"wp","href":"https:\/\/api.w.org\/{rel}","templated":true}]}}