{"id":1235,"date":"2025-11-03T21:51:11","date_gmt":"2025-11-03T21:51:11","guid":{"rendered":"https:\/\/senzorika.ajvonidol.si\/?post_type=product&#038;p=1235"},"modified":"2025-12-31T08:36:36","modified_gmt":"2025-12-31T08:36:36","slug":"resonancni-long-easy","status":"publish","type":"product","link":"https:\/\/senzorika-varga.si\/en\/product\/resonancni-long-easy\/","title":{"rendered":"Resonan\u010dni varen le\u017ealnik"},"content":{"rendered":"<div><!--block-->Udobna oblika z udobnim robom. Za delovanje je potreben oja\u010devalec, koda izdelka: 9RSX.<\/div>\n<div><!--block--><\/div>","protected":false},"excerpt":{"rendered":"<p>Resonan\u010dni varen le\u017ealnik<\/p>","protected":false},"featured_media":9165,"menu_order":0,"comment_status":"open","ping_status":"closed","template":"","meta":[],"product_brand":[],"product_cat":[130,88,95,92,125,99],"product_tag":[],"class_list":{"0":"post-1235","1":"product","2":"type-product","3":"status-publish","4":"has-post-thumbnail","6":"product_cat-mehki-predmeti","7":"product_cat-pripomocki-za-sluh","8":"product_cat-propriocepcija","9":"product_cat-resonance","10":"product_cat-snoezelen","11":"product_cat-vibracije","13":"first","14":"instock","15":"taxable","16":"shipping-taxable","17":"purchasable","18":"product-type-simple"},"jetpack_sharing_enabled":true,"_links":{"self":[{"href":"https:\/\/senzorika-varga.si\/en\/wp-json\/wp\/v2\/product\/1235","targetHints":{"allow":["GET"]}}],"collection":[{"href":"https:\/\/senzorika-varga.si\/en\/wp-json\/wp\/v2\/product"}],"about":[{"href":"https:\/\/senzorika-varga.si\/en\/wp-json\/wp\/v2\/types\/product"}],"replies":[{"embeddable":true,"href":"https:\/\/senzorika-varga.si\/en\/wp-json\/wp\/v2\/comments?post=1235"}],"version-history":[{"count":2,"href":"https:\/\/senzorika-varga.si\/en\/wp-json\/wp\/v2\/product\/1235\/revisions"}],"predecessor-version":[{"id":9788,"href":"https:\/\/senzorika-varga.si\/en\/wp-json\/wp\/v2\/product\/1235\/revisions\/9788"}],"wp:featuredmedia":[{"embeddable":true,"href":"https:\/\/senzorika-varga.si\/en\/wp-json\/wp\/v2\/media\/9165"}],"wp:attachment":[{"href":"https:\/\/senzorika-varga.si\/en\/wp-json\/wp\/v2\/media?parent=1235"}],"wp:term":[{"taxonomy":"product_brand","embeddable":true,"href":"https:\/\/senzorika-varga.si\/en\/wp-json\/wp\/v2\/product_brand?post=1235"},{"taxonomy":"product_cat","embeddable":true,"href":"https:\/\/senzorika-varga.si\/en\/wp-json\/wp\/v2\/product_cat?post=1235"},{"taxonomy":"product_tag","embeddable":true,"href":"https:\/\/senzorika-varga.si\/en\/wp-json\/wp\/v2\/product_tag?post=1235"}],"curies":[{"name":"wp","href":"https:\/\/api.w.org\/{rel}","templated":true}]}}