{"id":1179,"date":"2025-11-03T21:51:06","date_gmt":"2025-11-03T21:51:06","guid":{"rendered":"https:\/\/senzorika.ajvonidol.si\/?post_type=product&#038;p=1179"},"modified":"2025-12-31T08:34:58","modified_gmt":"2025-12-31T08:34:58","slug":"zibka-za-telo","status":"publish","type":"product","link":"https:\/\/senzorika-varga.si\/en\/product\/zibka-za-telo\/","title":{"rendered":"Zibka za telo"},"content":{"rendered":"<div><!--block-->Oblazinjen rumen nasmeh, ki vabi uporabnika, da se ule\u017ee &#8211; omogo\u010da ne\u017eno zibanje. Uporabljati hkrati lahko dva otroka, izbolj\u0161uje socializacijske sposobnosti, sodelovanje ter spodbuja timsko igro.<br \/>Body Rocker je odli\u010den za vestibularni senzori\u010dni vnos, razvija zavedanje telesa, ravnote\u017eje, motori\u010dne sposobnosti in nadzor.<\/p>\n<\/div>","protected":false},"excerpt":{"rendered":"<p>Zibka za telo<\/p>","protected":false},"featured_media":7509,"menu_order":0,"comment_status":"open","ping_status":"closed","template":"","meta":[],"product_brand":[],"product_cat":[130,78,125,75],"product_tag":[],"class_list":{"0":"post-1179","1":"product","2":"type-product","3":"status-publish","4":"has-post-thumbnail","6":"product_cat-mehki-predmeti","7":"product_cat-senzorna-integracija","8":"product_cat-snoezelen","9":"product_cat-vestibularni-pripomocki","11":"first","12":"instock","13":"taxable","14":"shipping-taxable","15":"purchasable","16":"product-type-simple"},"jetpack_sharing_enabled":true,"_links":{"self":[{"href":"https:\/\/senzorika-varga.si\/en\/wp-json\/wp\/v2\/product\/1179","targetHints":{"allow":["GET"]}}],"collection":[{"href":"https:\/\/senzorika-varga.si\/en\/wp-json\/wp\/v2\/product"}],"about":[{"href":"https:\/\/senzorika-varga.si\/en\/wp-json\/wp\/v2\/types\/product"}],"replies":[{"embeddable":true,"href":"https:\/\/senzorika-varga.si\/en\/wp-json\/wp\/v2\/comments?post=1179"}],"version-history":[{"count":1,"href":"https:\/\/senzorika-varga.si\/en\/wp-json\/wp\/v2\/product\/1179\/revisions"}],"predecessor-version":[{"id":1180,"href":"https:\/\/senzorika-varga.si\/en\/wp-json\/wp\/v2\/product\/1179\/revisions\/1180"}],"wp:featuredmedia":[{"embeddable":true,"href":"https:\/\/senzorika-varga.si\/en\/wp-json\/wp\/v2\/media\/7509"}],"wp:attachment":[{"href":"https:\/\/senzorika-varga.si\/en\/wp-json\/wp\/v2\/media?parent=1179"}],"wp:term":[{"taxonomy":"product_brand","embeddable":true,"href":"https:\/\/senzorika-varga.si\/en\/wp-json\/wp\/v2\/product_brand?post=1179"},{"taxonomy":"product_cat","embeddable":true,"href":"https:\/\/senzorika-varga.si\/en\/wp-json\/wp\/v2\/product_cat?post=1179"},{"taxonomy":"product_tag","embeddable":true,"href":"https:\/\/senzorika-varga.si\/en\/wp-json\/wp\/v2\/product_tag?post=1179"}],"curies":[{"name":"wp","href":"https:\/\/api.w.org\/{rel}","templated":true}]}}