{"id":11560,"date":"2025-12-05T22:10:19","date_gmt":"2025-12-05T22:10:19","guid":{"rendered":"https:\/\/senzorika.ajvonidol.si\/?post_type=product&#038;p=11560"},"modified":"2026-01-05T12:53:55","modified_gmt":"2026-01-05T12:53:55","slug":"zirafa-manipulativna-knjiga","status":"publish","type":"product","link":"https:\/\/senzorika-varga.si\/en\/product\/zirafa-manipulativna-knjiga\/","title":{"rendered":"\u017dirafa &#8211; knjigica"},"content":{"rendered":"<p>Zlo\u017eljiva knjiga z razli\u010dnimi interaktivnimi elementi na vsaki strani, vklju\u010dno z zaponkami in gumbi, zadrgo, vezalkami, zapenjanjem z gumbi, \u0161tevnim okvirjem, zapenjanjem z bucikami, vremenskim kolesom, geometrijskimi oblikami z je\u017ekom itd.<\/p>\n<p>Dimenzije: 18 x 22 cm<\/p>\n<p>Material: filc<\/p>\n<p>Starost: 3+<\/p>","protected":false},"excerpt":{"rendered":"<p>Zlo\u017eljiva knjiga z razli\u010dnimi interaktivnimi elementi na vsaki strani, vklju\u010dno z zaponkami in gumbi, zadrgo, vezalkami, zapenjanjem z gumbi, \u0161tevnim okvirjem, zapenjanjem z bucikami, vremenskim kolesom, geometrijskimi oblikami z je\u017ekom itd.<\/p>\n<p>Dimenzije: 18 x 22 cm<\/p>\n<p>Material: filc<\/p>\n<p>Starost: 3+<\/p>","protected":false},"featured_media":13289,"menu_order":0,"comment_status":"open","ping_status":"closed","template":"","meta":[],"product_brand":[],"product_cat":[102],"product_tag":[],"class_list":{"0":"post-11560","1":"product","2":"type-product","3":"status-publish","4":"has-post-thumbnail","6":"product_cat-fina-motorika","8":"first","9":"instock","10":"taxable","11":"shipping-taxable","12":"purchasable","13":"product-type-simple"},"jetpack_sharing_enabled":true,"_links":{"self":[{"href":"https:\/\/senzorika-varga.si\/en\/wp-json\/wp\/v2\/product\/11560","targetHints":{"allow":["GET"]}}],"collection":[{"href":"https:\/\/senzorika-varga.si\/en\/wp-json\/wp\/v2\/product"}],"about":[{"href":"https:\/\/senzorika-varga.si\/en\/wp-json\/wp\/v2\/types\/product"}],"replies":[{"embeddable":true,"href":"https:\/\/senzorika-varga.si\/en\/wp-json\/wp\/v2\/comments?post=11560"}],"version-history":[{"count":2,"href":"https:\/\/senzorika-varga.si\/en\/wp-json\/wp\/v2\/product\/11560\/revisions"}],"predecessor-version":[{"id":13340,"href":"https:\/\/senzorika-varga.si\/en\/wp-json\/wp\/v2\/product\/11560\/revisions\/13340"}],"wp:featuredmedia":[{"embeddable":true,"href":"https:\/\/senzorika-varga.si\/en\/wp-json\/wp\/v2\/media\/13289"}],"wp:attachment":[{"href":"https:\/\/senzorika-varga.si\/en\/wp-json\/wp\/v2\/media?parent=11560"}],"wp:term":[{"taxonomy":"product_brand","embeddable":true,"href":"https:\/\/senzorika-varga.si\/en\/wp-json\/wp\/v2\/product_brand?post=11560"},{"taxonomy":"product_cat","embeddable":true,"href":"https:\/\/senzorika-varga.si\/en\/wp-json\/wp\/v2\/product_cat?post=11560"},{"taxonomy":"product_tag","embeddable":true,"href":"https:\/\/senzorika-varga.si\/en\/wp-json\/wp\/v2\/product_tag?post=11560"}],"curies":[{"name":"wp","href":"https:\/\/api.w.org\/{rel}","templated":true}]}}