{"id":11550,"date":"2025-12-05T22:10:17","date_gmt":"2025-12-05T22:10:17","guid":{"rendered":"https:\/\/senzorika.ajvonidol.si\/?post_type=product&#038;p=11550"},"modified":"2025-12-27T19:48:25","modified_gmt":"2025-12-27T19:48:25","slug":"senzoricna-mehka-vozlasta-zoga","status":"publish","type":"product","link":"https:\/\/senzorika-varga.si\/en\/product\/senzoricna-mehka-vozlasta-zoga\/","title":{"rendered":"Senzori\u010dna mehka vozlasta \u017eoga"},"content":{"rendered":"<p>Vozlata \u017eoga je izdelek, ki zdru\u017euje funkcionalnost s senzori\u010dnimi elementi, zasnovan za razvoj motori\u010dnih sposobnosti in sprostitev. \u017doga ima nepravilno obliko, ki spominja na zapletene vozle, kar spodbuja domi\u0161ljijo in manipulacijo. Izdelana je iz mehkega, prijetnega materiala na dotik, zaradi \u010desar je odli\u010den element za vaje, povezane z usklajevanjem rok in o\u010di ter umirjanjem.<\/p>\n<p>material: sintetika<\/p>\n<p>Dimenzije: premer 23 cm<\/p>","protected":false},"excerpt":{"rendered":"<p>Vozlata \u017eoga je izdelek, ki zdru\u017euje funkcionalnost s senzori\u010dnimi elementi, zasnovan za razvoj motori\u010dnih sposobnosti in sprostitev. \u017doga ima nepravilno obliko, ki spominja na zapletene vozle, kar spodbuja domi\u0161ljijo in manipulacijo. Izdelana je iz mehkega, prijetnega materiala na dotik, zaradi \u010desar je odli\u010den element za vaje, povezane z usklajevanjem rok in o\u010di ter umirjanjem.<\/p>\n<p>material: sintetika<\/p>\n<p>Dimenzije: premer 23 cm<\/p>","protected":false},"featured_media":13278,"menu_order":0,"comment_status":"open","ping_status":"closed","template":"","meta":[],"product_brand":[],"product_cat":[102],"product_tag":[],"class_list":{"0":"post-11550","1":"product","2":"type-product","3":"status-publish","4":"has-post-thumbnail","6":"product_cat-fina-motorika","8":"first","9":"instock","10":"taxable","11":"shipping-taxable","12":"purchasable","13":"product-type-simple"},"jetpack_sharing_enabled":true,"_links":{"self":[{"href":"https:\/\/senzorika-varga.si\/en\/wp-json\/wp\/v2\/product\/11550","targetHints":{"allow":["GET"]}}],"collection":[{"href":"https:\/\/senzorika-varga.si\/en\/wp-json\/wp\/v2\/product"}],"about":[{"href":"https:\/\/senzorika-varga.si\/en\/wp-json\/wp\/v2\/types\/product"}],"replies":[{"embeddable":true,"href":"https:\/\/senzorika-varga.si\/en\/wp-json\/wp\/v2\/comments?post=11550"}],"version-history":[{"count":1,"href":"https:\/\/senzorika-varga.si\/en\/wp-json\/wp\/v2\/product\/11550\/revisions"}],"predecessor-version":[{"id":11551,"href":"https:\/\/senzorika-varga.si\/en\/wp-json\/wp\/v2\/product\/11550\/revisions\/11551"}],"wp:featuredmedia":[{"embeddable":true,"href":"https:\/\/senzorika-varga.si\/en\/wp-json\/wp\/v2\/media\/13278"}],"wp:attachment":[{"href":"https:\/\/senzorika-varga.si\/en\/wp-json\/wp\/v2\/media?parent=11550"}],"wp:term":[{"taxonomy":"product_brand","embeddable":true,"href":"https:\/\/senzorika-varga.si\/en\/wp-json\/wp\/v2\/product_brand?post=11550"},{"taxonomy":"product_cat","embeddable":true,"href":"https:\/\/senzorika-varga.si\/en\/wp-json\/wp\/v2\/product_cat?post=11550"},{"taxonomy":"product_tag","embeddable":true,"href":"https:\/\/senzorika-varga.si\/en\/wp-json\/wp\/v2\/product_tag?post=11550"}],"curies":[{"name":"wp","href":"https:\/\/api.w.org\/{rel}","templated":true}]}}