{"id":1155,"date":"2025-11-03T21:51:03","date_gmt":"2025-11-03T21:51:03","guid":{"rendered":"https:\/\/senzorika.ajvonidol.si\/?post_type=product&#038;p=1155"},"modified":"2026-01-05T11:56:50","modified_gmt":"2026-01-05T11:56:50","slug":"full-support-swing-seats-special-needs-swings","status":"publish","type":"product","link":"https:\/\/senzorika-varga.si\/en\/product\/full-support-swing-seats-special-needs-swings\/","title":{"rendered":"Gugalni sede\u017e s polno podporo:- Za otroke"},"content":{"rendered":"<div><!--block-->Gugalni sede\u017e za vse generacije. Opravljen varnostni test do 360kg!<\/p>\n<p><\/div>\n<div><!--block-->Najbolj uporabljen gugalni sede\u017e, ki omogo\u010da prijetne ob\u010dutke in nudi izjemno pomemben razvolj sposobnosti uporabnika &#8211; ob\u010dutek v prostoru in ravnote\u017eje.<\/p>\n<p><\/div>\n<div><!--block-->Prilagojeno za gibalno ovirane osebe, slepe ter slabovidne in za vse ostale, ki \u017eelijo imeti dodatno varnost zaradi vklju\u010denega pasa.<\/p>\n<\/div>\n<div><!--block-->Otro\u0161ka gugalnica 8TSPS V: 56 x \u0160 33 x G: 30 cm &#8211; starost 2-7 let Najve\u010dja te\u017ea: 45 kg;<br \/>Najstni\u0161ka gugalnica 8TTSS V: 69 x \u0160: 43 x G: 34 cm \u2013 7+, \u010de \u0161irina sede\u017ea in vi\u0161ina hrbta ustrezata merama. Maksimalna te\u017ea 82 kg;<br \/>Odrasla oseba 8TASS V: 81 x \u0160: 51 x G: 36 cm &#8211; najve\u010dja te\u017ea odrasle osebe 125 kg<\/p>\n<p>Gugalnica vklju\u010duje vrvi za obe\u0161anje in 5-to\u010dkovni pas za najbolj\u0161e udobje pri sedenju! Lahko dokupite na\u0161o mehko blazino za sede\u017e za dodatno udobje pri sedenju -&gt; https:\/\/senzorika-varga.si\/vestibularni-pripomo%C4%8Dki\/blazina-za-otroski-sedez.html .<\/p>\n<\/div>","protected":false},"excerpt":{"rendered":"<p>Gugalni sede\u017e s polno podporo:- Za otroke<\/p>","protected":false},"featured_media":7707,"menu_order":0,"comment_status":"open","ping_status":"closed","template":"","meta":[],"product_brand":[],"product_cat":[76,78,125,75],"product_tag":[],"class_list":{"0":"post-1155","1":"product","2":"type-product","3":"status-publish","4":"has-post-thumbnail","6":"product_cat-gugalnice","7":"product_cat-senzorna-integracija","8":"product_cat-snoezelen","9":"product_cat-vestibularni-pripomocki","11":"first","12":"instock","13":"taxable","14":"shipping-taxable","15":"purchasable","16":"product-type-simple"},"jetpack_sharing_enabled":true,"_links":{"self":[{"href":"https:\/\/senzorika-varga.si\/en\/wp-json\/wp\/v2\/product\/1155","targetHints":{"allow":["GET"]}}],"collection":[{"href":"https:\/\/senzorika-varga.si\/en\/wp-json\/wp\/v2\/product"}],"about":[{"href":"https:\/\/senzorika-varga.si\/en\/wp-json\/wp\/v2\/types\/product"}],"replies":[{"embeddable":true,"href":"https:\/\/senzorika-varga.si\/en\/wp-json\/wp\/v2\/comments?post=1155"}],"version-history":[{"count":1,"href":"https:\/\/senzorika-varga.si\/en\/wp-json\/wp\/v2\/product\/1155\/revisions"}],"predecessor-version":[{"id":1156,"href":"https:\/\/senzorika-varga.si\/en\/wp-json\/wp\/v2\/product\/1155\/revisions\/1156"}],"wp:featuredmedia":[{"embeddable":true,"href":"https:\/\/senzorika-varga.si\/en\/wp-json\/wp\/v2\/media\/7707"}],"wp:attachment":[{"href":"https:\/\/senzorika-varga.si\/en\/wp-json\/wp\/v2\/media?parent=1155"}],"wp:term":[{"taxonomy":"product_brand","embeddable":true,"href":"https:\/\/senzorika-varga.si\/en\/wp-json\/wp\/v2\/product_brand?post=1155"},{"taxonomy":"product_cat","embeddable":true,"href":"https:\/\/senzorika-varga.si\/en\/wp-json\/wp\/v2\/product_cat?post=1155"},{"taxonomy":"product_tag","embeddable":true,"href":"https:\/\/senzorika-varga.si\/en\/wp-json\/wp\/v2\/product_tag?post=1155"}],"curies":[{"name":"wp","href":"https:\/\/api.w.org\/{rel}","templated":true}]}}