{"id":11548,"date":"2025-12-05T22:10:17","date_gmt":"2025-12-05T22:10:17","guid":{"rendered":"https:\/\/senzorika.ajvonidol.si\/?post_type=product&#038;p=11548"},"modified":"2025-12-27T19:48:25","modified_gmt":"2025-12-27T19:48:25","slug":"izobrazevalni-plisasti-zajec","status":"publish","type":"product","link":"https:\/\/senzorika-varga.si\/en\/product\/izobrazevalni-plisasti-zajec\/","title":{"rendered":"Izobra\u017eevalni pli\u0161asti zajec"},"content":{"rendered":"<p>Barvita, ljubka igra\u010da z dolgimi u\u0161esi in drugimi izobra\u017eevalnimi elementi. Zajec ima obute \u010devlje z vezalkami in je\u017ekom. Njegova jakna ima 3 razli\u010dne vrste zaponk in zadrgo. Majica ima potisk \u0161tevilk in piktogramov.<\/p>\n<p>Vi\u0161ina: 40 cm<\/p>\n<p>Starost: 3+<\/p>","protected":false},"excerpt":{"rendered":"<p>Barvita, ljubka igra\u010da z dolgimi u\u0161esi in drugimi izobra\u017eevalnimi elementi. Zajec ima obute \u010devlje z vezalkami in je\u017ekom. Njegova jakna ima 3 razli\u010dne vrste zaponk in zadrgo. Majica ima potisk \u0161tevilk in piktogramov.<\/p>\n<p>Vi\u0161ina: 40 cm<\/p>\n<p>Starost: 3+<\/p>","protected":false},"featured_media":13277,"menu_order":0,"comment_status":"open","ping_status":"closed","template":"","meta":[],"product_brand":[],"product_cat":[102],"product_tag":[],"class_list":{"0":"post-11548","1":"product","2":"type-product","3":"status-publish","4":"has-post-thumbnail","6":"product_cat-fina-motorika","8":"first","9":"instock","10":"taxable","11":"shipping-taxable","12":"purchasable","13":"product-type-simple"},"jetpack_sharing_enabled":true,"_links":{"self":[{"href":"https:\/\/senzorika-varga.si\/en\/wp-json\/wp\/v2\/product\/11548","targetHints":{"allow":["GET"]}}],"collection":[{"href":"https:\/\/senzorika-varga.si\/en\/wp-json\/wp\/v2\/product"}],"about":[{"href":"https:\/\/senzorika-varga.si\/en\/wp-json\/wp\/v2\/types\/product"}],"replies":[{"embeddable":true,"href":"https:\/\/senzorika-varga.si\/en\/wp-json\/wp\/v2\/comments?post=11548"}],"version-history":[{"count":1,"href":"https:\/\/senzorika-varga.si\/en\/wp-json\/wp\/v2\/product\/11548\/revisions"}],"predecessor-version":[{"id":11549,"href":"https:\/\/senzorika-varga.si\/en\/wp-json\/wp\/v2\/product\/11548\/revisions\/11549"}],"wp:featuredmedia":[{"embeddable":true,"href":"https:\/\/senzorika-varga.si\/en\/wp-json\/wp\/v2\/media\/13277"}],"wp:attachment":[{"href":"https:\/\/senzorika-varga.si\/en\/wp-json\/wp\/v2\/media?parent=11548"}],"wp:term":[{"taxonomy":"product_brand","embeddable":true,"href":"https:\/\/senzorika-varga.si\/en\/wp-json\/wp\/v2\/product_brand?post=11548"},{"taxonomy":"product_cat","embeddable":true,"href":"https:\/\/senzorika-varga.si\/en\/wp-json\/wp\/v2\/product_cat?post=11548"},{"taxonomy":"product_tag","embeddable":true,"href":"https:\/\/senzorika-varga.si\/en\/wp-json\/wp\/v2\/product_tag?post=11548"}],"curies":[{"name":"wp","href":"https:\/\/api.w.org\/{rel}","templated":true}]}}