{"id":11546,"date":"2025-12-05T22:10:17","date_gmt":"2025-12-05T22:10:17","guid":{"rendered":"https:\/\/senzorika.ajvonidol.si\/?post_type=product&#038;p=11546"},"modified":"2025-12-27T19:48:25","modified_gmt":"2025-12-27T19:48:25","slug":"sadne-kocke","status":"publish","type":"product","link":"https:\/\/senzorika-varga.si\/en\/product\/sadne-kocke\/","title":{"rendered":"Sadne kocke"},"content":{"rendered":"<p>Sadne kocke so prekrite z velur pletenino in napolnjene z visoko elasti\u010dno poliuretansko peno. Ta komplet mehkih penastih kock zdru\u017euje funkcionalnost z estetiko. Vsak od \u0161estih elementov ima sadne aplikacije, ki dodajo izobra\u017eevalno vrednost in spodbujajo otro\u0161ko domi\u0161ljijo. Mehke kocke se lahko uporabljajo za gradnjo, zlaganje ali kot del senzori\u010dne igre. Prevleka z zadrgo omogo\u010da enostavno \u010di\u0161\u010denje, kar \u0161e pove\u010duje prakti\u010dnost tega izdelka.<\/p>\n<p>Dimenzije: 15 x 15 x 15 cm.<\/p>","protected":false},"excerpt":{"rendered":"<p>Sadne kocke so prekrite z velur pletenino in napolnjene z visoko elasti\u010dno poliuretansko peno. Ta komplet mehkih penastih kock zdru\u017euje funkcionalnost z estetiko. Vsak od \u0161estih elementov ima sadne aplikacije, ki dodajo izobra\u017eevalno vrednost in spodbujajo otro\u0161ko domi\u0161ljijo. Mehke kocke se lahko uporabljajo za gradnjo, zlaganje ali kot del senzori\u010dne igre. Prevleka z zadrgo omogo\u010da enostavno \u010di\u0161\u010denje, kar \u0161e pove\u010duje prakti\u010dnost tega izdelka.<\/p>\n<p>Dimenzije: 15 x 15 x 15 cm.<\/p>","protected":false},"featured_media":13276,"menu_order":0,"comment_status":"open","ping_status":"closed","template":"","meta":[],"product_brand":[],"product_cat":[102],"product_tag":[],"class_list":{"0":"post-11546","1":"product","2":"type-product","3":"status-publish","4":"has-post-thumbnail","6":"product_cat-fina-motorika","8":"first","9":"instock","10":"taxable","11":"shipping-taxable","12":"purchasable","13":"product-type-simple"},"jetpack_sharing_enabled":true,"_links":{"self":[{"href":"https:\/\/senzorika-varga.si\/en\/wp-json\/wp\/v2\/product\/11546","targetHints":{"allow":["GET"]}}],"collection":[{"href":"https:\/\/senzorika-varga.si\/en\/wp-json\/wp\/v2\/product"}],"about":[{"href":"https:\/\/senzorika-varga.si\/en\/wp-json\/wp\/v2\/types\/product"}],"replies":[{"embeddable":true,"href":"https:\/\/senzorika-varga.si\/en\/wp-json\/wp\/v2\/comments?post=11546"}],"version-history":[{"count":1,"href":"https:\/\/senzorika-varga.si\/en\/wp-json\/wp\/v2\/product\/11546\/revisions"}],"predecessor-version":[{"id":11547,"href":"https:\/\/senzorika-varga.si\/en\/wp-json\/wp\/v2\/product\/11546\/revisions\/11547"}],"wp:featuredmedia":[{"embeddable":true,"href":"https:\/\/senzorika-varga.si\/en\/wp-json\/wp\/v2\/media\/13276"}],"wp:attachment":[{"href":"https:\/\/senzorika-varga.si\/en\/wp-json\/wp\/v2\/media?parent=11546"}],"wp:term":[{"taxonomy":"product_brand","embeddable":true,"href":"https:\/\/senzorika-varga.si\/en\/wp-json\/wp\/v2\/product_brand?post=11546"},{"taxonomy":"product_cat","embeddable":true,"href":"https:\/\/senzorika-varga.si\/en\/wp-json\/wp\/v2\/product_cat?post=11546"},{"taxonomy":"product_tag","embeddable":true,"href":"https:\/\/senzorika-varga.si\/en\/wp-json\/wp\/v2\/product_tag?post=11546"}],"curies":[{"name":"wp","href":"https:\/\/api.w.org\/{rel}","templated":true}]}}