{"id":11536,"date":"2025-12-05T22:10:15","date_gmt":"2025-12-05T22:10:15","guid":{"rendered":"https:\/\/senzorika.ajvonidol.si\/?post_type=product&#038;p=11536"},"modified":"2025-12-27T19:48:22","modified_gmt":"2025-12-27T19:48:22","slug":"barvit","status":"publish","type":"product","link":"https:\/\/senzorika-varga.si\/en\/product\/barvit\/","title":{"rendered":"Penasta kocka z ogledali"},"content":{"rendered":"<p>Barvita penasta kocka z ogledali je vsestranski element, ki zdru\u017euje igro z odkrivanjem in u\u010denjem. Kocka je izdelana iz visokokakovostnih materialov in ima prevleko iz PVC tkanine brez ftalatov, odporne proti obrabi, kar zagotavlja vzdr\u017eljivost in enostavno vzdr\u017eevanje. Komplet vsebuje \u0161tiri razli\u010dna akrilna ogledala v obliki kvadrata, kroga, pravokotnika in trikotnika, ki ponujajo neskon\u010dne mo\u017enosti za raziskovanje oblik. Kocka, napolnjena z visoko elasti\u010dno poliuretansko peno, zagotavlja udobje, je prijetna na dotik in odli\u010dna za igro. Penasta kocka z ogledali ni le odli\u010dno orodje za igro, temve\u010d tudi privla\u010den element, ki podpira otrokov senzori\u010dni in kognitivni razvoj.<\/p>\n<p>Dimenzije: 25 x 25 x 25 cm.<\/p>","protected":false},"excerpt":{"rendered":"<p>Barvita penasta kocka z ogledali je vsestranski element, ki zdru\u017euje igro z odkrivanjem in u\u010denjem. Kocka je izdelana iz visokokakovostnih materialov in ima prevleko iz PVC tkanine brez ftalatov, odporne proti obrabi, kar zagotavlja vzdr\u017eljivost in enostavno vzdr\u017eevanje. Komplet vsebuje \u0161tiri razli\u010dna akrilna ogledala v obliki kvadrata, kroga, pravokotnika in trikotnika, ki ponujajo neskon\u010dne mo\u017enosti za raziskovanje oblik. Kocka, napolnjena z visoko elasti\u010dno poliuretansko peno, zagotavlja udobje, je prijetna na dotik in odli\u010dna za igro. Penasta kocka z ogledali ni le odli\u010dno orodje za igro, temve\u010d tudi privla\u010den element, ki podpira otrokov senzori\u010dni in kognitivni razvoj.<\/p>\n<p>Dimenzije: 25 x 25 x 25 cm.<\/p>","protected":false},"featured_media":13254,"menu_order":0,"comment_status":"open","ping_status":"closed","template":"","meta":[],"product_brand":[],"product_cat":[102],"product_tag":[],"class_list":{"0":"post-11536","1":"product","2":"type-product","3":"status-publish","4":"has-post-thumbnail","6":"product_cat-fina-motorika","8":"first","9":"instock","10":"taxable","11":"shipping-taxable","12":"purchasable","13":"product-type-simple"},"jetpack_sharing_enabled":true,"_links":{"self":[{"href":"https:\/\/senzorika-varga.si\/en\/wp-json\/wp\/v2\/product\/11536","targetHints":{"allow":["GET"]}}],"collection":[{"href":"https:\/\/senzorika-varga.si\/en\/wp-json\/wp\/v2\/product"}],"about":[{"href":"https:\/\/senzorika-varga.si\/en\/wp-json\/wp\/v2\/types\/product"}],"replies":[{"embeddable":true,"href":"https:\/\/senzorika-varga.si\/en\/wp-json\/wp\/v2\/comments?post=11536"}],"version-history":[{"count":2,"href":"https:\/\/senzorika-varga.si\/en\/wp-json\/wp\/v2\/product\/11536\/revisions"}],"predecessor-version":[{"id":13179,"href":"https:\/\/senzorika-varga.si\/en\/wp-json\/wp\/v2\/product\/11536\/revisions\/13179"}],"wp:featuredmedia":[{"embeddable":true,"href":"https:\/\/senzorika-varga.si\/en\/wp-json\/wp\/v2\/media\/13254"}],"wp:attachment":[{"href":"https:\/\/senzorika-varga.si\/en\/wp-json\/wp\/v2\/media?parent=11536"}],"wp:term":[{"taxonomy":"product_brand","embeddable":true,"href":"https:\/\/senzorika-varga.si\/en\/wp-json\/wp\/v2\/product_brand?post=11536"},{"taxonomy":"product_cat","embeddable":true,"href":"https:\/\/senzorika-varga.si\/en\/wp-json\/wp\/v2\/product_cat?post=11536"},{"taxonomy":"product_tag","embeddable":true,"href":"https:\/\/senzorika-varga.si\/en\/wp-json\/wp\/v2\/product_tag?post=11536"}],"curies":[{"name":"wp","href":"https:\/\/api.w.org\/{rel}","templated":true}]}}