{"id":11528,"date":"2025-12-05T22:10:15","date_gmt":"2025-12-05T22:10:15","guid":{"rendered":"https:\/\/senzorika.ajvonidol.si\/?post_type=product&#038;p=11528"},"modified":"2025-12-27T19:48:20","modified_gmt":"2025-12-27T19:48:20","slug":"teksturna-kocka","status":"publish","type":"product","link":"https:\/\/senzorika-varga.si\/en\/product\/teksturna-kocka\/","title":{"rendered":"Senzori\u010dna penasta kocka"},"content":{"rendered":"<p>Barvita senzori\u010dna penasta kocka, zasnovana za podporo senzori\u010dnemu razvoju, je prekrita z razli\u010dnimi materiali, ki spodbujajo ob\u010dutek dotika. Vsaka stran kocke je se\u0161ita iz druga\u010dne tkanine, kar spodbuja zaznavanje razli\u010dnih tekstur: mehko pleteno krzno, gladka in teksturirana PVC tkanina, poliestrska tkanina Oxford, bomba\u017ena tkanina z vzorcem race in mehak flis. Ta sestava uporabnikom zagotavlja izjemne taktilne izku\u0161nje, ki jim omogo\u010dajo raziskovanje razlik med materiali in razvoj senzori\u010dnih zaznavnih sposobnosti.<\/p>\n<p>Notranjost kocke je napolnjena z elasti\u010dno poliuretansko peno, zaradi \u010desar je stabilna, a hkrati mehka in varna za uporabo. Kocka je odli\u010dna za senzori\u010dne dejavnosti, saj podpira senzori\u010dno integracijo in razvoj motori\u010dnih sposobnosti, njena kompaktna velikost pa omogo\u010da enostavno premikanje in prileganje razli\u010dnim prostorom.<\/p>\n<p>Dimenzije: 20 x 20 x 20 cm.<\/p>","protected":false},"excerpt":{"rendered":"<p>Barvita senzori\u010dna penasta kocka, zasnovana za podporo senzori\u010dnemu razvoju, je prekrita z razli\u010dnimi materiali, ki spodbujajo ob\u010dutek dotika. Vsaka stran kocke je se\u0161ita iz druga\u010dne tkanine, kar spodbuja zaznavanje razli\u010dnih tekstur: mehko pleteno krzno, gladka in teksturirana PVC tkanina, poliestrska tkanina Oxford, bomba\u017ena tkanina z vzorcem race in mehak flis. Ta sestava uporabnikom zagotavlja izjemne taktilne izku\u0161nje, ki jim omogo\u010dajo raziskovanje razlik med materiali in razvoj senzori\u010dnih zaznavnih sposobnosti.<\/p>\n<p>Notranjost kocke je napolnjena z elasti\u010dno poliuretansko peno, zaradi \u010desar je stabilna, a hkrati mehka in varna za uporabo. Kocka je odli\u010dna za senzori\u010dne dejavnosti, saj podpira senzori\u010dno integracijo in razvoj motori\u010dnih sposobnosti, njena kompaktna velikost pa omogo\u010da enostavno premikanje in prileganje razli\u010dnim prostorom.<\/p>\n<p>Dimenzije: 20 x 20 x 20 cm.<\/p>","protected":false},"featured_media":13249,"menu_order":0,"comment_status":"open","ping_status":"closed","template":"","meta":[],"product_brand":[],"product_cat":[102],"product_tag":[],"class_list":{"0":"post-11528","1":"product","2":"type-product","3":"status-publish","4":"has-post-thumbnail","6":"product_cat-fina-motorika","8":"first","9":"instock","10":"taxable","11":"shipping-taxable","12":"purchasable","13":"product-type-simple"},"jetpack_sharing_enabled":true,"_links":{"self":[{"href":"https:\/\/senzorika-varga.si\/en\/wp-json\/wp\/v2\/product\/11528","targetHints":{"allow":["GET"]}}],"collection":[{"href":"https:\/\/senzorika-varga.si\/en\/wp-json\/wp\/v2\/product"}],"about":[{"href":"https:\/\/senzorika-varga.si\/en\/wp-json\/wp\/v2\/types\/product"}],"replies":[{"embeddable":true,"href":"https:\/\/senzorika-varga.si\/en\/wp-json\/wp\/v2\/comments?post=11528"}],"version-history":[{"count":2,"href":"https:\/\/senzorika-varga.si\/en\/wp-json\/wp\/v2\/product\/11528\/revisions"}],"predecessor-version":[{"id":13176,"href":"https:\/\/senzorika-varga.si\/en\/wp-json\/wp\/v2\/product\/11528\/revisions\/13176"}],"wp:featuredmedia":[{"embeddable":true,"href":"https:\/\/senzorika-varga.si\/en\/wp-json\/wp\/v2\/media\/13249"}],"wp:attachment":[{"href":"https:\/\/senzorika-varga.si\/en\/wp-json\/wp\/v2\/media?parent=11528"}],"wp:term":[{"taxonomy":"product_brand","embeddable":true,"href":"https:\/\/senzorika-varga.si\/en\/wp-json\/wp\/v2\/product_brand?post=11528"},{"taxonomy":"product_cat","embeddable":true,"href":"https:\/\/senzorika-varga.si\/en\/wp-json\/wp\/v2\/product_cat?post=11528"},{"taxonomy":"product_tag","embeddable":true,"href":"https:\/\/senzorika-varga.si\/en\/wp-json\/wp\/v2\/product_tag?post=11528"}],"curies":[{"name":"wp","href":"https:\/\/api.w.org\/{rel}","templated":true}]}}