{"id":11526,"date":"2025-12-05T22:10:15","date_gmt":"2025-12-05T22:10:15","guid":{"rendered":"https:\/\/senzorika.ajvonidol.si\/?post_type=product&#038;p=11526"},"modified":"2025-12-27T19:48:19","modified_gmt":"2025-12-27T19:48:19","slug":"lesena-plosca-z-vijaki","status":"publish","type":"product","link":"https:\/\/senzorika-varga.si\/en\/product\/lesena-plosca-z-vijaki\/","title":{"rendered":"Lesena plo\u0161\u010da z maticami"},"content":{"rendered":"<p>Lakirana deska iz brezovega lesa je pripomo\u010dek za motori\u010dne vaje, ki podpirajo razvoj mi\u0161ic rok in zapestij, natan\u010dnost gibov ter koordinacijo med rokami in o\u010dmi. Sestavljena je iz 33 kovinskih zati\u010dev, vsak visok 7 cm, in razli\u010dnih elementov za navoj, kar omogo\u010da vsestransko ro\u010dno vadbo.<\/p>\n<p>Deska vsebuje 34 lesenih kroglic s premerom 2,5 cm, vsaka z navojem, na voljo v rde\u010di (17 kosov) in modri (17 kosov) barvi, ter 12 lesenih blokov z navojem velikosti 3 x 2 x 1 cm v \u0161tirih barvah: rumeni, modri, rde\u010di in zeleni.<\/p>\n<p>Naloga vklju\u010duje privijanje in odvijanje razli\u010dnih elementov na zati\u010de, kar pomaga razvijati potrpe\u017eljivost, koncentracijo in natan\u010dnost. Izdelek je priporo\u010dljiv za manualno terapijo in vaje, ki podpirajo razvoj motori\u010dnih sposobnosti tako pri otrocih kot pri odraslih.<\/p>\n<p>Material: Brezov les, kovina<\/p>\n<p>Dimenzije: 36 x 36 x 2,5 cm<\/p>\n<p>Starost: 3+<\/p>","protected":false},"excerpt":{"rendered":"<p>Lakirana deska iz brezovega lesa je pripomo\u010dek za motori\u010dne vaje, ki podpirajo razvoj mi\u0161ic rok in zapestij, natan\u010dnost gibov ter koordinacijo med rokami in o\u010dmi. Sestavljena je iz 33 kovinskih zati\u010dev, vsak visok 7 cm, in razli\u010dnih elementov za navoj, kar omogo\u010da vsestransko ro\u010dno vadbo.<\/p>\n<p>Deska vsebuje 34 lesenih kroglic s premerom 2,5 cm, vsaka z navojem, na voljo v rde\u010di (17 kosov) in modri (17 kosov) barvi, ter 12 lesenih blokov z navojem velikosti 3 x 2 x 1 cm v \u0161tirih barvah: rumeni, modri, rde\u010di in zeleni.<\/p>\n<p>Naloga vklju\u010duje privijanje in odvijanje razli\u010dnih elementov na zati\u010de, kar pomaga razvijati potrpe\u017eljivost, koncentracijo in natan\u010dnost. Izdelek je priporo\u010dljiv za manualno terapijo in vaje, ki podpirajo razvoj motori\u010dnih sposobnosti tako pri otrocih kot pri odraslih.<\/p>\n<p>Material: Brezov les, kovina<\/p>\n<p>Dimenzije: 36 x 36 x 2,5 cm<\/p>\n<p>Starost: 3+<\/p>","protected":false},"featured_media":13241,"menu_order":0,"comment_status":"open","ping_status":"closed","template":"","meta":[],"product_brand":[],"product_cat":[102],"product_tag":[],"class_list":{"0":"post-11526","1":"product","2":"type-product","3":"status-publish","4":"has-post-thumbnail","6":"product_cat-fina-motorika","8":"first","9":"instock","10":"taxable","11":"shipping-taxable","12":"purchasable","13":"product-type-simple"},"jetpack_sharing_enabled":true,"_links":{"self":[{"href":"https:\/\/senzorika-varga.si\/en\/wp-json\/wp\/v2\/product\/11526","targetHints":{"allow":["GET"]}}],"collection":[{"href":"https:\/\/senzorika-varga.si\/en\/wp-json\/wp\/v2\/product"}],"about":[{"href":"https:\/\/senzorika-varga.si\/en\/wp-json\/wp\/v2\/types\/product"}],"replies":[{"embeddable":true,"href":"https:\/\/senzorika-varga.si\/en\/wp-json\/wp\/v2\/comments?post=11526"}],"version-history":[{"count":2,"href":"https:\/\/senzorika-varga.si\/en\/wp-json\/wp\/v2\/product\/11526\/revisions"}],"predecessor-version":[{"id":13175,"href":"https:\/\/senzorika-varga.si\/en\/wp-json\/wp\/v2\/product\/11526\/revisions\/13175"}],"wp:featuredmedia":[{"embeddable":true,"href":"https:\/\/senzorika-varga.si\/en\/wp-json\/wp\/v2\/media\/13241"}],"wp:attachment":[{"href":"https:\/\/senzorika-varga.si\/en\/wp-json\/wp\/v2\/media?parent=11526"}],"wp:term":[{"taxonomy":"product_brand","embeddable":true,"href":"https:\/\/senzorika-varga.si\/en\/wp-json\/wp\/v2\/product_brand?post=11526"},{"taxonomy":"product_cat","embeddable":true,"href":"https:\/\/senzorika-varga.si\/en\/wp-json\/wp\/v2\/product_cat?post=11526"},{"taxonomy":"product_tag","embeddable":true,"href":"https:\/\/senzorika-varga.si\/en\/wp-json\/wp\/v2\/product_tag?post=11526"}],"curies":[{"name":"wp","href":"https:\/\/api.w.org\/{rel}","templated":true}]}}