{"id":11524,"date":"2025-12-05T22:10:13","date_gmt":"2025-12-05T22:10:13","guid":{"rendered":"https:\/\/senzorika.ajvonidol.si\/?post_type=product&#038;p=11524"},"modified":"2025-12-27T19:48:18","modified_gmt":"2025-12-27T19:48:18","slug":"sensobox-senzoricni-manipulativni-komplet","status":"publish","type":"product","link":"https:\/\/senzorika-varga.si\/en\/product\/sensobox-senzoricni-manipulativni-komplet\/","title":{"rendered":"Sensobox &#8211; Senzori\u010dni manipulativni komplet"},"content":{"rendered":"<p>Ta komplet 6 lesenih senzori\u010dnih orodij je zasnovan za podporo terapiji motenj dotika in je primeren za razli\u010dne starostne skupine. Celoten komplet vklju\u010duje:<\/p>\n<p>Teksturirano sestavljanko<\/p>\n<p>Gradbene kocke<\/p>\n<p>Igro spomina<\/p>\n<p>Izobra\u017eevalno sestavljanko s kartami<\/p>\n<p>Igro spretnosti<\/p>\n<p>Knjigo \u010dustev<\/p>\n<p>Vsak element kompleta pomaga razvijati dolo\u010deno podro\u010dje, vklju\u010dno s senzori\u010dno stimulacijo, fino motoriko, kognitivnim razvojem ter spodbujanjem socialnega in \u010dustvenega dobrega po\u010dutja.<\/p>\n<p>Starostna skupina: 0+<\/p>\n<p>Dimenzije paketa: 34,9 x 26 x 9,4 cm<\/p>","protected":false},"excerpt":{"rendered":"<p>Ta komplet 6 lesenih senzori\u010dnih orodij je zasnovan za podporo terapiji motenj dotika in je primeren za razli\u010dne starostne skupine. Celoten komplet vklju\u010duje:<\/p>\n<p>Teksturirano sestavljanko<\/p>\n<p>Gradbene kocke<\/p>\n<p>Igro spomina<\/p>\n<p>Izobra\u017eevalno sestavljanko s kartami<\/p>\n<p>Igro spretnosti<\/p>\n<p>Knjigo \u010dustev<\/p>\n<p>Vsak element kompleta pomaga razvijati dolo\u010deno podro\u010dje, vklju\u010dno s senzori\u010dno stimulacijo, fino motoriko, kognitivnim razvojem ter spodbujanjem socialnega in \u010dustvenega dobrega po\u010dutja.<\/p>\n<p>Starostna skupina: 0+<\/p>\n<p>Dimenzije paketa: 34,9 x 26 x 9,4 cm<\/p>","protected":false},"featured_media":13235,"menu_order":0,"comment_status":"open","ping_status":"closed","template":"","meta":[],"product_brand":[],"product_cat":[102],"product_tag":[],"class_list":{"0":"post-11524","1":"product","2":"type-product","3":"status-publish","4":"has-post-thumbnail","6":"product_cat-fina-motorika","8":"first","9":"instock","10":"taxable","11":"shipping-taxable","12":"purchasable","13":"product-type-simple"},"jetpack_sharing_enabled":true,"_links":{"self":[{"href":"https:\/\/senzorika-varga.si\/en\/wp-json\/wp\/v2\/product\/11524","targetHints":{"allow":["GET"]}}],"collection":[{"href":"https:\/\/senzorika-varga.si\/en\/wp-json\/wp\/v2\/product"}],"about":[{"href":"https:\/\/senzorika-varga.si\/en\/wp-json\/wp\/v2\/types\/product"}],"replies":[{"embeddable":true,"href":"https:\/\/senzorika-varga.si\/en\/wp-json\/wp\/v2\/comments?post=11524"}],"version-history":[{"count":1,"href":"https:\/\/senzorika-varga.si\/en\/wp-json\/wp\/v2\/product\/11524\/revisions"}],"predecessor-version":[{"id":11525,"href":"https:\/\/senzorika-varga.si\/en\/wp-json\/wp\/v2\/product\/11524\/revisions\/11525"}],"wp:featuredmedia":[{"embeddable":true,"href":"https:\/\/senzorika-varga.si\/en\/wp-json\/wp\/v2\/media\/13235"}],"wp:attachment":[{"href":"https:\/\/senzorika-varga.si\/en\/wp-json\/wp\/v2\/media?parent=11524"}],"wp:term":[{"taxonomy":"product_brand","embeddable":true,"href":"https:\/\/senzorika-varga.si\/en\/wp-json\/wp\/v2\/product_brand?post=11524"},{"taxonomy":"product_cat","embeddable":true,"href":"https:\/\/senzorika-varga.si\/en\/wp-json\/wp\/v2\/product_cat?post=11524"},{"taxonomy":"product_tag","embeddable":true,"href":"https:\/\/senzorika-varga.si\/en\/wp-json\/wp\/v2\/product_tag?post=11524"}],"curies":[{"name":"wp","href":"https:\/\/api.w.org\/{rel}","templated":true}]}}