{"id":11522,"date":"2025-12-05T22:10:13","date_gmt":"2025-12-05T22:10:13","guid":{"rendered":"https:\/\/senzorika.ajvonidol.si\/?post_type=product&#038;p=11522"},"modified":"2025-12-27T19:48:18","modified_gmt":"2025-12-27T19:48:18","slug":"manipulativni-jez","status":"publish","type":"product","link":"https:\/\/senzorika-varga.si\/en\/product\/manipulativni-jez\/","title":{"rendered":"Manipulativni je\u017e"},"content":{"rendered":"<p>Manipulativni je\u017eek je ustvarjalna izobra\u017eevalna igra\u010da, ki podpira razvoj fine motorike in koordinacije rok in o\u010di. Barvite, enostavno oprijemljive elemente v obliki bodic je mogo\u010de vstavljati in odstranjevati iz lukenj v je\u017ekovem oklepu, kar razvija manipulativne sposobnosti in natan\u010dnost gibanja. Intenzivne barve spodbujajo igro, hkrati pa spodbujajo vid. Ta igra\u010da je odli\u010dna za vaje spretnosti in u\u010denje barv.<\/p>\n<p>Material: plastika<\/p>\n<p>Dimenzije: 14 x 18 x 10 cm; bodice: 10 cm<\/p>\n<p>Starost: 18 mesecev+<\/p>","protected":false},"excerpt":{"rendered":"<p>Manipulativni je\u017eek je ustvarjalna izobra\u017eevalna igra\u010da, ki podpira razvoj fine motorike in koordinacije rok in o\u010di. Barvite, enostavno oprijemljive elemente v obliki bodic je mogo\u010de vstavljati in odstranjevati iz lukenj v je\u017ekovem oklepu, kar razvija manipulativne sposobnosti in natan\u010dnost gibanja. Intenzivne barve spodbujajo igro, hkrati pa spodbujajo vid. Ta igra\u010da je odli\u010dna za vaje spretnosti in u\u010denje barv.<\/p>\n<p>Material: plastika<\/p>\n<p>Dimenzije: 14 x 18 x 10 cm; bodice: 10 cm<\/p>\n<p>Starost: 18 mesecev+<\/p>","protected":false},"featured_media":13231,"menu_order":0,"comment_status":"open","ping_status":"closed","template":"","meta":[],"product_brand":[],"product_cat":[102],"product_tag":[],"class_list":{"0":"post-11522","1":"product","2":"type-product","3":"status-publish","4":"has-post-thumbnail","6":"product_cat-fina-motorika","8":"first","9":"instock","10":"taxable","11":"shipping-taxable","12":"purchasable","13":"product-type-simple"},"jetpack_sharing_enabled":true,"_links":{"self":[{"href":"https:\/\/senzorika-varga.si\/en\/wp-json\/wp\/v2\/product\/11522","targetHints":{"allow":["GET"]}}],"collection":[{"href":"https:\/\/senzorika-varga.si\/en\/wp-json\/wp\/v2\/product"}],"about":[{"href":"https:\/\/senzorika-varga.si\/en\/wp-json\/wp\/v2\/types\/product"}],"replies":[{"embeddable":true,"href":"https:\/\/senzorika-varga.si\/en\/wp-json\/wp\/v2\/comments?post=11522"}],"version-history":[{"count":1,"href":"https:\/\/senzorika-varga.si\/en\/wp-json\/wp\/v2\/product\/11522\/revisions"}],"predecessor-version":[{"id":11523,"href":"https:\/\/senzorika-varga.si\/en\/wp-json\/wp\/v2\/product\/11522\/revisions\/11523"}],"wp:featuredmedia":[{"embeddable":true,"href":"https:\/\/senzorika-varga.si\/en\/wp-json\/wp\/v2\/media\/13231"}],"wp:attachment":[{"href":"https:\/\/senzorika-varga.si\/en\/wp-json\/wp\/v2\/media?parent=11522"}],"wp:term":[{"taxonomy":"product_brand","embeddable":true,"href":"https:\/\/senzorika-varga.si\/en\/wp-json\/wp\/v2\/product_brand?post=11522"},{"taxonomy":"product_cat","embeddable":true,"href":"https:\/\/senzorika-varga.si\/en\/wp-json\/wp\/v2\/product_cat?post=11522"},{"taxonomy":"product_tag","embeddable":true,"href":"https:\/\/senzorika-varga.si\/en\/wp-json\/wp\/v2\/product_tag?post=11522"}],"curies":[{"name":"wp","href":"https:\/\/api.w.org\/{rel}","templated":true}]}}