{"id":11518,"date":"2025-12-05T22:10:12","date_gmt":"2025-12-05T22:10:12","guid":{"rendered":"https:\/\/senzorika.ajvonidol.si\/?post_type=product&#038;p=11518"},"modified":"2025-12-27T19:48:17","modified_gmt":"2025-12-27T19:48:17","slug":"senzorna-podloga-z-blescicami","status":"publish","type":"product","link":"https:\/\/senzorika-varga.si\/en\/product\/senzorna-podloga-z-blescicami\/","title":{"rendered":"Senzorna podloga z ble\u0161\u010dicami"},"content":{"rendered":"<p>Lahka, mehka, okrogla tabla z vezeno povr\u0161ino z ble\u0161\u010dicami v dveh kontrastnih barvah. Ko z roko ali prstom potegnete po njeni povr\u0161ini, se ble\u0161\u010dice obrnejo in spremenijo barvo, da razkrijejo vzorec, ki ste ga ustvarili. To tablo lahko uporabljate za pisanje, risanje ali preprosto igranje z vzorci in barvami.<\/p>\n<p>dimenzije: \u015brednica 30 cm;<\/p>\n<p>material: ble\u0161\u010dice, tkanina Oxford poliester;<\/p>\n<p>starost: 3+<\/p>","protected":false},"excerpt":{"rendered":"<p>Lahka, mehka, okrogla tabla z vezeno povr\u0161ino z ble\u0161\u010dicami v dveh kontrastnih barvah. Ko z roko ali prstom potegnete po njeni povr\u0161ini, se ble\u0161\u010dice obrnejo in spremenijo barvo, da razkrijejo vzorec, ki ste ga ustvarili. To tablo lahko uporabljate za pisanje, risanje ali preprosto igranje z vzorci in barvami.<\/p>\n<p>dimenzije: \u015brednica 30 cm;<\/p>\n<p>material: ble\u0161\u010dice, tkanina Oxford poliester;<\/p>\n<p>starost: 3+<\/p>","protected":false},"featured_media":13223,"menu_order":0,"comment_status":"open","ping_status":"closed","template":"","meta":[],"product_brand":[],"product_cat":[102],"product_tag":[],"class_list":{"0":"post-11518","1":"product","2":"type-product","3":"status-publish","4":"has-post-thumbnail","6":"product_cat-fina-motorika","8":"first","9":"instock","10":"taxable","11":"shipping-taxable","12":"purchasable","13":"product-type-simple"},"jetpack_sharing_enabled":true,"_links":{"self":[{"href":"https:\/\/senzorika-varga.si\/en\/wp-json\/wp\/v2\/product\/11518","targetHints":{"allow":["GET"]}}],"collection":[{"href":"https:\/\/senzorika-varga.si\/en\/wp-json\/wp\/v2\/product"}],"about":[{"href":"https:\/\/senzorika-varga.si\/en\/wp-json\/wp\/v2\/types\/product"}],"replies":[{"embeddable":true,"href":"https:\/\/senzorika-varga.si\/en\/wp-json\/wp\/v2\/comments?post=11518"}],"version-history":[{"count":1,"href":"https:\/\/senzorika-varga.si\/en\/wp-json\/wp\/v2\/product\/11518\/revisions"}],"predecessor-version":[{"id":11519,"href":"https:\/\/senzorika-varga.si\/en\/wp-json\/wp\/v2\/product\/11518\/revisions\/11519"}],"wp:featuredmedia":[{"embeddable":true,"href":"https:\/\/senzorika-varga.si\/en\/wp-json\/wp\/v2\/media\/13223"}],"wp:attachment":[{"href":"https:\/\/senzorika-varga.si\/en\/wp-json\/wp\/v2\/media?parent=11518"}],"wp:term":[{"taxonomy":"product_brand","embeddable":true,"href":"https:\/\/senzorika-varga.si\/en\/wp-json\/wp\/v2\/product_brand?post=11518"},{"taxonomy":"product_cat","embeddable":true,"href":"https:\/\/senzorika-varga.si\/en\/wp-json\/wp\/v2\/product_cat?post=11518"},{"taxonomy":"product_tag","embeddable":true,"href":"https:\/\/senzorika-varga.si\/en\/wp-json\/wp\/v2\/product_tag?post=11518"}],"curies":[{"name":"wp","href":"https:\/\/api.w.org\/{rel}","templated":true}]}}