{"id":11490,"date":"2025-12-05T22:10:09","date_gmt":"2025-12-05T22:10:09","guid":{"rendered":"https:\/\/senzorika.ajvonidol.si\/?post_type=product&#038;p=11490"},"modified":"2025-12-27T19:48:01","modified_gmt":"2025-12-27T19:48:01","slug":"prirocne-kockaste-puzle-pikapolonica","status":"publish","type":"product","link":"https:\/\/senzorika-varga.si\/en\/product\/prirocne-kockaste-puzle-pikapolonica\/","title":{"rendered":"Priro\u010dne kockaste puzzle Pikapolonica"},"content":{"rendered":"<p>Videti je preprosto, a briljantne barve ter dobro bru\u0161eni robovi in \u200b\u200bvogali so ravno prav\u0161nji za mal\u010dke. Vsaka sestavljanka vsebuje 3-5 dvignjenih delov, ki so kot nala\u0161\u010d za majhne roke. Je odli\u010den uvod v barve, oblike, osnovne predmete in pomaga pri razvoju motori\u010dnih sposobnosti prstov.<\/p>\n<p>velikost: 15 x 15 x 1,8 cm<br \/>\nstarost: 18 mesecev +<\/p>","protected":false},"excerpt":{"rendered":"<p>Videti je preprosto, a briljantne barve ter dobro bru\u0161eni robovi in \u200b\u200bvogali so ravno prav\u0161nji za mal\u010dke. Vsaka sestavljanka vsebuje 3-5 dvignjenih delov, ki so kot nala\u0161\u010d za majhne roke. Je odli\u010den uvod v barve, oblike, osnovne predmete in pomaga pri razvoju motori\u010dnih sposobnosti prstov.<\/p>\n<p>velikost: 15 x 15 x 1,8 cm<br \/>\nstarost: 18 mesecev +<\/p>","protected":false},"featured_media":13209,"menu_order":0,"comment_status":"open","ping_status":"closed","template":"","meta":[],"product_brand":[],"product_cat":[110],"product_tag":[],"class_list":{"0":"post-11490","1":"product","2":"type-product","3":"status-publish","4":"has-post-thumbnail","6":"product_cat-puzle","8":"first","9":"instock","10":"taxable","11":"shipping-taxable","12":"purchasable","13":"product-type-simple"},"jetpack_sharing_enabled":true,"_links":{"self":[{"href":"https:\/\/senzorika-varga.si\/en\/wp-json\/wp\/v2\/product\/11490","targetHints":{"allow":["GET"]}}],"collection":[{"href":"https:\/\/senzorika-varga.si\/en\/wp-json\/wp\/v2\/product"}],"about":[{"href":"https:\/\/senzorika-varga.si\/en\/wp-json\/wp\/v2\/types\/product"}],"replies":[{"embeddable":true,"href":"https:\/\/senzorika-varga.si\/en\/wp-json\/wp\/v2\/comments?post=11490"}],"version-history":[{"count":2,"href":"https:\/\/senzorika-varga.si\/en\/wp-json\/wp\/v2\/product\/11490\/revisions"}],"predecessor-version":[{"id":13163,"href":"https:\/\/senzorika-varga.si\/en\/wp-json\/wp\/v2\/product\/11490\/revisions\/13163"}],"wp:featuredmedia":[{"embeddable":true,"href":"https:\/\/senzorika-varga.si\/en\/wp-json\/wp\/v2\/media\/13209"}],"wp:attachment":[{"href":"https:\/\/senzorika-varga.si\/en\/wp-json\/wp\/v2\/media?parent=11490"}],"wp:term":[{"taxonomy":"product_brand","embeddable":true,"href":"https:\/\/senzorika-varga.si\/en\/wp-json\/wp\/v2\/product_brand?post=11490"},{"taxonomy":"product_cat","embeddable":true,"href":"https:\/\/senzorika-varga.si\/en\/wp-json\/wp\/v2\/product_cat?post=11490"},{"taxonomy":"product_tag","embeddable":true,"href":"https:\/\/senzorika-varga.si\/en\/wp-json\/wp\/v2\/product_tag?post=11490"}],"curies":[{"name":"wp","href":"https:\/\/api.w.org\/{rel}","templated":true}]}}