{"id":11488,"date":"2025-12-05T22:10:09","date_gmt":"2025-12-05T22:10:09","guid":{"rendered":"https:\/\/senzorika.ajvonidol.si\/?post_type=product&#038;p=11488"},"modified":"2026-01-04T15:44:58","modified_gmt":"2026-01-04T15:44:58","slug":"puzle-promet","status":"publish","type":"product","link":"https:\/\/senzorika-varga.si\/en\/product\/puzle-promet\/","title":{"rendered":"Puzzle promet"},"content":{"rendered":"<p>Komplet tematskih sestavljank, ki prikazujejo prizore iz mestnega \u017eivljenja, kot so promet vozil, prehodi za pe\u0161ce in prometni znaki. Vsak del sestavljanke je skrbno zasnovan tako, da se enostavno sestavlja in ustvarja povezano sliko. Sestavljanje sestavljank razvija logi\u010dno razmi\u0161ljanje, koncentracijo in koordinacijo rok in o\u010di. Tema, povezana s cestnim prometom, uvaja osnovna na\u010dela gibanja v urbanih prostorih, zaradi \u010desar je komplet hkrati pou\u010den in zanimiv.<\/p>\n<p>Material: karton<\/p>\n<p>Dimenzije enega elementa: 15 x 13 cm<\/p>","protected":false},"excerpt":{"rendered":"<p>Komplet tematskih sestavljank, ki prikazujejo prizore iz mestnega \u017eivljenja, kot so promet vozil, prehodi za pe\u0161ce in prometni znaki. Vsak del sestavljanke je skrbno zasnovan tako, da se enostavno sestavlja in ustvarja povezano sliko. Sestavljanje sestavljank razvija logi\u010dno razmi\u0161ljanje, koncentracijo in koordinacijo rok in o\u010di. Tema, povezana s cestnim prometom, uvaja osnovna na\u010dela gibanja v urbanih prostorih, zaradi \u010desar je komplet hkrati pou\u010den in zanimiv.<\/p>\n<p>Material: karton<\/p>\n<p>Dimenzije enega elementa: 15 x 13 cm<\/p>","protected":false},"featured_media":13208,"menu_order":0,"comment_status":"open","ping_status":"closed","template":"","meta":[],"product_brand":[],"product_cat":[110],"product_tag":[],"class_list":{"0":"post-11488","1":"product","2":"type-product","3":"status-publish","4":"has-post-thumbnail","6":"product_cat-puzle","8":"first","9":"instock","10":"taxable","11":"shipping-taxable","12":"purchasable","13":"product-type-simple"},"jetpack_sharing_enabled":true,"_links":{"self":[{"href":"https:\/\/senzorika-varga.si\/en\/wp-json\/wp\/v2\/product\/11488","targetHints":{"allow":["GET"]}}],"collection":[{"href":"https:\/\/senzorika-varga.si\/en\/wp-json\/wp\/v2\/product"}],"about":[{"href":"https:\/\/senzorika-varga.si\/en\/wp-json\/wp\/v2\/types\/product"}],"replies":[{"embeddable":true,"href":"https:\/\/senzorika-varga.si\/en\/wp-json\/wp\/v2\/comments?post=11488"}],"version-history":[{"count":2,"href":"https:\/\/senzorika-varga.si\/en\/wp-json\/wp\/v2\/product\/11488\/revisions"}],"predecessor-version":[{"id":13162,"href":"https:\/\/senzorika-varga.si\/en\/wp-json\/wp\/v2\/product\/11488\/revisions\/13162"}],"wp:featuredmedia":[{"embeddable":true,"href":"https:\/\/senzorika-varga.si\/en\/wp-json\/wp\/v2\/media\/13208"}],"wp:attachment":[{"href":"https:\/\/senzorika-varga.si\/en\/wp-json\/wp\/v2\/media?parent=11488"}],"wp:term":[{"taxonomy":"product_brand","embeddable":true,"href":"https:\/\/senzorika-varga.si\/en\/wp-json\/wp\/v2\/product_brand?post=11488"},{"taxonomy":"product_cat","embeddable":true,"href":"https:\/\/senzorika-varga.si\/en\/wp-json\/wp\/v2\/product_cat?post=11488"},{"taxonomy":"product_tag","embeddable":true,"href":"https:\/\/senzorika-varga.si\/en\/wp-json\/wp\/v2\/product_tag?post=11488"}],"curies":[{"name":"wp","href":"https:\/\/api.w.org\/{rel}","templated":true}]}}