{"id":11486,"date":"2025-12-05T22:10:09","date_gmt":"2025-12-05T22:10:09","guid":{"rendered":"https:\/\/senzorika.ajvonidol.si\/?post_type=product&#038;p=11486"},"modified":"2025-12-27T19:48:01","modified_gmt":"2025-12-27T19:48:01","slug":"puzle-zivali-in-njihova-hrana","status":"publish","type":"product","link":"https:\/\/senzorika-varga.si\/en\/product\/puzle-zivali-in-njihova-hrana\/","title":{"rendered":"Puzzle \u017divali in njihova hrana"},"content":{"rendered":"<p>Komplet sestavljank za ustvarjanje 12 parov slik \u017eivali in njihove najljub\u0161e hrane.<br \/>\n24 elementov: 12 kosov s slikami \u017eivali, 12 kosov s hrano; dimenzije 21 x 4,5 x 19 cm; material: les; starost 18 mesecev+<\/p>","protected":false},"excerpt":{"rendered":"<p>Komplet sestavljank za ustvarjanje 12 parov slik \u017eivali in njihove najljub\u0161e hrane.<br \/>\n24 elementov: 12 kosov s slikami \u017eivali, 12 kosov s hrano; dimenzije 21 x 4,5 x 19 cm; material: les; starost 18 mesecev+<\/p>","protected":false},"featured_media":13207,"menu_order":0,"comment_status":"open","ping_status":"closed","template":"","meta":[],"product_brand":[],"product_cat":[110],"product_tag":[],"class_list":{"0":"post-11486","1":"product","2":"type-product","3":"status-publish","4":"has-post-thumbnail","6":"product_cat-puzle","8":"first","9":"instock","10":"taxable","11":"shipping-taxable","12":"purchasable","13":"product-type-simple"},"jetpack_sharing_enabled":true,"_links":{"self":[{"href":"https:\/\/senzorika-varga.si\/en\/wp-json\/wp\/v2\/product\/11486","targetHints":{"allow":["GET"]}}],"collection":[{"href":"https:\/\/senzorika-varga.si\/en\/wp-json\/wp\/v2\/product"}],"about":[{"href":"https:\/\/senzorika-varga.si\/en\/wp-json\/wp\/v2\/types\/product"}],"replies":[{"embeddable":true,"href":"https:\/\/senzorika-varga.si\/en\/wp-json\/wp\/v2\/comments?post=11486"}],"version-history":[{"count":2,"href":"https:\/\/senzorika-varga.si\/en\/wp-json\/wp\/v2\/product\/11486\/revisions"}],"predecessor-version":[{"id":13161,"href":"https:\/\/senzorika-varga.si\/en\/wp-json\/wp\/v2\/product\/11486\/revisions\/13161"}],"wp:featuredmedia":[{"embeddable":true,"href":"https:\/\/senzorika-varga.si\/en\/wp-json\/wp\/v2\/media\/13207"}],"wp:attachment":[{"href":"https:\/\/senzorika-varga.si\/en\/wp-json\/wp\/v2\/media?parent=11486"}],"wp:term":[{"taxonomy":"product_brand","embeddable":true,"href":"https:\/\/senzorika-varga.si\/en\/wp-json\/wp\/v2\/product_brand?post=11486"},{"taxonomy":"product_cat","embeddable":true,"href":"https:\/\/senzorika-varga.si\/en\/wp-json\/wp\/v2\/product_cat?post=11486"},{"taxonomy":"product_tag","embeddable":true,"href":"https:\/\/senzorika-varga.si\/en\/wp-json\/wp\/v2\/product_tag?post=11486"}],"curies":[{"name":"wp","href":"https:\/\/api.w.org\/{rel}","templated":true}]}}