{"id":11482,"date":"2025-12-05T22:10:09","date_gmt":"2025-12-05T22:10:09","guid":{"rendered":"https:\/\/senzorika.ajvonidol.si\/?post_type=product&#038;p=11482"},"modified":"2025-12-27T19:48:00","modified_gmt":"2025-12-27T19:48:00","slug":"puzle-stirje-letni-casi-zima","status":"publish","type":"product","link":"https:\/\/senzorika-varga.si\/en\/product\/puzle-stirje-letni-casi-zima\/","title":{"rendered":"Puzzle \u0160tirje letni \u010dasi Zima"},"content":{"rendered":"<p>24 prepletenih kosov za vsako sestavljanko z razli\u010dnimi letnimi temami, ki prikazujejo otroke, ki u\u017eivajo v razli\u010dnih letnih \u010dasih.<br \/>\n24 kosov, velikost: 30,5 x 1 x 22,5 cm<br \/>\nstarost: 3+<\/p>","protected":false},"excerpt":{"rendered":"<p>24 prepletenih kosov za vsako sestavljanko z razli\u010dnimi letnimi temami, ki prikazujejo otroke, ki u\u017eivajo v razli\u010dnih letnih \u010dasih.<br \/>\n24 kosov, velikost: 30,5 x 1 x 22,5 cm<br \/>\nstarost: 3+<\/p>","protected":false},"featured_media":13205,"menu_order":0,"comment_status":"open","ping_status":"closed","template":"","meta":[],"product_brand":[],"product_cat":[110],"product_tag":[],"class_list":{"0":"post-11482","1":"product","2":"type-product","3":"status-publish","4":"has-post-thumbnail","6":"product_cat-puzle","8":"first","9":"instock","10":"taxable","11":"shipping-taxable","12":"purchasable","13":"product-type-simple"},"jetpack_sharing_enabled":true,"_links":{"self":[{"href":"https:\/\/senzorika-varga.si\/en\/wp-json\/wp\/v2\/product\/11482","targetHints":{"allow":["GET"]}}],"collection":[{"href":"https:\/\/senzorika-varga.si\/en\/wp-json\/wp\/v2\/product"}],"about":[{"href":"https:\/\/senzorika-varga.si\/en\/wp-json\/wp\/v2\/types\/product"}],"replies":[{"embeddable":true,"href":"https:\/\/senzorika-varga.si\/en\/wp-json\/wp\/v2\/comments?post=11482"}],"version-history":[{"count":2,"href":"https:\/\/senzorika-varga.si\/en\/wp-json\/wp\/v2\/product\/11482\/revisions"}],"predecessor-version":[{"id":13159,"href":"https:\/\/senzorika-varga.si\/en\/wp-json\/wp\/v2\/product\/11482\/revisions\/13159"}],"wp:featuredmedia":[{"embeddable":true,"href":"https:\/\/senzorika-varga.si\/en\/wp-json\/wp\/v2\/media\/13205"}],"wp:attachment":[{"href":"https:\/\/senzorika-varga.si\/en\/wp-json\/wp\/v2\/media?parent=11482"}],"wp:term":[{"taxonomy":"product_brand","embeddable":true,"href":"https:\/\/senzorika-varga.si\/en\/wp-json\/wp\/v2\/product_brand?post=11482"},{"taxonomy":"product_cat","embeddable":true,"href":"https:\/\/senzorika-varga.si\/en\/wp-json\/wp\/v2\/product_cat?post=11482"},{"taxonomy":"product_tag","embeddable":true,"href":"https:\/\/senzorika-varga.si\/en\/wp-json\/wp\/v2\/product_tag?post=11482"}],"curies":[{"name":"wp","href":"https:\/\/api.w.org\/{rel}","templated":true}]}}