{"id":11464,"date":"2025-12-05T22:10:07","date_gmt":"2025-12-05T22:10:07","guid":{"rendered":"https:\/\/senzorika.ajvonidol.si\/?post_type=product&#038;p=11464"},"modified":"2025-12-27T19:47:26","modified_gmt":"2025-12-27T19:47:26","slug":"komplet-vezalk-vzdolz-vrvice","status":"publish","type":"product","link":"https:\/\/senzorika-varga.si\/en\/product\/komplet-vezalk-vzdolz-vrvice\/","title":{"rendered":"Komplet za vezanje vrvic"},"content":{"rendered":"<p>Komplet vsebuje plasti\u010dno oblikovalsko plo\u0161\u010do z re\u017eami za vstavljanje vezalk s posebnim pisalom. Re\u017ee so zasnovane tako, da blokirajo vezalko in prepre\u010dujejo njeno premikanje. Otroci lahko ustvarijo svoje lastne vzorce ali uporabijo prilo\u017eene kartice z vzorci.<br \/>\n47 elementov: 3 bele plo\u0161\u010de 28 x 1 x 19,5 cm; 3 modri peresa za luknjanje 11,5 x 0,5 cm; 40 vezalk (rde\u010da, zelena, rumena, temno modra, vijoli\u010dna); kartice z vzorci; material: plastika; starost 3+<\/p>","protected":false},"excerpt":{"rendered":"<p>Komplet vsebuje plasti\u010dno oblikovalsko plo\u0161\u010do z re\u017eami za vstavljanje vezalk s posebnim pisalom. Re\u017ee so zasnovane tako, da blokirajo vezalko in prepre\u010dujejo njeno premikanje. Otroci lahko ustvarijo svoje lastne vzorce ali uporabijo prilo\u017eene kartice z vzorci.<br \/>\n47 elementov: 3 bele plo\u0161\u010de 28 x 1 x 19,5 cm; 3 modri peresa za luknjanje 11,5 x 0,5 cm; 40 vezalk (rde\u010da, zelena, rumena, temno modra, vijoli\u010dna); kartice z vzorci; material: plastika; starost 3+<\/p>","protected":false},"featured_media":13199,"menu_order":0,"comment_status":"open","ping_status":"closed","template":"","meta":[],"product_brand":[],"product_cat":[102],"product_tag":[],"class_list":{"0":"post-11464","1":"product","2":"type-product","3":"status-publish","4":"has-post-thumbnail","6":"product_cat-fina-motorika","8":"first","9":"instock","10":"taxable","11":"shipping-taxable","12":"purchasable","13":"product-type-simple"},"jetpack_sharing_enabled":true,"_links":{"self":[{"href":"https:\/\/senzorika-varga.si\/en\/wp-json\/wp\/v2\/product\/11464","targetHints":{"allow":["GET"]}}],"collection":[{"href":"https:\/\/senzorika-varga.si\/en\/wp-json\/wp\/v2\/product"}],"about":[{"href":"https:\/\/senzorika-varga.si\/en\/wp-json\/wp\/v2\/types\/product"}],"replies":[{"embeddable":true,"href":"https:\/\/senzorika-varga.si\/en\/wp-json\/wp\/v2\/comments?post=11464"}],"version-history":[{"count":2,"href":"https:\/\/senzorika-varga.si\/en\/wp-json\/wp\/v2\/product\/11464\/revisions"}],"predecessor-version":[{"id":13153,"href":"https:\/\/senzorika-varga.si\/en\/wp-json\/wp\/v2\/product\/11464\/revisions\/13153"}],"wp:featuredmedia":[{"embeddable":true,"href":"https:\/\/senzorika-varga.si\/en\/wp-json\/wp\/v2\/media\/13199"}],"wp:attachment":[{"href":"https:\/\/senzorika-varga.si\/en\/wp-json\/wp\/v2\/media?parent=11464"}],"wp:term":[{"taxonomy":"product_brand","embeddable":true,"href":"https:\/\/senzorika-varga.si\/en\/wp-json\/wp\/v2\/product_brand?post=11464"},{"taxonomy":"product_cat","embeddable":true,"href":"https:\/\/senzorika-varga.si\/en\/wp-json\/wp\/v2\/product_cat?post=11464"},{"taxonomy":"product_tag","embeddable":true,"href":"https:\/\/senzorika-varga.si\/en\/wp-json\/wp\/v2\/product_tag?post=11464"}],"curies":[{"name":"wp","href":"https:\/\/api.w.org\/{rel}","templated":true}]}}