{"id":11454,"date":"2025-12-05T22:10:05","date_gmt":"2025-12-05T22:10:05","guid":{"rendered":"https:\/\/senzorika.ajvonidol.si\/?post_type=product&#038;p=11454"},"modified":"2025-12-27T19:47:25","modified_gmt":"2025-12-27T19:47:25","slug":"vezanje-sadja","status":"publish","type":"product","link":"https:\/\/senzorika-varga.si\/en\/product\/vezanje-sadja\/","title":{"rendered":"Vezanje sadja"},"content":{"rendered":"<p>Set za navijanje sadja je izobra\u017eevalni komplet, ki podpira razvoj fine motorike in koordinacije rok in o\u010di. Vklju\u010duje elemente v obliki sadja iz trpe\u017enega materiala, ki jih je treba s pomo\u010djo vrvice napeljati skozi ustrezne luknje. Barviti kosi spodbujajo igro, hkrati pa vadijo natan\u010dnost gibanja in koncentracijo. Komplet omogo\u010da tudi u\u010denje imen sadja, prepoznavanje barv in razvijanje ustvarjalnosti z ustvarjanjem razli\u010dnih kompozicij.<\/p>\n<p>Material: guma<\/p>\n<p>Dimenzije: 11 x 12 cm<\/p>","protected":false},"excerpt":{"rendered":"<p>Set za navijanje sadja je izobra\u017eevalni komplet, ki podpira razvoj fine motorike in koordinacije rok in o\u010di. Vklju\u010duje elemente v obliki sadja iz trpe\u017enega materiala, ki jih je treba s pomo\u010djo vrvice napeljati skozi ustrezne luknje. Barviti kosi spodbujajo igro, hkrati pa vadijo natan\u010dnost gibanja in koncentracijo. Komplet omogo\u010da tudi u\u010denje imen sadja, prepoznavanje barv in razvijanje ustvarjalnosti z ustvarjanjem razli\u010dnih kompozicij.<\/p>\n<p>Material: guma<\/p>\n<p>Dimenzije: 11 x 12 cm<\/p>","protected":false},"featured_media":13193,"menu_order":0,"comment_status":"open","ping_status":"closed","template":"","meta":[],"product_brand":[],"product_cat":[109],"product_tag":[],"class_list":{"0":"post-11454","1":"product","2":"type-product","3":"status-publish","4":"has-post-thumbnail","6":"product_cat-sortiranje","8":"first","9":"instock","10":"taxable","11":"shipping-taxable","12":"purchasable","13":"product-type-simple"},"jetpack_sharing_enabled":true,"_links":{"self":[{"href":"https:\/\/senzorika-varga.si\/en\/wp-json\/wp\/v2\/product\/11454","targetHints":{"allow":["GET"]}}],"collection":[{"href":"https:\/\/senzorika-varga.si\/en\/wp-json\/wp\/v2\/product"}],"about":[{"href":"https:\/\/senzorika-varga.si\/en\/wp-json\/wp\/v2\/types\/product"}],"replies":[{"embeddable":true,"href":"https:\/\/senzorika-varga.si\/en\/wp-json\/wp\/v2\/comments?post=11454"}],"version-history":[{"count":1,"href":"https:\/\/senzorika-varga.si\/en\/wp-json\/wp\/v2\/product\/11454\/revisions"}],"predecessor-version":[{"id":11455,"href":"https:\/\/senzorika-varga.si\/en\/wp-json\/wp\/v2\/product\/11454\/revisions\/11455"}],"wp:featuredmedia":[{"embeddable":true,"href":"https:\/\/senzorika-varga.si\/en\/wp-json\/wp\/v2\/media\/13193"}],"wp:attachment":[{"href":"https:\/\/senzorika-varga.si\/en\/wp-json\/wp\/v2\/media?parent=11454"}],"wp:term":[{"taxonomy":"product_brand","embeddable":true,"href":"https:\/\/senzorika-varga.si\/en\/wp-json\/wp\/v2\/product_brand?post=11454"},{"taxonomy":"product_cat","embeddable":true,"href":"https:\/\/senzorika-varga.si\/en\/wp-json\/wp\/v2\/product_cat?post=11454"},{"taxonomy":"product_tag","embeddable":true,"href":"https:\/\/senzorika-varga.si\/en\/wp-json\/wp\/v2\/product_tag?post=11454"}],"curies":[{"name":"wp","href":"https:\/\/api.w.org\/{rel}","templated":true}]}}