{"id":11446,"date":"2025-12-05T22:10:05","date_gmt":"2025-12-05T22:10:05","guid":{"rendered":"https:\/\/senzorika.ajvonidol.si\/?post_type=product&#038;p=11446"},"modified":"2025-12-27T19:47:22","modified_gmt":"2025-12-27T19:47:22","slug":"plosca-z-nitmi-komplet-za-vezanje","status":"publish","type":"product","link":"https:\/\/senzorika-varga.si\/en\/product\/plosca-z-nitmi-komplet-za-vezanje\/","title":{"rendered":"Plo\u0161\u010da z nitmi. Komplet za vezanje"},"content":{"rendered":"<p>8 plasti\u010dnih predmetov, V 12,5 cm v 4 barvah; 9 vrvic, D 50 cm v 3 barvah<\/p>","protected":false},"excerpt":{"rendered":"<p>8 plasti\u010dnih predmetov, V 12,5 cm v 4 barvah; 9 vrvic, D 50 cm v 3 barvah<\/p>","protected":false},"featured_media":13189,"menu_order":0,"comment_status":"open","ping_status":"closed","template":"","meta":[],"product_brand":[],"product_cat":[109],"product_tag":[],"class_list":{"0":"post-11446","1":"product","2":"type-product","3":"status-publish","4":"has-post-thumbnail","6":"product_cat-sortiranje","8":"first","9":"instock","10":"taxable","11":"shipping-taxable","12":"purchasable","13":"product-type-simple"},"jetpack_sharing_enabled":true,"_links":{"self":[{"href":"https:\/\/senzorika-varga.si\/en\/wp-json\/wp\/v2\/product\/11446","targetHints":{"allow":["GET"]}}],"collection":[{"href":"https:\/\/senzorika-varga.si\/en\/wp-json\/wp\/v2\/product"}],"about":[{"href":"https:\/\/senzorika-varga.si\/en\/wp-json\/wp\/v2\/types\/product"}],"replies":[{"embeddable":true,"href":"https:\/\/senzorika-varga.si\/en\/wp-json\/wp\/v2\/comments?post=11446"}],"version-history":[{"count":1,"href":"https:\/\/senzorika-varga.si\/en\/wp-json\/wp\/v2\/product\/11446\/revisions"}],"predecessor-version":[{"id":11447,"href":"https:\/\/senzorika-varga.si\/en\/wp-json\/wp\/v2\/product\/11446\/revisions\/11447"}],"wp:featuredmedia":[{"embeddable":true,"href":"https:\/\/senzorika-varga.si\/en\/wp-json\/wp\/v2\/media\/13189"}],"wp:attachment":[{"href":"https:\/\/senzorika-varga.si\/en\/wp-json\/wp\/v2\/media?parent=11446"}],"wp:term":[{"taxonomy":"product_brand","embeddable":true,"href":"https:\/\/senzorika-varga.si\/en\/wp-json\/wp\/v2\/product_brand?post=11446"},{"taxonomy":"product_cat","embeddable":true,"href":"https:\/\/senzorika-varga.si\/en\/wp-json\/wp\/v2\/product_cat?post=11446"},{"taxonomy":"product_tag","embeddable":true,"href":"https:\/\/senzorika-varga.si\/en\/wp-json\/wp\/v2\/product_tag?post=11446"}],"curies":[{"name":"wp","href":"https:\/\/api.w.org\/{rel}","templated":true}]}}