{"id":11440,"date":"2025-12-05T22:10:02","date_gmt":"2025-12-05T22:10:02","guid":{"rendered":"https:\/\/senzorika.ajvonidol.si\/?post_type=product&#038;p=11440"},"modified":"2025-12-27T19:47:22","modified_gmt":"2025-12-27T19:47:22","slug":"mavricni-vreteci-se-stolp","status":"publish","type":"product","link":"https:\/\/senzorika-varga.si\/en\/product\/mavricni-vreteci-se-stolp\/","title":{"rendered":"Mavri\u010dni vrte\u010di se stolp"},"content":{"rendered":"<p>Mavri\u010dni vrte\u010di se stolp je barvita igra\u010da, ki navdu\u0161uje s svojim privla\u010dnim videzom in funkcionalnostjo. Stolp je sestavljen iz ve\u010dbarvnih elementov v obliki zobnikov, ki jih je mogo\u010de namestiti na spiralno palico, kar omogo\u010da gladko vrtenje med spu\u0161\u010danjem. Igranje s stolpom izbolj\u0161uje fino motoriko, koordinacijo rok in o\u010di ter vizualno zaznavanje, hkrati pa podpira razvoj prepoznavanja barv in logi\u010dnega mi\u0161ljenja. Zaradi varne konstrukcije je primeren za najmlaj\u0161e uporabnike in ponuja veliko mo\u017enosti za ustvarjalno igro.<\/p>\n<p>Starost: 1+<\/p>\n<p>Material: plastika<\/p>\n<p>Dimenzije: vi\u0161ina: 41 cm, premer podno\u017eja: 15 cm<\/p>","protected":false},"excerpt":{"rendered":"<p>Mavri\u010dni vrte\u010di se stolp je barvita igra\u010da, ki navdu\u0161uje s svojim privla\u010dnim videzom in funkcionalnostjo. Stolp je sestavljen iz ve\u010dbarvnih elementov v obliki zobnikov, ki jih je mogo\u010de namestiti na spiralno palico, kar omogo\u010da gladko vrtenje med spu\u0161\u010danjem. Igranje s stolpom izbolj\u0161uje fino motoriko, koordinacijo rok in o\u010di ter vizualno zaznavanje, hkrati pa podpira razvoj prepoznavanja barv in logi\u010dnega mi\u0161ljenja. Zaradi varne konstrukcije je primeren za najmlaj\u0161e uporabnike in ponuja veliko mo\u017enosti za ustvarjalno igro.<\/p>\n<p>Starost: 1+<\/p>\n<p>Material: plastika<\/p>\n<p>Dimenzije: vi\u0161ina: 41 cm, premer podno\u017eja: 15 cm<\/p>","protected":false},"featured_media":13184,"menu_order":0,"comment_status":"open","ping_status":"closed","template":"","meta":[],"product_brand":[],"product_cat":[109],"product_tag":[],"class_list":{"0":"post-11440","1":"product","2":"type-product","3":"status-publish","4":"has-post-thumbnail","6":"product_cat-sortiranje","8":"first","9":"instock","10":"taxable","11":"shipping-taxable","12":"purchasable","13":"product-type-simple"},"jetpack_sharing_enabled":true,"_links":{"self":[{"href":"https:\/\/senzorika-varga.si\/en\/wp-json\/wp\/v2\/product\/11440","targetHints":{"allow":["GET"]}}],"collection":[{"href":"https:\/\/senzorika-varga.si\/en\/wp-json\/wp\/v2\/product"}],"about":[{"href":"https:\/\/senzorika-varga.si\/en\/wp-json\/wp\/v2\/types\/product"}],"replies":[{"embeddable":true,"href":"https:\/\/senzorika-varga.si\/en\/wp-json\/wp\/v2\/comments?post=11440"}],"version-history":[{"count":1,"href":"https:\/\/senzorika-varga.si\/en\/wp-json\/wp\/v2\/product\/11440\/revisions"}],"predecessor-version":[{"id":11441,"href":"https:\/\/senzorika-varga.si\/en\/wp-json\/wp\/v2\/product\/11440\/revisions\/11441"}],"wp:featuredmedia":[{"embeddable":true,"href":"https:\/\/senzorika-varga.si\/en\/wp-json\/wp\/v2\/media\/13184"}],"wp:attachment":[{"href":"https:\/\/senzorika-varga.si\/en\/wp-json\/wp\/v2\/media?parent=11440"}],"wp:term":[{"taxonomy":"product_brand","embeddable":true,"href":"https:\/\/senzorika-varga.si\/en\/wp-json\/wp\/v2\/product_brand?post=11440"},{"taxonomy":"product_cat","embeddable":true,"href":"https:\/\/senzorika-varga.si\/en\/wp-json\/wp\/v2\/product_cat?post=11440"},{"taxonomy":"product_tag","embeddable":true,"href":"https:\/\/senzorika-varga.si\/en\/wp-json\/wp\/v2\/product_tag?post=11440"}],"curies":[{"name":"wp","href":"https:\/\/api.w.org\/{rel}","templated":true}]}}