{"id":11430,"date":"2025-12-05T22:10:02","date_gmt":"2025-12-05T22:10:02","guid":{"rendered":"https:\/\/senzorika.ajvonidol.si\/?post_type=product&#038;p=11430"},"modified":"2025-12-27T19:47:18","modified_gmt":"2025-12-27T19:47:18","slug":"prozoren-abakus-za-razvrscanje-oblik","status":"publish","type":"product","link":"https:\/\/senzorika-varga.si\/en\/product\/prozoren-abakus-za-razvrscanje-oblik\/","title":{"rendered":"Prozoren abakus za razvr\u0161\u010danje oblik"},"content":{"rendered":"<p>Komplet figur z abakusom bo otroke popeljal v svet razvr\u0161\u010danja in prepoznavanja barv ter zna\u010dilnosti predmetov. Komplet je sestavljen iz elementov, ki se razlikujejo ne le po barvi, temve\u010d tudi po obliki. Igra bo urila koordinacijo rok in o\u010di, fino motoriko in izbolj\u0161ala logi\u010dno mi\u0161ljenje. dimenzije celotnega kompleta: 30 x 8 x 18 cm; vsebina: 50 figur (disk: dimenzija 5 cm, debelina: 1 cm) v 5 barvah: rde\u010da, rumena, zelena, oran\u017ena, modra; 5 bucik v zeleni barvi, 1 podstavek v rumeni barvi; material: plastika; embala\u017ea: plasti\u010dna vre\u010dka; starost: 3+<\/p>","protected":false},"excerpt":{"rendered":"<p>Komplet figur z abakusom bo otroke popeljal v svet razvr\u0161\u010danja in prepoznavanja barv ter zna\u010dilnosti predmetov. Komplet je sestavljen iz elementov, ki se razlikujejo ne le po barvi, temve\u010d tudi po obliki. Igra bo urila koordinacijo rok in o\u010di, fino motoriko in izbolj\u0161ala logi\u010dno mi\u0161ljenje. dimenzije celotnega kompleta: 30 x 8 x 18 cm; vsebina: 50 figur (disk: dimenzija 5 cm, debelina: 1 cm) v 5 barvah: rde\u010da, rumena, zelena, oran\u017ena, modra; 5 bucik v zeleni barvi, 1 podstavek v rumeni barvi; material: plastika; embala\u017ea: plasti\u010dna vre\u010dka; starost: 3+<\/p>","protected":false},"featured_media":12961,"menu_order":0,"comment_status":"open","ping_status":"closed","template":"","meta":[],"product_brand":[],"product_cat":[109],"product_tag":[],"class_list":{"0":"post-11430","1":"product","2":"type-product","3":"status-publish","4":"has-post-thumbnail","6":"product_cat-sortiranje","8":"first","9":"instock","10":"taxable","11":"shipping-taxable","12":"purchasable","13":"product-type-simple"},"jetpack_sharing_enabled":true,"_links":{"self":[{"href":"https:\/\/senzorika-varga.si\/en\/wp-json\/wp\/v2\/product\/11430","targetHints":{"allow":["GET"]}}],"collection":[{"href":"https:\/\/senzorika-varga.si\/en\/wp-json\/wp\/v2\/product"}],"about":[{"href":"https:\/\/senzorika-varga.si\/en\/wp-json\/wp\/v2\/types\/product"}],"replies":[{"embeddable":true,"href":"https:\/\/senzorika-varga.si\/en\/wp-json\/wp\/v2\/comments?post=11430"}],"version-history":[{"count":1,"href":"https:\/\/senzorika-varga.si\/en\/wp-json\/wp\/v2\/product\/11430\/revisions"}],"predecessor-version":[{"id":11431,"href":"https:\/\/senzorika-varga.si\/en\/wp-json\/wp\/v2\/product\/11430\/revisions\/11431"}],"wp:featuredmedia":[{"embeddable":true,"href":"https:\/\/senzorika-varga.si\/en\/wp-json\/wp\/v2\/media\/12961"}],"wp:attachment":[{"href":"https:\/\/senzorika-varga.si\/en\/wp-json\/wp\/v2\/media?parent=11430"}],"wp:term":[{"taxonomy":"product_brand","embeddable":true,"href":"https:\/\/senzorika-varga.si\/en\/wp-json\/wp\/v2\/product_brand?post=11430"},{"taxonomy":"product_cat","embeddable":true,"href":"https:\/\/senzorika-varga.si\/en\/wp-json\/wp\/v2\/product_cat?post=11430"},{"taxonomy":"product_tag","embeddable":true,"href":"https:\/\/senzorika-varga.si\/en\/wp-json\/wp\/v2\/product_tag?post=11430"}],"curies":[{"name":"wp","href":"https:\/\/api.w.org\/{rel}","templated":true}]}}