{"id":11428,"date":"2025-12-05T22:10:02","date_gmt":"2025-12-05T22:10:02","guid":{"rendered":"https:\/\/senzorika.ajvonidol.si\/?post_type=product&#038;p=11428"},"modified":"2025-12-27T19:47:18","modified_gmt":"2025-12-27T19:47:18","slug":"lesena-sestavljanka-medved","status":"publish","type":"product","link":"https:\/\/senzorika-varga.si\/en\/product\/lesena-sestavljanka-medved\/","title":{"rendered":"Lesena piramida za zlaganje &#8211; medved"},"content":{"rendered":"<p>Klasi\u010dna lesena sestavljanka v obliki ljubkega stolpa z medvedkom. Zasnovana je s \u0161tirimi pisanimi in u\u010dinkovitimi obro\u010di ter ljubko medvedkovo glavo. Z razvr\u0161\u010danjem elementov sestavljanke se otroci nau\u010dijo organizirati predmete glede na njihovo velikost, izbolj\u0161ajo logi\u010dno razmi\u0161ljanje, spretnost in sposobnost prepoznavanja barv. Specifikacije izdelka: 6 kosov: podstavek s palico, 5 kock; dimenzije: 8,5 x 8,5 x 13,5 cm; material: les; starost: 1+<\/p>","protected":false},"excerpt":{"rendered":"<p>Klasi\u010dna lesena sestavljanka v obliki ljubkega stolpa z medvedkom. Zasnovana je s \u0161tirimi pisanimi in u\u010dinkovitimi obro\u010di ter ljubko medvedkovo glavo. Z razvr\u0161\u010danjem elementov sestavljanke se otroci nau\u010dijo organizirati predmete glede na njihovo velikost, izbolj\u0161ajo logi\u010dno razmi\u0161ljanje, spretnost in sposobnost prepoznavanja barv. Specifikacije izdelka: 6 kosov: podstavek s palico, 5 kock; dimenzije: 8,5 x 8,5 x 13,5 cm; material: les; starost: 1+<\/p>","protected":false},"featured_media":12959,"menu_order":0,"comment_status":"open","ping_status":"closed","template":"","meta":[],"product_brand":[],"product_cat":[109],"product_tag":[],"class_list":{"0":"post-11428","1":"product","2":"type-product","3":"status-publish","4":"has-post-thumbnail","6":"product_cat-sortiranje","8":"first","9":"instock","10":"taxable","11":"shipping-taxable","12":"purchasable","13":"product-type-simple"},"jetpack_sharing_enabled":true,"_links":{"self":[{"href":"https:\/\/senzorika-varga.si\/en\/wp-json\/wp\/v2\/product\/11428","targetHints":{"allow":["GET"]}}],"collection":[{"href":"https:\/\/senzorika-varga.si\/en\/wp-json\/wp\/v2\/product"}],"about":[{"href":"https:\/\/senzorika-varga.si\/en\/wp-json\/wp\/v2\/types\/product"}],"replies":[{"embeddable":true,"href":"https:\/\/senzorika-varga.si\/en\/wp-json\/wp\/v2\/comments?post=11428"}],"version-history":[{"count":2,"href":"https:\/\/senzorika-varga.si\/en\/wp-json\/wp\/v2\/product\/11428\/revisions"}],"predecessor-version":[{"id":13143,"href":"https:\/\/senzorika-varga.si\/en\/wp-json\/wp\/v2\/product\/11428\/revisions\/13143"}],"wp:featuredmedia":[{"embeddable":true,"href":"https:\/\/senzorika-varga.si\/en\/wp-json\/wp\/v2\/media\/12959"}],"wp:attachment":[{"href":"https:\/\/senzorika-varga.si\/en\/wp-json\/wp\/v2\/media?parent=11428"}],"wp:term":[{"taxonomy":"product_brand","embeddable":true,"href":"https:\/\/senzorika-varga.si\/en\/wp-json\/wp\/v2\/product_brand?post=11428"},{"taxonomy":"product_cat","embeddable":true,"href":"https:\/\/senzorika-varga.si\/en\/wp-json\/wp\/v2\/product_cat?post=11428"},{"taxonomy":"product_tag","embeddable":true,"href":"https:\/\/senzorika-varga.si\/en\/wp-json\/wp\/v2\/product_tag?post=11428"}],"curies":[{"name":"wp","href":"https:\/\/api.w.org\/{rel}","templated":true}]}}