{"id":11426,"date":"2025-12-05T22:10:02","date_gmt":"2025-12-05T22:10:02","guid":{"rendered":"https:\/\/senzorika.ajvonidol.si\/?post_type=product&#038;p=11426"},"modified":"2025-12-27T19:47:18","modified_gmt":"2025-12-27T19:47:18","slug":"zlaganje-mladicka","status":"publish","type":"product","link":"https:\/\/senzorika-varga.si\/en\/product\/zlaganje-mladicka\/","title":{"rendered":"Lesena piramida za zlaganje &#8211; ku\u017ea"},"content":{"rendered":"<p>Za dokon\u010danje sestavljanke morajo otroci zlo\u017eiti obro\u010de na drog v pravilnem vrstnem redu.<\/p>\n<p>Podstavek s drogom; 4 obro\u010di razli\u010dnih premerov, pasja glava.<\/p>\n<p>Premer podstavka: 8,2 cm, vi\u0161ina: 13,3 cm; material: les;<\/p>\n<p>starost: 2+<\/p>","protected":false},"excerpt":{"rendered":"<p>Za dokon\u010danje sestavljanke morajo otroci zlo\u017eiti obro\u010de na drog v pravilnem vrstnem redu.<\/p>\n<p>Podstavek s drogom; 4 obro\u010di razli\u010dnih premerov, pasja glava.<\/p>\n<p>Premer podstavka: 8,2 cm, vi\u0161ina: 13,3 cm; material: les;<\/p>\n<p>starost: 2+<\/p>","protected":false},"featured_media":12957,"menu_order":0,"comment_status":"open","ping_status":"closed","template":"","meta":[],"product_brand":[],"product_cat":[109],"product_tag":[],"class_list":{"0":"post-11426","1":"product","2":"type-product","3":"status-publish","4":"has-post-thumbnail","6":"product_cat-sortiranje","8":"first","9":"instock","10":"taxable","11":"shipping-taxable","12":"purchasable","13":"product-type-simple"},"jetpack_sharing_enabled":true,"_links":{"self":[{"href":"https:\/\/senzorika-varga.si\/en\/wp-json\/wp\/v2\/product\/11426","targetHints":{"allow":["GET"]}}],"collection":[{"href":"https:\/\/senzorika-varga.si\/en\/wp-json\/wp\/v2\/product"}],"about":[{"href":"https:\/\/senzorika-varga.si\/en\/wp-json\/wp\/v2\/types\/product"}],"replies":[{"embeddable":true,"href":"https:\/\/senzorika-varga.si\/en\/wp-json\/wp\/v2\/comments?post=11426"}],"version-history":[{"count":2,"href":"https:\/\/senzorika-varga.si\/en\/wp-json\/wp\/v2\/product\/11426\/revisions"}],"predecessor-version":[{"id":13142,"href":"https:\/\/senzorika-varga.si\/en\/wp-json\/wp\/v2\/product\/11426\/revisions\/13142"}],"wp:featuredmedia":[{"embeddable":true,"href":"https:\/\/senzorika-varga.si\/en\/wp-json\/wp\/v2\/media\/12957"}],"wp:attachment":[{"href":"https:\/\/senzorika-varga.si\/en\/wp-json\/wp\/v2\/media?parent=11426"}],"wp:term":[{"taxonomy":"product_brand","embeddable":true,"href":"https:\/\/senzorika-varga.si\/en\/wp-json\/wp\/v2\/product_brand?post=11426"},{"taxonomy":"product_cat","embeddable":true,"href":"https:\/\/senzorika-varga.si\/en\/wp-json\/wp\/v2\/product_cat?post=11426"},{"taxonomy":"product_tag","embeddable":true,"href":"https:\/\/senzorika-varga.si\/en\/wp-json\/wp\/v2\/product_tag?post=11426"}],"curies":[{"name":"wp","href":"https:\/\/api.w.org\/{rel}","templated":true}]}}