{"id":11414,"date":"2025-12-05T22:09:59","date_gmt":"2025-12-05T22:09:59","guid":{"rendered":"https:\/\/senzorika.ajvonidol.si\/?post_type=product&#038;p=11414"},"modified":"2025-12-27T19:47:17","modified_gmt":"2025-12-27T19:47:17","slug":"slon-na-kolesih-sorter","status":"publish","type":"product","link":"https:\/\/senzorika-varga.si\/en\/product\/slon-na-kolesih-sorter\/","title":{"rendered":"Didakti\u010dni slon na kolesih s sortirnikom"},"content":{"rendered":"<p>Sortirnica v obliki slona za mal\u010dke (12 mesecev+). Spodbuja logi\u010dno razmi\u0161ljanje in u\u010di mal\u010dke prepoznavati razli\u010dne oblike in barve. Poleg tega spodbuja razvoj ro\u010dnih spretnosti. Sortirnica je opremljena z batom, ki ob pritisku premakne vse kocke v notranjosti. Igra\u010da je izdelana iz visokokakovostne plastike.<\/p>\n<p>Specifikacije izdelka:<\/p>\n<p>5 kock v 5 razli\u010dnih barvah: rumena, rde\u010da, modra, vijoli\u010dna, oran\u017ena<\/p>\n<p>Dimenzije \u0161katle: 24 x 17 x 16,5 cm<\/p>\n<p>Material: plastika<\/p>\n<p>Starost: 1+<\/p>","protected":false},"excerpt":{"rendered":"<p>Sortirnica v obliki slona za mal\u010dke (12 mesecev+). Spodbuja logi\u010dno razmi\u0161ljanje in u\u010di mal\u010dke prepoznavati razli\u010dne oblike in barve. Poleg tega spodbuja razvoj ro\u010dnih spretnosti. Sortirnica je opremljena z batom, ki ob pritisku premakne vse kocke v notranjosti. Igra\u010da je izdelana iz visokokakovostne plastike.<\/p>\n<p>Specifikacije izdelka:<\/p>\n<p>5 kock v 5 razli\u010dnih barvah: rumena, rde\u010da, modra, vijoli\u010dna, oran\u017ena<\/p>\n<p>Dimenzije \u0161katle: 24 x 17 x 16,5 cm<\/p>\n<p>Material: plastika<\/p>\n<p>Starost: 1+<\/p>","protected":false},"featured_media":12951,"menu_order":0,"comment_status":"open","ping_status":"closed","template":"","meta":[],"product_brand":[],"product_cat":[102],"product_tag":[],"class_list":{"0":"post-11414","1":"product","2":"type-product","3":"status-publish","4":"has-post-thumbnail","6":"product_cat-fina-motorika","8":"first","9":"instock","10":"taxable","11":"shipping-taxable","12":"purchasable","13":"product-type-simple"},"jetpack_sharing_enabled":true,"_links":{"self":[{"href":"https:\/\/senzorika-varga.si\/en\/wp-json\/wp\/v2\/product\/11414","targetHints":{"allow":["GET"]}}],"collection":[{"href":"https:\/\/senzorika-varga.si\/en\/wp-json\/wp\/v2\/product"}],"about":[{"href":"https:\/\/senzorika-varga.si\/en\/wp-json\/wp\/v2\/types\/product"}],"replies":[{"embeddable":true,"href":"https:\/\/senzorika-varga.si\/en\/wp-json\/wp\/v2\/comments?post=11414"}],"version-history":[{"count":2,"href":"https:\/\/senzorika-varga.si\/en\/wp-json\/wp\/v2\/product\/11414\/revisions"}],"predecessor-version":[{"id":13136,"href":"https:\/\/senzorika-varga.si\/en\/wp-json\/wp\/v2\/product\/11414\/revisions\/13136"}],"wp:featuredmedia":[{"embeddable":true,"href":"https:\/\/senzorika-varga.si\/en\/wp-json\/wp\/v2\/media\/12951"}],"wp:attachment":[{"href":"https:\/\/senzorika-varga.si\/en\/wp-json\/wp\/v2\/media?parent=11414"}],"wp:term":[{"taxonomy":"product_brand","embeddable":true,"href":"https:\/\/senzorika-varga.si\/en\/wp-json\/wp\/v2\/product_brand?post=11414"},{"taxonomy":"product_cat","embeddable":true,"href":"https:\/\/senzorika-varga.si\/en\/wp-json\/wp\/v2\/product_cat?post=11414"},{"taxonomy":"product_tag","embeddable":true,"href":"https:\/\/senzorika-varga.si\/en\/wp-json\/wp\/v2\/product_tag?post=11414"}],"curies":[{"name":"wp","href":"https:\/\/api.w.org\/{rel}","templated":true}]}}