{"id":11406,"date":"2025-12-05T22:09:59","date_gmt":"2025-12-05T22:09:59","guid":{"rendered":"https:\/\/senzorika.ajvonidol.si\/?post_type=product&#038;p=11406"},"modified":"2025-12-27T19:47:06","modified_gmt":"2025-12-27T19:47:06","slug":"sorter-s-kockami","status":"publish","type":"product","link":"https:\/\/senzorika-varga.si\/en\/product\/sorter-s-kockami\/","title":{"rendered":"Didakti\u010dni sortirnik s kockami"},"content":{"rendered":"<p>\u0160estkotni plasti\u010dni sortirnik, ki otrokom pomaga pri u\u010denju prepoznavanja osnovnih geometrijskih oblik.<\/p>\n<p>Specifikacije izdelka:<\/p>\n<p>16 kosov:<\/p>\n<p>15 razli\u010dno oblikovanih in pobarvanih kock<\/p>\n<p>Sortirnik: 14 x 14 x 14 cm<\/p>\n<p>Material: plastika<\/p>\n<p>Starost: 18 mesecev +<\/p>","protected":false},"excerpt":{"rendered":"<p>\u0160estkotni plasti\u010dni sortirnik, ki otrokom pomaga pri u\u010denju prepoznavanja osnovnih geometrijskih oblik.<\/p>\n<p>Specifikacije izdelka:<\/p>\n<p>16 kosov:<\/p>\n<p>15 razli\u010dno oblikovanih in pobarvanih kock<\/p>\n<p>Sortirnik: 14 x 14 x 14 cm<\/p>\n<p>Material: plastika<\/p>\n<p>Starost: 18 mesecev +<\/p>","protected":false},"featured_media":12947,"menu_order":0,"comment_status":"open","ping_status":"closed","template":"","meta":[],"product_brand":[],"product_cat":[102],"product_tag":[],"class_list":{"0":"post-11406","1":"product","2":"type-product","3":"status-publish","4":"has-post-thumbnail","6":"product_cat-fina-motorika","8":"first","9":"instock","10":"taxable","11":"shipping-taxable","12":"purchasable","13":"product-type-simple"},"jetpack_sharing_enabled":true,"_links":{"self":[{"href":"https:\/\/senzorika-varga.si\/en\/wp-json\/wp\/v2\/product\/11406","targetHints":{"allow":["GET"]}}],"collection":[{"href":"https:\/\/senzorika-varga.si\/en\/wp-json\/wp\/v2\/product"}],"about":[{"href":"https:\/\/senzorika-varga.si\/en\/wp-json\/wp\/v2\/types\/product"}],"replies":[{"embeddable":true,"href":"https:\/\/senzorika-varga.si\/en\/wp-json\/wp\/v2\/comments?post=11406"}],"version-history":[{"count":2,"href":"https:\/\/senzorika-varga.si\/en\/wp-json\/wp\/v2\/product\/11406\/revisions"}],"predecessor-version":[{"id":13133,"href":"https:\/\/senzorika-varga.si\/en\/wp-json\/wp\/v2\/product\/11406\/revisions\/13133"}],"wp:featuredmedia":[{"embeddable":true,"href":"https:\/\/senzorika-varga.si\/en\/wp-json\/wp\/v2\/media\/12947"}],"wp:attachment":[{"href":"https:\/\/senzorika-varga.si\/en\/wp-json\/wp\/v2\/media?parent=11406"}],"wp:term":[{"taxonomy":"product_brand","embeddable":true,"href":"https:\/\/senzorika-varga.si\/en\/wp-json\/wp\/v2\/product_brand?post=11406"},{"taxonomy":"product_cat","embeddable":true,"href":"https:\/\/senzorika-varga.si\/en\/wp-json\/wp\/v2\/product_cat?post=11406"},{"taxonomy":"product_tag","embeddable":true,"href":"https:\/\/senzorika-varga.si\/en\/wp-json\/wp\/v2\/product_tag?post=11406"}],"curies":[{"name":"wp","href":"https:\/\/api.w.org\/{rel}","templated":true}]}}