{"id":11402,"date":"2025-12-05T22:09:59","date_gmt":"2025-12-05T22:09:59","guid":{"rendered":"https:\/\/senzorika.ajvonidol.si\/?post_type=product&#038;p=11402"},"modified":"2025-12-27T19:47:06","modified_gmt":"2025-12-27T19:47:06","slug":"ocean-aktivnostna-miza","status":"publish","type":"product","link":"https:\/\/senzorika-varga.si\/en\/product\/ocean-aktivnostna-miza\/","title":{"rendered":"Ocean &#8211; Aktivnostna miza"},"content":{"rendered":"<p>Lesena miza za aktivnosti je opremljena z razli\u010dnimi elementi, kot so zobniki, drsniki, prostorski labirint in vrtljiv gumb, ki razvijajo finomotoriko, koordinacijo in logi\u010dno razmi\u0161ljanje. Poleg tega vgrajeni glasbila, kot so ksilofon, zvonec, boben in leseno strgalo, omogo\u010dajo raziskovanje zvokov in ritmov ter podpirajo slu\u0161ni in glasbeni razvoj. Izdelana je iz pisanih materialov, kot so les, tkanina in kovina, zato omogo\u010da senzori\u010dne vaje in u\u010denje barv.<\/p>\n<p>Dimenzije: 45 x 45 x 43,5 cm<\/p>\n<p>Starost: 18 mesecev+<\/p>","protected":false},"excerpt":{"rendered":"<p>Lesena miza za aktivnosti je opremljena z razli\u010dnimi elementi, kot so zobniki, drsniki, prostorski labirint in vrtljiv gumb, ki razvijajo finomotoriko, koordinacijo in logi\u010dno razmi\u0161ljanje. Poleg tega vgrajeni glasbila, kot so ksilofon, zvonec, boben in leseno strgalo, omogo\u010dajo raziskovanje zvokov in ritmov ter podpirajo slu\u0161ni in glasbeni razvoj. Izdelana je iz pisanih materialov, kot so les, tkanina in kovina, zato omogo\u010da senzori\u010dne vaje in u\u010denje barv.<\/p>\n<p>Dimenzije: 45 x 45 x 43,5 cm<\/p>\n<p>Starost: 18 mesecev+<\/p>","protected":false},"featured_media":12941,"menu_order":0,"comment_status":"open","ping_status":"closed","template":"","meta":[],"product_brand":[],"product_cat":[102],"product_tag":[],"class_list":{"0":"post-11402","1":"product","2":"type-product","3":"status-publish","4":"has-post-thumbnail","6":"product_cat-fina-motorika","8":"first","9":"instock","10":"taxable","11":"shipping-taxable","12":"purchasable","13":"product-type-simple"},"jetpack_sharing_enabled":true,"_links":{"self":[{"href":"https:\/\/senzorika-varga.si\/en\/wp-json\/wp\/v2\/product\/11402","targetHints":{"allow":["GET"]}}],"collection":[{"href":"https:\/\/senzorika-varga.si\/en\/wp-json\/wp\/v2\/product"}],"about":[{"href":"https:\/\/senzorika-varga.si\/en\/wp-json\/wp\/v2\/types\/product"}],"replies":[{"embeddable":true,"href":"https:\/\/senzorika-varga.si\/en\/wp-json\/wp\/v2\/comments?post=11402"}],"version-history":[{"count":1,"href":"https:\/\/senzorika-varga.si\/en\/wp-json\/wp\/v2\/product\/11402\/revisions"}],"predecessor-version":[{"id":11403,"href":"https:\/\/senzorika-varga.si\/en\/wp-json\/wp\/v2\/product\/11402\/revisions\/11403"}],"wp:featuredmedia":[{"embeddable":true,"href":"https:\/\/senzorika-varga.si\/en\/wp-json\/wp\/v2\/media\/12941"}],"wp:attachment":[{"href":"https:\/\/senzorika-varga.si\/en\/wp-json\/wp\/v2\/media?parent=11402"}],"wp:term":[{"taxonomy":"product_brand","embeddable":true,"href":"https:\/\/senzorika-varga.si\/en\/wp-json\/wp\/v2\/product_brand?post=11402"},{"taxonomy":"product_cat","embeddable":true,"href":"https:\/\/senzorika-varga.si\/en\/wp-json\/wp\/v2\/product_cat?post=11402"},{"taxonomy":"product_tag","embeddable":true,"href":"https:\/\/senzorika-varga.si\/en\/wp-json\/wp\/v2\/product_tag?post=11402"}],"curies":[{"name":"wp","href":"https:\/\/api.w.org\/{rel}","templated":true}]}}