{"id":11400,"date":"2025-12-05T22:09:58","date_gmt":"2025-12-05T22:09:58","guid":{"rendered":"https:\/\/senzorika.ajvonidol.si\/?post_type=product&#038;p=11400"},"modified":"2025-12-27T19:47:05","modified_gmt":"2025-12-27T19:47:05","slug":"kmetija-manipulativna-miza","status":"publish","type":"product","link":"https:\/\/senzorika-varga.si\/en\/product\/kmetija-manipulativna-miza\/","title":{"rendered":"Kmetija &#8211; Aktivnostna miza"},"content":{"rendered":"<p>Lesena miza, ki ponuja \u0161tevilne manipulativne dejavnosti s kme\u010dko tematiko. Na njej boste na\u0161li \u017eelezni\u0161ko progo z vlakom in vagonom, vrte\u010de se zobnike, razvr\u0161\u010devalnike oblik, glasbeno plo\u0161\u010do, ksilofon, sestavljanko oblik, sestavljanko z drogovi, kovinski zvonec in okna z majhnimi presene\u010denji.<\/p>\n<p>dim.: 45 x 45 x 42,2 cm;<\/p>\n<p>material: les;<\/p>\n<p>starost: 18 mesecev+<\/p>","protected":false},"excerpt":{"rendered":"<p>Lesena miza, ki ponuja \u0161tevilne manipulativne dejavnosti s kme\u010dko tematiko. Na njej boste na\u0161li \u017eelezni\u0161ko progo z vlakom in vagonom, vrte\u010de se zobnike, razvr\u0161\u010devalnike oblik, glasbeno plo\u0161\u010do, ksilofon, sestavljanko oblik, sestavljanko z drogovi, kovinski zvonec in okna z majhnimi presene\u010denji.<\/p>\n<p>dim.: 45 x 45 x 42,2 cm;<\/p>\n<p>material: les;<\/p>\n<p>starost: 18 mesecev+<\/p>","protected":false},"featured_media":12939,"menu_order":0,"comment_status":"open","ping_status":"closed","template":"","meta":[],"product_brand":[],"product_cat":[102],"product_tag":[],"class_list":{"0":"post-11400","1":"product","2":"type-product","3":"status-publish","4":"has-post-thumbnail","6":"product_cat-fina-motorika","8":"first","9":"instock","10":"taxable","11":"shipping-taxable","12":"purchasable","13":"product-type-simple"},"jetpack_sharing_enabled":true,"_links":{"self":[{"href":"https:\/\/senzorika-varga.si\/en\/wp-json\/wp\/v2\/product\/11400","targetHints":{"allow":["GET"]}}],"collection":[{"href":"https:\/\/senzorika-varga.si\/en\/wp-json\/wp\/v2\/product"}],"about":[{"href":"https:\/\/senzorika-varga.si\/en\/wp-json\/wp\/v2\/types\/product"}],"replies":[{"embeddable":true,"href":"https:\/\/senzorika-varga.si\/en\/wp-json\/wp\/v2\/comments?post=11400"}],"version-history":[{"count":2,"href":"https:\/\/senzorika-varga.si\/en\/wp-json\/wp\/v2\/product\/11400\/revisions"}],"predecessor-version":[{"id":13132,"href":"https:\/\/senzorika-varga.si\/en\/wp-json\/wp\/v2\/product\/11400\/revisions\/13132"}],"wp:featuredmedia":[{"embeddable":true,"href":"https:\/\/senzorika-varga.si\/en\/wp-json\/wp\/v2\/media\/12939"}],"wp:attachment":[{"href":"https:\/\/senzorika-varga.si\/en\/wp-json\/wp\/v2\/media?parent=11400"}],"wp:term":[{"taxonomy":"product_brand","embeddable":true,"href":"https:\/\/senzorika-varga.si\/en\/wp-json\/wp\/v2\/product_brand?post=11400"},{"taxonomy":"product_cat","embeddable":true,"href":"https:\/\/senzorika-varga.si\/en\/wp-json\/wp\/v2\/product_cat?post=11400"},{"taxonomy":"product_tag","embeddable":true,"href":"https:\/\/senzorika-varga.si\/en\/wp-json\/wp\/v2\/product_tag?post=11400"}],"curies":[{"name":"wp","href":"https:\/\/api.w.org\/{rel}","templated":true}]}}