{"id":11398,"date":"2025-12-05T22:09:58","date_gmt":"2025-12-05T22:09:58","guid":{"rendered":"https:\/\/senzorika.ajvonidol.si\/?post_type=product&#038;p=11398"},"modified":"2025-12-27T19:47:05","modified_gmt":"2025-12-27T19:47:05","slug":"gozd-na-mizi","status":"publish","type":"product","link":"https:\/\/senzorika-varga.si\/en\/product\/gozd-na-mizi\/","title":{"rendered":"Gozd na mizi"},"content":{"rendered":"<p>Komplet barvitih prostorskih labirintov na okrogli mizi. Premer plo\u0161\u010de 70 cm; vi\u0161ina mize 42 cm; skupna vi\u0161ina 92 \u200b\u200bcm.<\/p>","protected":false},"excerpt":{"rendered":"<p>Komplet barvitih prostorskih labirintov na okrogli mizi. Premer plo\u0161\u010de 70 cm; vi\u0161ina mize 42 cm; skupna vi\u0161ina 92 \u200b\u200bcm.<\/p>","protected":false},"featured_media":12938,"menu_order":0,"comment_status":"open","ping_status":"closed","template":"","meta":[],"product_brand":[],"product_cat":[102],"product_tag":[],"class_list":{"0":"post-11398","1":"product","2":"type-product","3":"status-publish","4":"has-post-thumbnail","6":"product_cat-fina-motorika","8":"first","9":"instock","10":"taxable","11":"shipping-taxable","12":"purchasable","13":"product-type-simple"},"jetpack_sharing_enabled":true,"_links":{"self":[{"href":"https:\/\/senzorika-varga.si\/en\/wp-json\/wp\/v2\/product\/11398","targetHints":{"allow":["GET"]}}],"collection":[{"href":"https:\/\/senzorika-varga.si\/en\/wp-json\/wp\/v2\/product"}],"about":[{"href":"https:\/\/senzorika-varga.si\/en\/wp-json\/wp\/v2\/types\/product"}],"replies":[{"embeddable":true,"href":"https:\/\/senzorika-varga.si\/en\/wp-json\/wp\/v2\/comments?post=11398"}],"version-history":[{"count":1,"href":"https:\/\/senzorika-varga.si\/en\/wp-json\/wp\/v2\/product\/11398\/revisions"}],"predecessor-version":[{"id":11399,"href":"https:\/\/senzorika-varga.si\/en\/wp-json\/wp\/v2\/product\/11398\/revisions\/11399"}],"wp:featuredmedia":[{"embeddable":true,"href":"https:\/\/senzorika-varga.si\/en\/wp-json\/wp\/v2\/media\/12938"}],"wp:attachment":[{"href":"https:\/\/senzorika-varga.si\/en\/wp-json\/wp\/v2\/media?parent=11398"}],"wp:term":[{"taxonomy":"product_brand","embeddable":true,"href":"https:\/\/senzorika-varga.si\/en\/wp-json\/wp\/v2\/product_brand?post=11398"},{"taxonomy":"product_cat","embeddable":true,"href":"https:\/\/senzorika-varga.si\/en\/wp-json\/wp\/v2\/product_cat?post=11398"},{"taxonomy":"product_tag","embeddable":true,"href":"https:\/\/senzorika-varga.si\/en\/wp-json\/wp\/v2\/product_tag?post=11398"}],"curies":[{"name":"wp","href":"https:\/\/api.w.org\/{rel}","templated":true}]}}