{"id":11396,"date":"2025-12-05T22:09:57","date_gmt":"2025-12-05T22:09:57","guid":{"rendered":"https:\/\/senzorika.ajvonidol.si\/?post_type=product&#038;p=11396"},"modified":"2025-12-27T19:47:05","modified_gmt":"2025-12-27T19:47:05","slug":"zivali-lesena-manipulativna-miza","status":"publish","type":"product","link":"https:\/\/senzorika-varga.si\/en\/product\/zivali-lesena-manipulativna-miza\/","title":{"rendered":"\u017divali &#8211; Lesena manipulativna miza"},"content":{"rendered":"<p>Kratka miza, opremljena z razli\u010dnimi ro\u010dnimi in glasbenimi elementi: razvr\u0161\u010devalnik oblik, igra\u010da za zlaganje stolpa z \u017eeblji\u010dkom, premikajo\u010di se zobniki, labirint \u017divalska pot&#8221;, prostorski labirint, ksilofon, \u010dinele. Dodatni deli: 5 zlo\u017eljivih stolpnih kock, palica za igranje ksilofona in \u010dinel.<br \/>\nDimenzije: 29,5 x 29,5 x 22 cm<br \/>\nMaterial: les, kovina<br \/>\nStarost: 18 mesecev+<\/p>","protected":false},"excerpt":{"rendered":"<p>Kratka miza, opremljena z razli\u010dnimi ro\u010dnimi in glasbenimi elementi: razvr\u0161\u010devalnik oblik, igra\u010da za zlaganje stolpa z \u017eeblji\u010dkom, premikajo\u010di se zobniki, labirint \u017divalska pot&#8221;, prostorski labirint, ksilofon, \u010dinele. Dodatni deli: 5 zlo\u017eljivih stolpnih kock, palica za igranje ksilofona in \u010dinel.<br \/>\nDimenzije: 29,5 x 29,5 x 22 cm<br \/>\nMaterial: les, kovina<br \/>\nStarost: 18 mesecev+<\/p>","protected":false},"featured_media":12937,"menu_order":0,"comment_status":"open","ping_status":"closed","template":"","meta":[],"product_brand":[],"product_cat":[102],"product_tag":[],"class_list":{"0":"post-11396","1":"product","2":"type-product","3":"status-publish","4":"has-post-thumbnail","6":"product_cat-fina-motorika","8":"first","9":"instock","10":"taxable","11":"shipping-taxable","12":"purchasable","13":"product-type-simple"},"jetpack_sharing_enabled":true,"_links":{"self":[{"href":"https:\/\/senzorika-varga.si\/en\/wp-json\/wp\/v2\/product\/11396","targetHints":{"allow":["GET"]}}],"collection":[{"href":"https:\/\/senzorika-varga.si\/en\/wp-json\/wp\/v2\/product"}],"about":[{"href":"https:\/\/senzorika-varga.si\/en\/wp-json\/wp\/v2\/types\/product"}],"replies":[{"embeddable":true,"href":"https:\/\/senzorika-varga.si\/en\/wp-json\/wp\/v2\/comments?post=11396"}],"version-history":[{"count":1,"href":"https:\/\/senzorika-varga.si\/en\/wp-json\/wp\/v2\/product\/11396\/revisions"}],"predecessor-version":[{"id":11397,"href":"https:\/\/senzorika-varga.si\/en\/wp-json\/wp\/v2\/product\/11396\/revisions\/11397"}],"wp:featuredmedia":[{"embeddable":true,"href":"https:\/\/senzorika-varga.si\/en\/wp-json\/wp\/v2\/media\/12937"}],"wp:attachment":[{"href":"https:\/\/senzorika-varga.si\/en\/wp-json\/wp\/v2\/media?parent=11396"}],"wp:term":[{"taxonomy":"product_brand","embeddable":true,"href":"https:\/\/senzorika-varga.si\/en\/wp-json\/wp\/v2\/product_brand?post=11396"},{"taxonomy":"product_cat","embeddable":true,"href":"https:\/\/senzorika-varga.si\/en\/wp-json\/wp\/v2\/product_cat?post=11396"},{"taxonomy":"product_tag","embeddable":true,"href":"https:\/\/senzorika-varga.si\/en\/wp-json\/wp\/v2\/product_tag?post=11396"}],"curies":[{"name":"wp","href":"https:\/\/api.w.org\/{rel}","templated":true}]}}