{"id":11390,"date":"2025-12-05T22:09:57","date_gmt":"2025-12-05T22:09:57","guid":{"rendered":"https:\/\/senzorika.ajvonidol.si\/?post_type=product&#038;p=11390"},"modified":"2025-12-27T19:47:02","modified_gmt":"2025-12-27T19:47:02","slug":"mini-zicni-labirint-1","status":"publish","type":"product","link":"https:\/\/senzorika-varga.si\/en\/product\/mini-zicni-labirint-1\/","title":{"rendered":"Mini \u017ei\u010dni labirint 1"},"content":{"rendered":"<p>Ro\u010dna igra\u010da &#8211; 15 akrilnih perlic za drsenje otroka po kovinski tirnici; dimenzije: podstavek 9 x 1,8 cm, vi\u0161ina 12 &#8211; 13,3 cm; 15 perlic v pastelnih barvah;<\/p>","protected":false},"excerpt":{"rendered":"<p>Ro\u010dna igra\u010da &#8211; 15 akrilnih perlic za drsenje otroka po kovinski tirnici; dimenzije: podstavek 9 x 1,8 cm, vi\u0161ina 12 &#8211; 13,3 cm; 15 perlic v pastelnih barvah;<\/p>","protected":false},"featured_media":12931,"menu_order":0,"comment_status":"open","ping_status":"closed","template":"","meta":[],"product_brand":[],"product_cat":[102],"product_tag":[],"class_list":{"0":"post-11390","1":"product","2":"type-product","3":"status-publish","4":"has-post-thumbnail","6":"product_cat-fina-motorika","8":"first","9":"instock","10":"taxable","11":"shipping-taxable","12":"purchasable","13":"product-type-simple"},"jetpack_sharing_enabled":true,"_links":{"self":[{"href":"https:\/\/senzorika-varga.si\/en\/wp-json\/wp\/v2\/product\/11390","targetHints":{"allow":["GET"]}}],"collection":[{"href":"https:\/\/senzorika-varga.si\/en\/wp-json\/wp\/v2\/product"}],"about":[{"href":"https:\/\/senzorika-varga.si\/en\/wp-json\/wp\/v2\/types\/product"}],"replies":[{"embeddable":true,"href":"https:\/\/senzorika-varga.si\/en\/wp-json\/wp\/v2\/comments?post=11390"}],"version-history":[{"count":1,"href":"https:\/\/senzorika-varga.si\/en\/wp-json\/wp\/v2\/product\/11390\/revisions"}],"predecessor-version":[{"id":11391,"href":"https:\/\/senzorika-varga.si\/en\/wp-json\/wp\/v2\/product\/11390\/revisions\/11391"}],"wp:featuredmedia":[{"embeddable":true,"href":"https:\/\/senzorika-varga.si\/en\/wp-json\/wp\/v2\/media\/12931"}],"wp:attachment":[{"href":"https:\/\/senzorika-varga.si\/en\/wp-json\/wp\/v2\/media?parent=11390"}],"wp:term":[{"taxonomy":"product_brand","embeddable":true,"href":"https:\/\/senzorika-varga.si\/en\/wp-json\/wp\/v2\/product_brand?post=11390"},{"taxonomy":"product_cat","embeddable":true,"href":"https:\/\/senzorika-varga.si\/en\/wp-json\/wp\/v2\/product_cat?post=11390"},{"taxonomy":"product_tag","embeddable":true,"href":"https:\/\/senzorika-varga.si\/en\/wp-json\/wp\/v2\/product_tag?post=11390"}],"curies":[{"name":"wp","href":"https:\/\/api.w.org\/{rel}","templated":true}]}}