{"id":11386,"date":"2025-12-05T22:09:57","date_gmt":"2025-12-05T22:09:57","guid":{"rendered":"https:\/\/senzorika.ajvonidol.si\/?post_type=product&#038;p=11386"},"modified":"2025-12-27T19:47:02","modified_gmt":"2025-12-27T19:47:02","slug":"vesoljska-ladja-manipulativna-plosca","status":"publish","type":"product","link":"https:\/\/senzorika-varga.si\/en\/product\/vesoljska-ladja-manipulativna-plosca\/","title":{"rendered":"Vesoljska ladja &#8211; manipulativna plo\u0161\u010da"},"content":{"rendered":"<p>vrte\u010de se kolo z vesoljci, magnetna astronavtska \u010delada, abakus, labirint s planeti; zobniki; dimenzije: 29 x 23,5 x 6,4 cm; material: les, kovina; starost: 1+<\/p>","protected":false},"excerpt":{"rendered":"<p>vrte\u010de se kolo z vesoljci, magnetna astronavtska \u010delada, abakus, labirint s planeti; zobniki; dimenzije: 29 x 23,5 x 6,4 cm; material: les, kovina; starost: 1+<\/p>","protected":false},"featured_media":12920,"menu_order":0,"comment_status":"open","ping_status":"closed","template":"","meta":[],"product_brand":[],"product_cat":[102],"product_tag":[],"class_list":{"0":"post-11386","1":"product","2":"type-product","3":"status-publish","4":"has-post-thumbnail","6":"product_cat-fina-motorika","8":"first","9":"instock","10":"taxable","11":"shipping-taxable","12":"purchasable","13":"product-type-simple"},"jetpack_sharing_enabled":true,"_links":{"self":[{"href":"https:\/\/senzorika-varga.si\/en\/wp-json\/wp\/v2\/product\/11386","targetHints":{"allow":["GET"]}}],"collection":[{"href":"https:\/\/senzorika-varga.si\/en\/wp-json\/wp\/v2\/product"}],"about":[{"href":"https:\/\/senzorika-varga.si\/en\/wp-json\/wp\/v2\/types\/product"}],"replies":[{"embeddable":true,"href":"https:\/\/senzorika-varga.si\/en\/wp-json\/wp\/v2\/comments?post=11386"}],"version-history":[{"count":1,"href":"https:\/\/senzorika-varga.si\/en\/wp-json\/wp\/v2\/product\/11386\/revisions"}],"predecessor-version":[{"id":11387,"href":"https:\/\/senzorika-varga.si\/en\/wp-json\/wp\/v2\/product\/11386\/revisions\/11387"}],"wp:featuredmedia":[{"embeddable":true,"href":"https:\/\/senzorika-varga.si\/en\/wp-json\/wp\/v2\/media\/12920"}],"wp:attachment":[{"href":"https:\/\/senzorika-varga.si\/en\/wp-json\/wp\/v2\/media?parent=11386"}],"wp:term":[{"taxonomy":"product_brand","embeddable":true,"href":"https:\/\/senzorika-varga.si\/en\/wp-json\/wp\/v2\/product_brand?post=11386"},{"taxonomy":"product_cat","embeddable":true,"href":"https:\/\/senzorika-varga.si\/en\/wp-json\/wp\/v2\/product_cat?post=11386"},{"taxonomy":"product_tag","embeddable":true,"href":"https:\/\/senzorika-varga.si\/en\/wp-json\/wp\/v2\/product_tag?post=11386"}],"curies":[{"name":"wp","href":"https:\/\/api.w.org\/{rel}","templated":true}]}}