{"id":11380,"date":"2025-12-05T22:09:55","date_gmt":"2025-12-05T22:09:55","guid":{"rendered":"https:\/\/senzorika.ajvonidol.si\/?post_type=product&#038;p=11380"},"modified":"2025-12-27T19:47:01","modified_gmt":"2025-12-27T19:47:01","slug":"grafomotoricne-ploscice-ploscice","status":"publish","type":"product","link":"https:\/\/senzorika-varga.si\/en\/product\/grafomotoricne-ploscice-ploscice\/","title":{"rendered":"Grafomotori\u010dne plo\u0161\u010dice Plo\u0161\u010dice"},"content":{"rendered":"<p>Plo\u0161\u010dice z vzorci, ki spominjajo na pesek. Premikanje prsta po hrapavi \u010drti spodbuja ob\u010dutek dotika in izbolj\u0161uje vizualno-motori\u010dno koordinacijo. Otrok se u\u010di novih geometrijskih oblik in razvija koncentracijo. Vaja je primerna za obe roki. Vzorec, prekrit s smolo, je trpe\u017een in \u010dist (po potrebi ga lahko o\u010distite z vla\u017eno krpo). 10 MDF plo\u0161\u010dic. 15 x 15 cm. Debelina 1,2 cm.<\/p>","protected":false},"excerpt":{"rendered":"<p>Plo\u0161\u010dice z vzorci, ki spominjajo na pesek. Premikanje prsta po hrapavi \u010drti spodbuja ob\u010dutek dotika in izbolj\u0161uje vizualno-motori\u010dno koordinacijo. Otrok se u\u010di novih geometrijskih oblik in razvija koncentracijo. Vaja je primerna za obe roki. Vzorec, prekrit s smolo, je trpe\u017een in \u010dist (po potrebi ga lahko o\u010distite z vla\u017eno krpo). 10 MDF plo\u0161\u010dic. 15 x 15 cm. Debelina 1,2 cm.<\/p>","protected":false},"featured_media":12911,"menu_order":0,"comment_status":"open","ping_status":"closed","template":"","meta":[],"product_brand":[],"product_cat":[102],"product_tag":[],"class_list":{"0":"post-11380","1":"product","2":"type-product","3":"status-publish","4":"has-post-thumbnail","6":"product_cat-fina-motorika","8":"first","9":"instock","10":"taxable","11":"shipping-taxable","12":"purchasable","13":"product-type-simple"},"jetpack_sharing_enabled":true,"_links":{"self":[{"href":"https:\/\/senzorika-varga.si\/en\/wp-json\/wp\/v2\/product\/11380","targetHints":{"allow":["GET"]}}],"collection":[{"href":"https:\/\/senzorika-varga.si\/en\/wp-json\/wp\/v2\/product"}],"about":[{"href":"https:\/\/senzorika-varga.si\/en\/wp-json\/wp\/v2\/types\/product"}],"replies":[{"embeddable":true,"href":"https:\/\/senzorika-varga.si\/en\/wp-json\/wp\/v2\/comments?post=11380"}],"version-history":[{"count":2,"href":"https:\/\/senzorika-varga.si\/en\/wp-json\/wp\/v2\/product\/11380\/revisions"}],"predecessor-version":[{"id":13131,"href":"https:\/\/senzorika-varga.si\/en\/wp-json\/wp\/v2\/product\/11380\/revisions\/13131"}],"wp:featuredmedia":[{"embeddable":true,"href":"https:\/\/senzorika-varga.si\/en\/wp-json\/wp\/v2\/media\/12911"}],"wp:attachment":[{"href":"https:\/\/senzorika-varga.si\/en\/wp-json\/wp\/v2\/media?parent=11380"}],"wp:term":[{"taxonomy":"product_brand","embeddable":true,"href":"https:\/\/senzorika-varga.si\/en\/wp-json\/wp\/v2\/product_brand?post=11380"},{"taxonomy":"product_cat","embeddable":true,"href":"https:\/\/senzorika-varga.si\/en\/wp-json\/wp\/v2\/product_cat?post=11380"},{"taxonomy":"product_tag","embeddable":true,"href":"https:\/\/senzorika-varga.si\/en\/wp-json\/wp\/v2\/product_tag?post=11380"}],"curies":[{"name":"wp","href":"https:\/\/api.w.org\/{rel}","templated":true}]}}