{"id":11378,"date":"2025-12-05T22:09:55","date_gmt":"2025-12-05T22:09:55","guid":{"rendered":"https:\/\/senzorika.ajvonidol.si\/?post_type=product&#038;p=11378"},"modified":"2025-12-27T19:47:01","modified_gmt":"2025-12-27T19:47:01","slug":"magnetni-labirint-magnetna-manipulativna-tabla","status":"publish","type":"product","link":"https:\/\/senzorika-varga.si\/en\/product\/magnetni-labirint-magnetna-manipulativna-tabla\/","title":{"rendered":"Magnetna manipulativna tabla"},"content":{"rendered":"<p>Igranje z magnetnim labirintom je prava kombinacija u\u017eitka in uporabnosti. Premikanje kovinskih kroglic z magnetnimi markerji pomaga izbolj\u0161ati koordinacijo o\u010di in rok ter je zanimiva grafomotori\u010dna vaja, ki izbolj\u0161a delo rok. Premagovanje labirinta razvija prostorsko orientacijo in sposobnost razlikovanja smeri. Mo\u017enost dela z dvema markerjema hkrati se prevede v bolj\u0161o utrjevanje zavedanja telesa (njegove desne in leve strani) in odli\u010dno spodbuja periferni vid. Magnetni labirint z zanimivo igro odli\u010dno pripravi na za\u010detek zahtevne umetnosti pisanja. Prisotnost plasti\u010dnega okenca in nastavka za permanentni marker prepre\u010duje, da bi se elementi kompleta izgubili.<\/p>\n<p>Izdelano iz MDF-ja, laminiranega s pleksiglasom in magneti.<\/p>\n<p>2 leseni pisali<\/p>\n<p>Dimenzije: 40 x 40 cm<\/p>","protected":false},"excerpt":{"rendered":"<p>Igranje z magnetnim labirintom je prava kombinacija u\u017eitka in uporabnosti. Premikanje kovinskih kroglic z magnetnimi markerji pomaga izbolj\u0161ati koordinacijo o\u010di in rok ter je zanimiva grafomotori\u010dna vaja, ki izbolj\u0161a delo rok. Premagovanje labirinta razvija prostorsko orientacijo in sposobnost razlikovanja smeri. Mo\u017enost dela z dvema markerjema hkrati se prevede v bolj\u0161o utrjevanje zavedanja telesa (njegove desne in leve strani) in odli\u010dno spodbuja periferni vid. Magnetni labirint z zanimivo igro odli\u010dno pripravi na za\u010detek zahtevne umetnosti pisanja. Prisotnost plasti\u010dnega okenca in nastavka za permanentni marker prepre\u010duje, da bi se elementi kompleta izgubili.<\/p>\n<p>Izdelano iz MDF-ja, laminiranega s pleksiglasom in magneti.<\/p>\n<p>2 leseni pisali<\/p>\n<p>Dimenzije: 40 x 40 cm<\/p>","protected":false},"featured_media":12910,"menu_order":0,"comment_status":"open","ping_status":"closed","template":"","meta":[],"product_brand":[],"product_cat":[102],"product_tag":[],"class_list":{"0":"post-11378","1":"product","2":"type-product","3":"status-publish","4":"has-post-thumbnail","6":"product_cat-fina-motorika","8":"first","9":"instock","10":"taxable","11":"shipping-taxable","12":"purchasable","13":"product-type-simple"},"jetpack_sharing_enabled":true,"_links":{"self":[{"href":"https:\/\/senzorika-varga.si\/en\/wp-json\/wp\/v2\/product\/11378","targetHints":{"allow":["GET"]}}],"collection":[{"href":"https:\/\/senzorika-varga.si\/en\/wp-json\/wp\/v2\/product"}],"about":[{"href":"https:\/\/senzorika-varga.si\/en\/wp-json\/wp\/v2\/types\/product"}],"replies":[{"embeddable":true,"href":"https:\/\/senzorika-varga.si\/en\/wp-json\/wp\/v2\/comments?post=11378"}],"version-history":[{"count":2,"href":"https:\/\/senzorika-varga.si\/en\/wp-json\/wp\/v2\/product\/11378\/revisions"}],"predecessor-version":[{"id":13130,"href":"https:\/\/senzorika-varga.si\/en\/wp-json\/wp\/v2\/product\/11378\/revisions\/13130"}],"wp:featuredmedia":[{"embeddable":true,"href":"https:\/\/senzorika-varga.si\/en\/wp-json\/wp\/v2\/media\/12910"}],"wp:attachment":[{"href":"https:\/\/senzorika-varga.si\/en\/wp-json\/wp\/v2\/media?parent=11378"}],"wp:term":[{"taxonomy":"product_brand","embeddable":true,"href":"https:\/\/senzorika-varga.si\/en\/wp-json\/wp\/v2\/product_brand?post=11378"},{"taxonomy":"product_cat","embeddable":true,"href":"https:\/\/senzorika-varga.si\/en\/wp-json\/wp\/v2\/product_cat?post=11378"},{"taxonomy":"product_tag","embeddable":true,"href":"https:\/\/senzorika-varga.si\/en\/wp-json\/wp\/v2\/product_tag?post=11378"}],"curies":[{"name":"wp","href":"https:\/\/api.w.org\/{rel}","templated":true}]}}