{"id":11364,"date":"2025-12-05T22:09:53","date_gmt":"2025-12-05T22:09:53","guid":{"rendered":"https:\/\/senzorika.ajvonidol.si\/?post_type=product&#038;p=11364"},"modified":"2025-12-27T19:46:58","modified_gmt":"2025-12-27T19:46:58","slug":"magnetni-labirint-sov","status":"publish","type":"product","link":"https:\/\/senzorika-varga.si\/en\/product\/magnetni-labirint-sov\/","title":{"rendered":"Magnetni labirint sov"},"content":{"rendered":"<p>Lesena plo\u0161\u010da z barvitimi kroglicami se je premikala po labirintu pod prozornim plasti\u010dnim pokrovom s pomo\u010djo pal\u010dke z magnetno konico. Naloga je, da se kroglice postavijo na prava mesta glede na barvo. Plo\u0161\u010da 28 x 1,6 x 24 cm; materiali: les, akrilno steklo, magnet; starost 2+<\/p>","protected":false},"excerpt":{"rendered":"<p>Lesena plo\u0161\u010da z barvitimi kroglicami se je premikala po labirintu pod prozornim plasti\u010dnim pokrovom s pomo\u010djo pal\u010dke z magnetno konico. Naloga je, da se kroglice postavijo na prava mesta glede na barvo. Plo\u0161\u010da 28 x 1,6 x 24 cm; materiali: les, akrilno steklo, magnet; starost 2+<\/p>","protected":false},"featured_media":12903,"menu_order":0,"comment_status":"open","ping_status":"closed","template":"","meta":[],"product_brand":[],"product_cat":[102],"product_tag":[],"class_list":{"0":"post-11364","1":"product","2":"type-product","3":"status-publish","4":"has-post-thumbnail","6":"product_cat-fina-motorika","8":"first","9":"instock","10":"taxable","11":"shipping-taxable","12":"purchasable","13":"product-type-simple"},"jetpack_sharing_enabled":true,"_links":{"self":[{"href":"https:\/\/senzorika-varga.si\/en\/wp-json\/wp\/v2\/product\/11364","targetHints":{"allow":["GET"]}}],"collection":[{"href":"https:\/\/senzorika-varga.si\/en\/wp-json\/wp\/v2\/product"}],"about":[{"href":"https:\/\/senzorika-varga.si\/en\/wp-json\/wp\/v2\/types\/product"}],"replies":[{"embeddable":true,"href":"https:\/\/senzorika-varga.si\/en\/wp-json\/wp\/v2\/comments?post=11364"}],"version-history":[{"count":1,"href":"https:\/\/senzorika-varga.si\/en\/wp-json\/wp\/v2\/product\/11364\/revisions"}],"predecessor-version":[{"id":11365,"href":"https:\/\/senzorika-varga.si\/en\/wp-json\/wp\/v2\/product\/11364\/revisions\/11365"}],"wp:featuredmedia":[{"embeddable":true,"href":"https:\/\/senzorika-varga.si\/en\/wp-json\/wp\/v2\/media\/12903"}],"wp:attachment":[{"href":"https:\/\/senzorika-varga.si\/en\/wp-json\/wp\/v2\/media?parent=11364"}],"wp:term":[{"taxonomy":"product_brand","embeddable":true,"href":"https:\/\/senzorika-varga.si\/en\/wp-json\/wp\/v2\/product_brand?post=11364"},{"taxonomy":"product_cat","embeddable":true,"href":"https:\/\/senzorika-varga.si\/en\/wp-json\/wp\/v2\/product_cat?post=11364"},{"taxonomy":"product_tag","embeddable":true,"href":"https:\/\/senzorika-varga.si\/en\/wp-json\/wp\/v2\/product_tag?post=11364"}],"curies":[{"name":"wp","href":"https:\/\/api.w.org\/{rel}","templated":true}]}}